{"id":29,"date":"2021-04-30T23:09:27","date_gmt":"2021-04-30T21:09:27","guid":{"rendered":"https:\/\/festivalznanosti.uniri.hr\/?page_id=29"},"modified":"2021-04-30T23:09:27","modified_gmt":"2021-04-30T21:09:27","slug":"19-festival-znanosti-rijeka-2021","status":"publish","type":"page","link":"https:\/\/festivalznanosti.uniri.hr\/2021\/","title":{"rendered":"19. Festival znanosti, Rijeka 2021."},"content":{"rendered":"<div class=\"post-content\">\n<p><strong>Festival znanosti<\/strong>&nbsp;je manifestacija kojoj je cilj pribli\u017eiti znanost javnosti, odnosno informirati javnost o aktivnostima i rezultatima u podru\u010dju znanosti, pobolj\u0161ati javnu percepciju znanstvenika te motivirati mlade ljude za istra\u017eivanje i stjecanje novih znanja.<\/p>\n\n\n\n<p>Tema ovogodi\u0161njeg festivala je \u201c<strong>Kultura znanosti<\/strong>\u201d, koja je na nacionalnoj razini odre\u0111ena jo\u0161 pro\u0161le godine.&nbsp;<strong>19. Festival znanosti<\/strong>&nbsp;traje od&nbsp;<strong>10.5.2021<\/strong>&nbsp;pa sve do&nbsp;<strong>15.5.2021.<\/strong>.<\/p>\n\n\n\n<p>Nizom atraktivnih sadr\u017eaja na odabranu temu (javna popularna predavanja, radionice za osnovne i srednje \u0161kole, znanstveni kafi\u0107i, tribine, izlo\u017ebe, predstave) nastoji se prikazati znanost na popularan, veseo i svima razumljiv na\u010din.<\/p>\n\n\n\n<p>Zbog trenutne epidemiolo\u0161ke situacije dio festivalskih doga\u0111anja odvijat \u0107e se&nbsp;<a href=\"https:\/\/festivalznanosti.uniri.hr\/?tag=online\">online<\/a>. <\/p>\n\n\n\n<h4 class=\"wp-block-heading\">Organizator<\/h4>\n\n\n\n<p>Udruga Zlatni rez<\/p>\n\n\n\n<p>ULAZ je na sve manifestacije Festivala znanosti&nbsp;<strong>slobodan.<\/strong><\/p>\n\n\n\n<h4 class=\"wp-block-heading\">INFO\u0160TAND <\/h4>\n\n\n\n<p>Posjetite info\u0161tand Festivala znanosti na Korzu 5. \u2013 14. svibnja 2021. od 10:00 do 16:00 sati. i u subotu 15.05. od 10:00 do 14:00 sati<\/p>\n\n\n\n<hr class=\"wp-block-separator\" \/>\n\n\n\n<p class=\"has-text-align-center\"><strong>Uvijek dostupni doga\u0111aji<\/strong><\/p>\n\n\n<div class=\"em em-view-container\" id=\"em-view-1062909055\" data-view=\"list\">\r\n\t<div class=\"em pixelbones em-list em-events-list\" id=\"em-events-list-1062909055\" data-view-id=\"1062909055\">\r\n\tBroj Doga\u0111aji\t<\/div>\r\n<\/div>\n<\/div>","protected":false},"excerpt":{"rendered":"<p>Festival znanosti&nbsp;je manifestacija kojoj je cilj pribli\u017eiti znanost javnosti, odnosno<a href=\"https:\/\/festivalznanosti.uniri.hr\/2021\/\" class=\"gutenlearn-readmore\">Read More<i class=\"fa fa-long-arrow-right\" aria-hidden=\"true\"><\/i><\/a><\/p>\n","protected":false},"author":1,"featured_media":0,"parent":0,"menu_order":0,"comment_status":"closed","ping_status":"closed","template":"","meta":{"_monsterinsights_skip_tracking":false,"_monsterinsights_sitenote_active":false,"_monsterinsights_sitenote_note":"","_monsterinsights_sitenote_category":0,"_themeisle_gutenberg_block_has_review":false,"footnotes":""},"yoast_head":"<!-- This site is optimized with the Yoast SEO plugin v20.5 - https:\/\/yoast.com\/wordpress\/plugins\/seo\/ -->\n<title>Festival Znanosti, Rijeka 2021 Znanost dostupna svima<\/title>\n<meta name=\"robots\" content=\"index, follow, max-snippet:-1, max-image-preview:large, max-video-preview:-1\" \/>\n<link rel=\"canonical\" href=\"https:\/\/festivalznanosti.uniri.hr\/2021\/\" \/>\n<meta property=\"og:locale\" content=\"hr_HR\" \/>\n<meta property=\"og:type\" content=\"article\" \/>\n<meta property=\"og:title\" content=\"Festival Znanosti, Rijeka 2021 Znanost dostupna svima\" \/>\n<meta property=\"og:description\" content=\"Festival znanosti&nbsp;je manifestacija kojoj je cilj pribli\u017eiti znanost javnosti, odnosnoRead More\" \/>\n<meta property=\"og:url\" content=\"https:\/\/festivalznanosti.uniri.hr\/2021\/\" \/>\n<meta property=\"og:site_name\" content=\"Festival Znanosti, Rijeka 2021\" \/>\n<meta name=\"twitter:card\" content=\"summary_large_image\" \/>\n<meta name=\"twitter:label1\" content=\"Procijenjeno vrijeme \u010ditanja\" \/>\n\t<meta name=\"twitter:data1\" content=\"1 minuta\" \/>\n<script type=\"application\/ld+json\" class=\"yoast-schema-graph\">{\"@context\":\"https:\/\/schema.org\",\"@graph\":[{\"@type\":\"WebPage\",\"@id\":\"https:\/\/festivalznanosti.uniri.hr\/2021\/\",\"url\":\"https:\/\/festivalznanosti.uniri.hr\/2021\/\",\"name\":\"Festival Znanosti, Rijeka 2021 Znanost dostupna svima\",\"isPartOf\":{\"@id\":\"https:\/\/festivalznanosti.uniri.hr\/2021\/#website\"},\"datePublished\":\"2021-04-30T21:09:27+00:00\",\"dateModified\":\"2021-04-30T21:09:27+00:00\",\"breadcrumb\":{\"@id\":\"https:\/\/festivalznanosti.uniri.hr\/2021\/#breadcrumb\"},\"inLanguage\":\"hr\",\"potentialAction\":[{\"@type\":\"ReadAction\",\"target\":[\"https:\/\/festivalznanosti.uniri.hr\/2021\/\"]}]},{\"@type\":\"BreadcrumbList\",\"@id\":\"https:\/\/festivalznanosti.uniri.hr\/2021\/#breadcrumb\",\"itemListElement\":[{\"@type\":\"ListItem\",\"position\":1,\"name\":\"Home\",\"item\":\"https:\/\/festivalznanosti.uniri.hr\/2021\/\"},{\"@type\":\"ListItem\",\"position\":2,\"name\":\"19. Festival znanosti, Rijeka 2021.\"}]},{\"@type\":\"WebSite\",\"@id\":\"https:\/\/festivalznanosti.uniri.hr\/2021\/#website\",\"url\":\"https:\/\/festivalznanosti.uniri.hr\/2021\/\",\"name\":\"Festival Znanosti, Rijeka 2021\",\"description\":\"Znanost dostupna svima\",\"publisher\":{\"@id\":\"https:\/\/festivalznanosti.uniri.hr\/2021\/#organization\"},\"potentialAction\":[{\"@type\":\"SearchAction\",\"target\":{\"@type\":\"EntryPoint\",\"urlTemplate\":\"https:\/\/festivalznanosti.uniri.hr\/2021\/?s={search_term_string}\"},\"query-input\":\"required name=search_term_string\"}],\"inLanguage\":\"hr\"},{\"@type\":\"Organization\",\"@id\":\"https:\/\/festivalznanosti.uniri.hr\/2021\/#organization\",\"name\":\"Festival Znanosti\",\"url\":\"https:\/\/festivalznanosti.uniri.hr\/2021\/\",\"logo\":{\"@type\":\"ImageObject\",\"inLanguage\":\"hr\",\"@id\":\"https:\/\/festivalznanosti.uniri.hr\/2021\/#\/schema\/logo\/image\/\",\"url\":\"https:\/\/festivalznanosti.uniri.hr\/2021\/wp-content\/uploads\/sites\/3\/2022\/04\/FZ_22_web-scaled-e1651032346521.jpg\",\"contentUrl\":\"https:\/\/festivalznanosti.uniri.hr\/2021\/wp-content\/uploads\/sites\/3\/2022\/04\/FZ_22_web-scaled-e1651032346521.jpg\",\"width\":208,\"height\":213,\"caption\":\"Festival Znanosti\"},\"image\":{\"@id\":\"https:\/\/festivalznanosti.uniri.hr\/2021\/#\/schema\/logo\/image\/\"}}]}<\/script>\n<!-- \/ Yoast SEO plugin. -->","yoast_head_json":{"title":"Festival Znanosti, Rijeka 2021 Znanost dostupna svima","robots":{"index":"index","follow":"follow","max-snippet":"max-snippet:-1","max-image-preview":"max-image-preview:large","max-video-preview":"max-video-preview:-1"},"canonical":"https:\/\/festivalznanosti.uniri.hr\/2021\/","og_locale":"hr_HR","og_type":"article","og_title":"Festival Znanosti, Rijeka 2021 Znanost dostupna svima","og_description":"Festival znanosti&nbsp;je manifestacija kojoj je cilj pribli\u017eiti znanost javnosti, odnosnoRead More","og_url":"https:\/\/festivalznanosti.uniri.hr\/2021\/","og_site_name":"Festival Znanosti, Rijeka 2021","twitter_card":"summary_large_image","twitter_misc":{"Procijenjeno vrijeme \u010ditanja":"1 minuta"},"schema":{"@context":"https:\/\/schema.org","@graph":[{"@type":"WebPage","@id":"https:\/\/festivalznanosti.uniri.hr\/2021\/","url":"https:\/\/festivalznanosti.uniri.hr\/2021\/","name":"Festival Znanosti, Rijeka 2021 Znanost dostupna svima","isPartOf":{"@id":"https:\/\/festivalznanosti.uniri.hr\/2021\/#website"},"datePublished":"2021-04-30T21:09:27+00:00","dateModified":"2021-04-30T21:09:27+00:00","breadcrumb":{"@id":"https:\/\/festivalznanosti.uniri.hr\/2021\/#breadcrumb"},"inLanguage":"hr","potentialAction":[{"@type":"ReadAction","target":["https:\/\/festivalznanosti.uniri.hr\/2021\/"]}]},{"@type":"BreadcrumbList","@id":"https:\/\/festivalznanosti.uniri.hr\/2021\/#breadcrumb","itemListElement":[{"@type":"ListItem","position":1,"name":"Home","item":"https:\/\/festivalznanosti.uniri.hr\/2021\/"},{"@type":"ListItem","position":2,"name":"19. Festival znanosti, Rijeka 2021."}]},{"@type":"WebSite","@id":"https:\/\/festivalznanosti.uniri.hr\/2021\/#website","url":"https:\/\/festivalznanosti.uniri.hr\/2021\/","name":"Festival Znanosti, Rijeka 2021","description":"Znanost dostupna svima","publisher":{"@id":"https:\/\/festivalznanosti.uniri.hr\/2021\/#organization"},"potentialAction":[{"@type":"SearchAction","target":{"@type":"EntryPoint","urlTemplate":"https:\/\/festivalznanosti.uniri.hr\/2021\/?s={search_term_string}"},"query-input":"required name=search_term_string"}],"inLanguage":"hr"},{"@type":"Organization","@id":"https:\/\/festivalznanosti.uniri.hr\/2021\/#organization","name":"Festival Znanosti","url":"https:\/\/festivalznanosti.uniri.hr\/2021\/","logo":{"@type":"ImageObject","inLanguage":"hr","@id":"https:\/\/festivalznanosti.uniri.hr\/2021\/#\/schema\/logo\/image\/","url":"https:\/\/festivalznanosti.uniri.hr\/2021\/wp-content\/uploads\/sites\/3\/2022\/04\/FZ_22_web-scaled-e1651032346521.jpg","contentUrl":"https:\/\/festivalznanosti.uniri.hr\/2021\/wp-content\/uploads\/sites\/3\/2022\/04\/FZ_22_web-scaled-e1651032346521.jpg","width":208,"height":213,"caption":"Festival Znanosti"},"image":{"@id":"https:\/\/festivalznanosti.uniri.hr\/2021\/#\/schema\/logo\/image\/"}}]}},"_links":{"self":[{"href":"https:\/\/festivalznanosti.uniri.hr\/2021\/wp-json\/wp\/v2\/pages\/29"}],"collection":[{"href":"https:\/\/festivalznanosti.uniri.hr\/2021\/wp-json\/wp\/v2\/pages"}],"about":[{"href":"https:\/\/festivalznanosti.uniri.hr\/2021\/wp-json\/wp\/v2\/types\/page"}],"author":[{"embeddable":true,"href":"https:\/\/festivalznanosti.uniri.hr\/2021\/wp-json\/wp\/v2\/users\/1"}],"replies":[{"embeddable":true,"href":"https:\/\/festivalznanosti.uniri.hr\/2021\/wp-json\/wp\/v2\/comments?post=29"}],"version-history":[{"count":0,"href":"https:\/\/festivalznanosti.uniri.hr\/2021\/wp-json\/wp\/v2\/pages\/29\/revisions"}],"wp:attachment":[{"href":"https:\/\/festivalznanosti.uniri.hr\/2021\/wp-json\/wp\/v2\/media?parent=29"}],"curies":[{"name":"wp","href":"https:\/\/api.w.org\/{rel}","templated":true}]}}