{"id":364,"date":"2021-05-03T01:30:44","date_gmt":"2021-05-02T23:30:44","guid":{"rendered":"https:\/\/festivalznanosti.uniri.hr\/?page_id=364"},"modified":"2021-05-03T01:30:44","modified_gmt":"2021-05-02T23:30:44","slug":"u-medijima","status":"publish","type":"page","link":"https:\/\/festivalznanosti.uniri.hr\/2021\/u-medijima\/","title":{"rendered":"U Medijima"},"content":{"rendered":"<div class=\"post-content\">\n<figure class=\"wp-block-embed is-type-wp-embed is-provider-riportal wp-block-embed-riportal\"><div class=\"wp-block-embed__wrapper\">\nhttps:\/\/riportal.net.hr\/iduci-tjedan-pocinje-19-festival-znanosti-u-rijeci-ovogodisnja-tema-je-kulturna-znanost\/\n<\/div><\/figure>\n\n\n\n<figure class=\"wp-block-embed is-type-wp-embed is-provider-novi-list wp-block-embed-novi-list\"><div class=\"wp-block-embed__wrapper\">\n<blockquote class=\"wp-embedded-content\" data-secret=\"69XPGN6C5D\"><a href=\"https:\/\/www.novilist.hr\/rijeka-regija\/rijeka\/evo-sto-nas-sve-ceka-na-novom-izdanju-rijeckog-festivala-znanosti\/\">Evo \u0161to nas sve \u010deka na novom izdanju rije\u010dkog Festivala znanosti<\/a><\/blockquote><iframe class=\"wp-embedded-content\" sandbox=\"allow-scripts\" security=\"restricted\" style=\"position: absolute; clip: rect(1px, 1px, 1px, 1px);\" title=\"&#8220;Evo \u0161to nas sve \u010deka na novom izdanju rije\u010dkog Festivala znanosti&#8221; &#8212; Novi list\" src=\"https:\/\/www.novilist.hr\/rijeka-regija\/rijeka\/evo-sto-nas-sve-ceka-na-novom-izdanju-rijeckog-festivala-znanosti\/embed\/#?secret=69XPGN6C5D\" data-secret=\"69XPGN6C5D\" width=\"600\" height=\"338\" frameborder=\"0\" marginwidth=\"0\" marginheight=\"0\" scrolling=\"no\"><\/iframe>\n<\/div><\/figure>\n\n\n\n<figure class=\"wp-block-embed is-type-wp-embed is-provider-mojarijeka wp-block-embed-mojarijeka\"><div class=\"wp-block-embed__wrapper\">\n<blockquote class=\"wp-embedded-content\" data-secret=\"lDjTu5HYJh\"><a href=\"https:\/\/www.mojarijeka.hr\/ovogodisnji-festival-znanosti-u-rijeci-od-10-do-15-svibnja-mahom-u-online-formatu\/\">Ovogodi\u0161nji Festival znanosti u Rijeci od 10. do 15. svibnja, mahom u online formatu<\/a><\/blockquote><iframe class=\"wp-embedded-content\" sandbox=\"allow-scripts\" security=\"restricted\" style=\"position: absolute; clip: rect(1px, 1px, 1px, 1px);\" title=\"&#8220;Ovogodi\u0161nji Festival znanosti u Rijeci od 10. do 15. svibnja, mahom u online formatu&#8221; &#8212; MojaRijeka\" src=\"https:\/\/www.mojarijeka.hr\/ovogodisnji-festival-znanosti-u-rijeci-od-10-do-15-svibnja-mahom-u-online-formatu\/embed\/#?secret=lDjTu5HYJh\" data-secret=\"lDjTu5HYJh\" width=\"600\" height=\"338\" frameborder=\"0\" marginwidth=\"0\" marginheight=\"0\" scrolling=\"no\"><\/iframe>\n<\/div><\/figure>\n\n\n\n<figure class=\"wp-block-embed is-type-wp-embed is-provider-rijecka-stvarnost wp-block-embed-rijecka-stvarnost\"><div class=\"wp-block-embed__wrapper\">\n<blockquote class=\"wp-embedded-content\" data-secret=\"iGIXSN4y8Q\"><a href=\"https:\/\/rijecka.stvarnost.hr\/19-festival-znanosti-rijeka-2021\/\">19. Festival znanosti Rijeka 2021.<\/a><\/blockquote><iframe class=\"wp-embedded-content\" sandbox=\"allow-scripts\" security=\"restricted\" style=\"position: absolute; clip: rect(1px, 1px, 1px, 1px);\" title=\"&#8220;19. Festival znanosti Rijeka 2021.&#8221; &#8212; Rije\u010dka Stvarnost\" src=\"https:\/\/rijecka.stvarnost.hr\/19-festival-znanosti-rijeka-2021\/embed\/#?secret=iGIXSN4y8Q\" data-secret=\"iGIXSN4y8Q\" width=\"600\" height=\"338\" frameborder=\"0\" marginwidth=\"0\" marginheight=\"0\" scrolling=\"no\"><\/iframe>\n<\/div><\/figure>\n\n\n\n<figure class=\"wp-block-embed is-type-wp-embed is-provider-riportal wp-block-embed-riportal\"><div class=\"wp-block-embed__wrapper\">\nhttps:\/\/riportal.net.hr\/foto-u-rijeci-otvoren-19-festival-znanosti-pogledajte-sto-ce-se-i-kada-iducih-dana-odvijati-na-korzu\/\n<\/div><\/figure>\n\n\n\n<figure class=\"wp-block-embed is-type-wp-embed is-provider-uniri wp-block-embed-uniri\"><div class=\"wp-block-embed__wrapper\">\n<blockquote class=\"wp-embedded-content\" data-secret=\"1a8whodP6b\"><a href=\"https:\/\/uniri.hr\/vijesti\/otvoren-19-festival-znanosti-s-temom-kultura-znanosti\/\">Otvoren 19. Festival znanosti s temom &#8221;Kultura znanosti&#8221;<\/a><\/blockquote><iframe class=\"wp-embedded-content\" sandbox=\"allow-scripts\" security=\"restricted\" style=\"position: absolute; clip: rect(1px, 1px, 1px, 1px);\" title=\"&#8220;Otvoren 19. Festival znanosti s temom &#8221;Kultura znanosti&#8221;&#8221; &#8212; UNIRI\" src=\"https:\/\/uniri.hr\/vijesti\/otvoren-19-festival-znanosti-s-temom-kultura-znanosti\/embed\/#?secret=1a8whodP6b\" data-secret=\"1a8whodP6b\" width=\"600\" height=\"338\" frameborder=\"0\" marginwidth=\"0\" marginheight=\"0\" scrolling=\"no\"><\/iframe>\n<\/div><\/figure>\n\n\n\n<figure class=\"wp-block-embed is-type-wp-embed is-provider-novi-list wp-block-embed-novi-list\"><div class=\"wp-block-embed__wrapper\">\n<blockquote class=\"wp-embedded-content\" data-secret=\"GH7ZbNWkqw\"><a href=\"https:\/\/www.novilist.hr\/rijeka-regija\/rijeka\/na-korzu-poceo-19-festival-znanosti-rijecani-ce\/\">Na Korzu po\u010deo 19. Festival znanosti: Rije\u010dani \u0107e mo\u0107i gledati atraktivne pokuse i demonstracije<\/a><\/blockquote><iframe class=\"wp-embedded-content\" sandbox=\"allow-scripts\" security=\"restricted\" style=\"position: absolute; clip: rect(1px, 1px, 1px, 1px);\" title=\"&#8220;Na Korzu po\u010deo 19. Festival znanosti: Rije\u010dani \u0107e mo\u0107i gledati atraktivne pokuse i demonstracije&#8221; &#8212; Novi list\" src=\"https:\/\/www.novilist.hr\/rijeka-regija\/rijeka\/na-korzu-poceo-19-festival-znanosti-rijecani-ce\/embed\/#?secret=GH7ZbNWkqw\" data-secret=\"GH7ZbNWkqw\" width=\"600\" height=\"338\" frameborder=\"0\" marginwidth=\"0\" marginheight=\"0\" scrolling=\"no\"><\/iframe>\n<\/div><\/figure>\n\n\n\n<figure class=\"wp-block-embed is-type-wp-embed is-provider-grad-rijeka wp-block-embed-grad-rijeka\"><div class=\"wp-block-embed__wrapper\">\n<blockquote class=\"wp-embedded-content\" data-secret=\"on2aI1Q2RP\"><a href=\"https:\/\/www.rijeka.hr\/19-festival-znanosti-rijeka-2021\/\">19. Festival znanosti Rijeka 2021.<\/a><\/blockquote><iframe class=\"wp-embedded-content\" sandbox=\"allow-scripts\" security=\"restricted\" style=\"position: absolute; clip: rect(1px, 1px, 1px, 1px);\" title=\"&#8220;19. Festival znanosti Rijeka 2021.&#8221; &#8212; Grad Rijeka\" src=\"https:\/\/www.rijeka.hr\/19-festival-znanosti-rijeka-2021\/embed\/#?secret=on2aI1Q2RP\" data-secret=\"on2aI1Q2RP\" width=\"600\" height=\"338\" frameborder=\"0\" marginwidth=\"0\" marginheight=\"0\" scrolling=\"no\"><\/iframe>\n<\/div><\/figure>\n\n\n\n<figure class=\"wp-block-embed is-type-wp-embed is-provider-novi-list wp-block-embed-novi-list\"><div class=\"wp-block-embed__wrapper\">\n<blockquote class=\"wp-embedded-content\" data-secret=\"PJJeBXNtRb\"><a href=\"https:\/\/www.novilist.hr\/rijeka-regija\/rijeka\/na-korzu-poceo-19-festival-znanosti-rijecani-ce\/\">Na Korzu po\u010deo 19. Festival znanosti: Rije\u010dani \u0107e mo\u0107i gledati atraktivne pokuse i demonstracije<\/a><\/blockquote><iframe class=\"wp-embedded-content\" sandbox=\"allow-scripts\" security=\"restricted\" style=\"position: absolute; clip: rect(1px, 1px, 1px, 1px);\" title=\"&#8220;Na Korzu po\u010deo 19. Festival znanosti: Rije\u010dani \u0107e mo\u0107i gledati atraktivne pokuse i demonstracije&#8221; &#8212; Novi list\" src=\"https:\/\/www.novilist.hr\/rijeka-regija\/rijeka\/na-korzu-poceo-19-festival-znanosti-rijecani-ce\/embed\/#?secret=PJJeBXNtRb\" data-secret=\"PJJeBXNtRb\" width=\"600\" height=\"338\" frameborder=\"0\" marginwidth=\"0\" marginheight=\"0\" scrolling=\"no\"><\/iframe>\n<\/div><\/figure>\n\n\n\n<figure class=\"wp-block-embed is-type-wp-embed is-provider-grad-rijeka wp-block-embed-grad-rijeka\"><div class=\"wp-block-embed__wrapper\">\n<blockquote class=\"wp-embedded-content\" data-secret=\"SRKpni0rZE\"><a href=\"https:\/\/www.rijeka.hr\/otvoren-19-festival-znanosti-u-rijeci\/\">Otvoren 19. Festival znanosti u Rijeci<\/a><\/blockquote><iframe class=\"wp-embedded-content\" sandbox=\"allow-scripts\" security=\"restricted\" style=\"position: absolute; clip: rect(1px, 1px, 1px, 1px);\" title=\"&#8220;Otvoren 19. Festival znanosti u Rijeci&#8221; &#8212; Grad Rijeka\" src=\"https:\/\/www.rijeka.hr\/otvoren-19-festival-znanosti-u-rijeci\/embed\/#?secret=SRKpni0rZE\" data-secret=\"SRKpni0rZE\" width=\"600\" height=\"338\" frameborder=\"0\" marginwidth=\"0\" marginheight=\"0\" scrolling=\"no\"><\/iframe>\n<\/div><\/figure>\n\n\n\n<figure class=\"wp-block-embed is-type-wp-embed is-provider-grad-rijeka wp-block-embed-grad-rijeka\"><div class=\"wp-block-embed__wrapper\">\n<blockquote class=\"wp-embedded-content\" data-secret=\"evY4VWoTFB\"><a href=\"https:\/\/www.rijeka.hr\/najava-festivala-znanosti-rijeka-2021\/\">Najava Festivala znanosti Rijeka 2021<\/a><\/blockquote><iframe class=\"wp-embedded-content\" sandbox=\"allow-scripts\" security=\"restricted\" style=\"position: absolute; clip: rect(1px, 1px, 1px, 1px);\" title=\"&#8220;Najava Festivala znanosti Rijeka 2021&#8221; &#8212; Grad Rijeka\" src=\"https:\/\/www.rijeka.hr\/najava-festivala-znanosti-rijeka-2021\/embed\/#?secret=evY4VWoTFB\" data-secret=\"evY4VWoTFB\" width=\"600\" height=\"338\" frameborder=\"0\" marginwidth=\"0\" marginheight=\"0\" scrolling=\"no\"><\/iframe>\n<\/div><\/figure>\n\n\n\n<figure class=\"wp-block-embed is-type-wp-embed is-provider-rijecka-stvarnost wp-block-embed-rijecka-stvarnost\"><div class=\"wp-block-embed__wrapper\">\n<blockquote class=\"wp-embedded-content\" data-secret=\"iGIXSN4y8Q\"><a href=\"https:\/\/rijecka.stvarnost.hr\/19-festival-znanosti-rijeka-2021\/\">19. Festival znanosti Rijeka 2021.<\/a><\/blockquote><iframe class=\"wp-embedded-content\" sandbox=\"allow-scripts\" security=\"restricted\" style=\"position: absolute; clip: rect(1px, 1px, 1px, 1px);\" title=\"&#8220;19. Festival znanosti Rijeka 2021.&#8221; &#8212; Rije\u010dka Stvarnost\" src=\"https:\/\/rijecka.stvarnost.hr\/19-festival-znanosti-rijeka-2021\/embed\/#?secret=iGIXSN4y8Q\" data-secret=\"iGIXSN4y8Q\" width=\"600\" height=\"338\" frameborder=\"0\" marginwidth=\"0\" marginheight=\"0\" scrolling=\"no\"><\/iframe>\n<\/div><\/figure>\n\n\n\n<figure class=\"wp-block-embed is-type-wp-embed is-provider-fiuman-hr wp-block-embed-fiuman-hr\"><div class=\"wp-block-embed__wrapper\">\n<blockquote class=\"wp-embedded-content\" data-secret=\"SmOu1CTVnF\"><a href=\"https:\/\/www.fiuman.hr\/otvoren-19-festival-znanosti-u-rijeci\/\">Otvoren 19. Festival znanosti u Rijeci<\/a><\/blockquote><iframe class=\"wp-embedded-content\" sandbox=\"allow-scripts\" security=\"restricted\" style=\"position: absolute; clip: rect(1px, 1px, 1px, 1px);\" title=\"&#8220;Otvoren 19. Festival znanosti u Rijeci&#8221; &#8212; Fiuman.hr\" src=\"https:\/\/www.fiuman.hr\/otvoren-19-festival-znanosti-u-rijeci\/embed\/#?secret=SmOu1CTVnF\" data-secret=\"SmOu1CTVnF\" width=\"600\" height=\"338\" frameborder=\"0\" marginwidth=\"0\" marginheight=\"0\" scrolling=\"no\"><\/iframe>\n<\/div><\/figure>\n\n\n\n<hr class=\"wp-block-separator\" \/>\n\n\n\n<h4 class=\"wp-block-heading\"><em><a href=\"https:\/\/radio.hrt.hr\/aod\/drag-mi-je-platon\/381197\/\" target=\"_blank\" rel=\"noreferrer noopener\">Emisija o aktualnostima iz znanosti i tehnologije, emitira se svake srijede od 16.05 do 16.30 .<\/a><\/em><\/h4>\n\n\n\n<div class=\"wp-block-image is-style-default\"><figure class=\"alignleft is-resized\"><a href=\"https:\/\/radio.hrt.hr\/aod\/drag-mi-je-platon\/381197\/\" target=\"_blank\" rel=\"noopener\"><img loading=\"lazy\" decoding=\"async\" src=\"https:\/\/festivalznanosti.uniri.hr\/wp-content\/uploads\/2021\/05\/Drag-mi-je-Platon.jpg\" alt=\"\" class=\"wp-image-840\" width=\"87\" height=\"44\" \/><\/a><\/figure><\/div>\n\n\n\n<div class=\"wp-block-column is-layout-flow wp-block-column-is-layout-flow\" style=\"flex-basis:100%\">\n<p><a href=\"https:\/\/radio.hrt.hr\/aod\/drag-mi-je-platon\/381197\/\" target=\"_blank\" rel=\"noreferrer noopener\">Vi\u0161e no ikada znanost treba kulturu u dijalogu s javno\u0161\u0107u i to je glavna tema Festivala znanosti kojega najavljujemo u emisiji o znanosti Drag mi je Platon. Dr. Sandi Orli\u0107 govori o mikrobakterijama koje mogu biti markeri one\u010di\u0161\u0107enja mora, a osvr\u0107emo se i na rekordno pribli\u017eavanje istra\u017eiva\u010dke sonde Suncu. Urednica: Blanka Jergovi\u0107<\/a><\/p>\n<\/div>\n\n\n\n<hr class=\"wp-block-separator\" \/>\n\n\n\n<ul><li><a href=\"https:\/\/radio.hrt.hr\/radio-rijeka\/clanak\/otvoren-festival-znanosti-bogati-program-besplatan-za-sve-zeljne-znanja\/263475\/\" target=\"_blank\" rel=\"noreferrer noopener\">Radio Rijeka: Otvoren Festival znanosti: bogati program besplatan za sve \u017eeljne znanja!<\/a><\/li><li><a href=\"https:\/\/torpedo.media\/bogat-program-drugog-dana-19-festivala-znanosti-rijeka\/festival-znanosti-rijeka-program-2-dan\/\" target=\"_blank\" rel=\"noreferrer noopener\">Torpeno.media: Festival znanosti program 2. dan<\/a><\/li><li><a href=\"https:\/\/radio.hrt.hr\/radio-rijeka\/emisija\/klasa-optimist\/764\/\" target=\"_blank\" rel=\"noreferrer noopener\">Radio Rijeka, emisija Klasa optimist<\/a>&nbsp;<\/li><li><a href=\"https:\/\/www.culturenet.hr\/default.aspx?id=104135\" target=\"_blank\" rel=\"noreferrer noopener\">Culturenet: 19. rije\u010dki Festival znanosti<\/a> <\/li><li><a href=\"https:\/\/radio.hrt.hr\/radio-rijeka\/clanak\/otvoren-festival-znanosti-bogati-program-besplatan-za-sve-zeljne-znanja\/263475\/\" target=\"_blank\" rel=\"noreferrer noopener\">Radio Rijeka: Otvoren Festival znanosti: bogati program besplatan za sve \u017eeljne znanja!<\/a><\/li><li><a href=\"https:\/\/radio.hrt.hr\/radio-rijeka\/clanak\/19-festival-znanosti-nesto-na-internetu-nesto-i-uzivo\/263377\/\" target=\"_blank\" rel=\"noreferrer noopener\">Radio Rijeka: 19. Festival znanosti &#8211; ne\u0161to na internetu, ne\u0161to i u\u017eivo<\/a><\/li><li><a href=\"https:\/\/www.radio-roza.org\/program\" target=\"_blank\" rel=\"noreferrer noopener\">Radio Ro\u017ea  07.05.2021.<\/a><\/li><li><a href=\"https:\/\/radio.hrt.hr\/radio-rijeka\/raspored\/2021\/5\/5\/?fch=10\" target=\"_blank\" rel=\"noreferrer noopener\">Radio Rijeka 05.05.2021.<\/a><\/li><\/ul>\n\n\n\n<p><\/p>\n<\/div>","protected":false},"excerpt":{"rendered":"<p>Emisija o aktualnostima iz znanosti i tehnologije, emitira se svake<a href=\"https:\/\/festivalznanosti.uniri.hr\/2021\/u-medijima\/\" class=\"gutenlearn-readmore\">Read More<i class=\"fa fa-long-arrow-right\" aria-hidden=\"true\"><\/i><\/a><\/p>\n","protected":false},"author":1,"featured_media":0,"parent":0,"menu_order":0,"comment_status":"closed","ping_status":"closed","template":"","meta":{"_monsterinsights_skip_tracking":false,"_monsterinsights_sitenote_active":false,"_monsterinsights_sitenote_note":"","_monsterinsights_sitenote_category":0,"_themeisle_gutenberg_block_has_review":false,"footnotes":""},"yoast_head":"<!-- This site is optimized with the Yoast SEO plugin v20.5 - https:\/\/yoast.com\/wordpress\/plugins\/seo\/ -->\n<title>U Medijima - Festival Znanosti, Rijeka 2021<\/title>\n<meta name=\"robots\" content=\"index, follow, max-snippet:-1, max-image-preview:large, max-video-preview:-1\" \/>\n<link rel=\"canonical\" href=\"https:\/\/festivalznanosti.uniri.hr\/2021\/u-medijima\/\" \/>\n<meta property=\"og:locale\" content=\"hr_HR\" \/>\n<meta property=\"og:type\" content=\"article\" \/>\n<meta property=\"og:title\" content=\"U Medijima - Festival Znanosti, Rijeka 2021\" \/>\n<meta property=\"og:description\" content=\"Emisija o aktualnostima iz znanosti i tehnologije, emitira se svakeRead More\" \/>\n<meta property=\"og:url\" content=\"https:\/\/festivalznanosti.uniri.hr\/2021\/u-medijima\/\" \/>\n<meta property=\"og:site_name\" content=\"Festival Znanosti, Rijeka 2021\" \/>\n<meta property=\"og:image\" content=\"https:\/\/festivalznanosti.uniri.hr\/wp-content\/uploads\/2021\/05\/Drag-mi-je-Platon.jpg\" \/>\n<meta name=\"twitter:card\" content=\"summary_large_image\" \/>\n<meta name=\"twitter:label1\" content=\"Procijenjeno vrijeme \u010ditanja\" \/>\n\t<meta name=\"twitter:data1\" content=\"1 minuta\" \/>\n<script type=\"application\/ld+json\" class=\"yoast-schema-graph\">{\"@context\":\"https:\/\/schema.org\",\"@graph\":[{\"@type\":\"WebPage\",\"@id\":\"https:\/\/festivalznanosti.uniri.hr\/2021\/u-medijima\/\",\"url\":\"https:\/\/festivalznanosti.uniri.hr\/2021\/u-medijima\/\",\"name\":\"U Medijima - Festival Znanosti, Rijeka 2021\",\"isPartOf\":{\"@id\":\"https:\/\/festivalznanosti.uniri.hr\/2021\/#website\"},\"datePublished\":\"2021-05-02T23:30:44+00:00\",\"dateModified\":\"2021-05-02T23:30:44+00:00\",\"breadcrumb\":{\"@id\":\"https:\/\/festivalznanosti.uniri.hr\/2021\/u-medijima\/#breadcrumb\"},\"inLanguage\":\"hr\",\"potentialAction\":[{\"@type\":\"ReadAction\",\"target\":[\"https:\/\/festivalznanosti.uniri.hr\/2021\/u-medijima\/\"]}]},{\"@type\":\"BreadcrumbList\",\"@id\":\"https:\/\/festivalznanosti.uniri.hr\/2021\/u-medijima\/#breadcrumb\",\"itemListElement\":[{\"@type\":\"ListItem\",\"position\":1,\"name\":\"Home\",\"item\":\"https:\/\/festivalznanosti.uniri.hr\/2021\/\"},{\"@type\":\"ListItem\",\"position\":2,\"name\":\"U Medijima\"}]},{\"@type\":\"WebSite\",\"@id\":\"https:\/\/festivalznanosti.uniri.hr\/2021\/#website\",\"url\":\"https:\/\/festivalznanosti.uniri.hr\/2021\/\",\"name\":\"Festival Znanosti, Rijeka 2021\",\"description\":\"Znanost dostupna svima\",\"publisher\":{\"@id\":\"https:\/\/festivalznanosti.uniri.hr\/2021\/#organization\"},\"potentialAction\":[{\"@type\":\"SearchAction\",\"target\":{\"@type\":\"EntryPoint\",\"urlTemplate\":\"https:\/\/festivalznanosti.uniri.hr\/2021\/?s={search_term_string}\"},\"query-input\":\"required name=search_term_string\"}],\"inLanguage\":\"hr\"},{\"@type\":\"Organization\",\"@id\":\"https:\/\/festivalznanosti.uniri.hr\/2021\/#organization\",\"name\":\"Festival Znanosti\",\"url\":\"https:\/\/festivalznanosti.uniri.hr\/2021\/\",\"logo\":{\"@type\":\"ImageObject\",\"inLanguage\":\"hr\",\"@id\":\"https:\/\/festivalznanosti.uniri.hr\/2021\/#\/schema\/logo\/image\/\",\"url\":\"https:\/\/festivalznanosti.uniri.hr\/2021\/wp-content\/uploads\/sites\/3\/2022\/04\/FZ_22_web-scaled-e1651032346521.jpg\",\"contentUrl\":\"https:\/\/festivalznanosti.uniri.hr\/2021\/wp-content\/uploads\/sites\/3\/2022\/04\/FZ_22_web-scaled-e1651032346521.jpg\",\"width\":208,\"height\":213,\"caption\":\"Festival Znanosti\"},\"image\":{\"@id\":\"https:\/\/festivalznanosti.uniri.hr\/2021\/#\/schema\/logo\/image\/\"}}]}<\/script>\n<!-- \/ Yoast SEO plugin. -->","yoast_head_json":{"title":"U Medijima - Festival Znanosti, Rijeka 2021","robots":{"index":"index","follow":"follow","max-snippet":"max-snippet:-1","max-image-preview":"max-image-preview:large","max-video-preview":"max-video-preview:-1"},"canonical":"https:\/\/festivalznanosti.uniri.hr\/2021\/u-medijima\/","og_locale":"hr_HR","og_type":"article","og_title":"U Medijima - Festival Znanosti, Rijeka 2021","og_description":"Emisija o aktualnostima iz znanosti i tehnologije, emitira se svakeRead More","og_url":"https:\/\/festivalznanosti.uniri.hr\/2021\/u-medijima\/","og_site_name":"Festival Znanosti, Rijeka 2021","og_image":[{"url":"https:\/\/festivalznanosti.uniri.hr\/wp-content\/uploads\/2021\/05\/Drag-mi-je-Platon.jpg"}],"twitter_card":"summary_large_image","twitter_misc":{"Procijenjeno vrijeme \u010ditanja":"1 minuta"},"schema":{"@context":"https:\/\/schema.org","@graph":[{"@type":"WebPage","@id":"https:\/\/festivalznanosti.uniri.hr\/2021\/u-medijima\/","url":"https:\/\/festivalznanosti.uniri.hr\/2021\/u-medijima\/","name":"U Medijima - Festival Znanosti, Rijeka 2021","isPartOf":{"@id":"https:\/\/festivalznanosti.uniri.hr\/2021\/#website"},"datePublished":"2021-05-02T23:30:44+00:00","dateModified":"2021-05-02T23:30:44+00:00","breadcrumb":{"@id":"https:\/\/festivalznanosti.uniri.hr\/2021\/u-medijima\/#breadcrumb"},"inLanguage":"hr","potentialAction":[{"@type":"ReadAction","target":["https:\/\/festivalznanosti.uniri.hr\/2021\/u-medijima\/"]}]},{"@type":"BreadcrumbList","@id":"https:\/\/festivalznanosti.uniri.hr\/2021\/u-medijima\/#breadcrumb","itemListElement":[{"@type":"ListItem","position":1,"name":"Home","item":"https:\/\/festivalznanosti.uniri.hr\/2021\/"},{"@type":"ListItem","position":2,"name":"U Medijima"}]},{"@type":"WebSite","@id":"https:\/\/festivalznanosti.uniri.hr\/2021\/#website","url":"https:\/\/festivalznanosti.uniri.hr\/2021\/","name":"Festival Znanosti, Rijeka 2021","description":"Znanost dostupna svima","publisher":{"@id":"https:\/\/festivalznanosti.uniri.hr\/2021\/#organization"},"potentialAction":[{"@type":"SearchAction","target":{"@type":"EntryPoint","urlTemplate":"https:\/\/festivalznanosti.uniri.hr\/2021\/?s={search_term_string}"},"query-input":"required name=search_term_string"}],"inLanguage":"hr"},{"@type":"Organization","@id":"https:\/\/festivalznanosti.uniri.hr\/2021\/#organization","name":"Festival Znanosti","url":"https:\/\/festivalznanosti.uniri.hr\/2021\/","logo":{"@type":"ImageObject","inLanguage":"hr","@id":"https:\/\/festivalznanosti.uniri.hr\/2021\/#\/schema\/logo\/image\/","url":"https:\/\/festivalznanosti.uniri.hr\/2021\/wp-content\/uploads\/sites\/3\/2022\/04\/FZ_22_web-scaled-e1651032346521.jpg","contentUrl":"https:\/\/festivalznanosti.uniri.hr\/2021\/wp-content\/uploads\/sites\/3\/2022\/04\/FZ_22_web-scaled-e1651032346521.jpg","width":208,"height":213,"caption":"Festival Znanosti"},"image":{"@id":"https:\/\/festivalznanosti.uniri.hr\/2021\/#\/schema\/logo\/image\/"}}]}},"_links":{"self":[{"href":"https:\/\/festivalznanosti.uniri.hr\/2021\/wp-json\/wp\/v2\/pages\/364"}],"collection":[{"href":"https:\/\/festivalznanosti.uniri.hr\/2021\/wp-json\/wp\/v2\/pages"}],"about":[{"href":"https:\/\/festivalznanosti.uniri.hr\/2021\/wp-json\/wp\/v2\/types\/page"}],"author":[{"embeddable":true,"href":"https:\/\/festivalznanosti.uniri.hr\/2021\/wp-json\/wp\/v2\/users\/1"}],"replies":[{"embeddable":true,"href":"https:\/\/festivalznanosti.uniri.hr\/2021\/wp-json\/wp\/v2\/comments?post=364"}],"version-history":[{"count":0,"href":"https:\/\/festivalznanosti.uniri.hr\/2021\/wp-json\/wp\/v2\/pages\/364\/revisions"}],"wp:attachment":[{"href":"https:\/\/festivalznanosti.uniri.hr\/2021\/wp-json\/wp\/v2\/media?parent=364"}],"curies":[{"name":"wp","href":"https:\/\/api.w.org\/{rel}","templated":true}]}}