{"id":366,"date":"2021-05-03T01:32:59","date_gmt":"2021-05-02T23:32:59","guid":{"rendered":"https:\/\/festivalznanosti.uniri.hr\/?page_id=366"},"modified":"2021-05-03T01:32:59","modified_gmt":"2021-05-02T23:32:59","slug":"o-festivalu-znanosti-rijeka-2021","status":"publish","type":"page","link":"https:\/\/festivalznanosti.uniri.hr\/2021\/o-festivalu-znanosti-rijeka-2021\/","title":{"rendered":"O Festivalu znanosti"},"content":{"rendered":"<div class=\"post-content\">\n<h2 class=\"wp-block-heading\">19. FESTIVAL ZNANOSTI, RIJEKA 2021.<\/h2>\n\n\n\n<p><strong>Festival znanosti<\/strong>&nbsp;je manifestacija kojoj je cilj pribli\u017eiti znanost javnosti, odnosno informirati javnost o aktivnostima i rezultatima u podru\u010dju znanosti, pobolj\u0161ati javnu percepciju znanstvenika te motivirati mlade ljude za istra\u017eivanje i stjecanje novih znanja.<\/p>\n\n\n\n<p>Tema ovogodi\u0161njeg festivala je \u201c<strong>Kultura znanosti<\/strong>\u201d, koja je na nacionalnoj razini odre\u0111ena jo\u0161 pro\u0161le godine.&nbsp;<strong>Festival znanosti<\/strong>&nbsp;traje od&nbsp;<strong><a href=\"https:\/\/festivalznanosti.uniri.hr\/?page_id=44\">10.05.2021.<\/a><\/strong>&nbsp;pa sve do&nbsp;<strong><a href=\"https:\/\/festivalznanosti.uniri.hr\/?page_id=44\">15.05.2021.<\/a><\/strong>.<\/p>\n\n\n\n<p>Nizom atraktivnih sadr\u017eaja na odabranu temu (javna popularna predavanja, radionice za osnovne i srednje \u0161kole, znanstveni kafi\u0107i, tribine, izlo\u017ebe, predstave) nastoji se prikazati znanost na popularan, veseo i svima razumljiv na\u010din.<\/p>\n\n\n\n<p>Zbog trenutne epidemiolo\u0161ke situacije dio festivalskih doga\u0111anja odvijat \u0107e se&nbsp;<a href=\"https:\/\/festivalznanosti.uniri.hr\/?tag=online\">online<\/a>. <\/p>\n\n\n\n<p>Organizator: <a href=\"http:\/\/zlatnirez.hr\/o-nama\/\">Udruga Zlatni rez<\/a><\/p>\n\n\n\n<p><br>Suorganizatori: <a href=\"http:\/\/www.prirodoslovni.com\/web\/\">Prirodoslovni muzej Rijeka<\/a>, Akademsko astronomsko dru\u0161tvo \u2013 Rijeka, Dru\u0161tvo matemati\u010dara i fizi\u010dara, <a href=\"https:\/\/www.universitas.hr\/\">Udruga za razvoj visokoga \u0161kolstva<br>Universitas<\/a><\/p>\n\n\n\n<p><br>U Festival uklju\u010deni: Akademija primijenjenih umjetnosti Sveu\u010dili\u0161ta u Rijeci, Astronomski centar Rijeka, Centar tehni\u010dke kulture Rijeka, Centar za inovativne medije Sveu\u010dili\u0161ta u Rijeci, Centar za mikro- i nanoznanosti i tehnologije Sveu\u010dili\u0161ta u Rijeci, Ekonomski fakultet Sveu\u010dili\u0161ta u Rijeci, Filozofski fakultet Sveu\u010dili\u0161ta u Rijeci, Gradska knji\u017enica Rijeka, Gra\u0111evinski fakultet Sveu\u010dili\u0161ta u Rijeci, Medicinski fakultet Sveu\u010dili\u0161ta u Rijeci, Odjel gradske uprave za odgoj i \u0161kolstvo Grada Rijeke, Odjel za fiziku Sveu\u010dili\u0161ta u Rijeci, Odjel za informatiku Sveu\u010dili\u0161ta u Rijeci, Odjel za matematiku Sveu\u010dili\u0161ta u Rijeci, Osnovna \u0161kola Brajda Rijeka, Osnovna \u0161kola Eugen Kumi\u010di\u0107 Rijeka, Osnovna \u0161kola Nikola Tesla, Osnovna \u0161kola Zamet Rijeka, Pomorski fakultet Sveu\u010dili\u0161ta u Rijeci, Pomorski i povijesni muzej Hrvatskoga primorja Rijeka, Studentski centar Sveu\u010dili\u0161ta u Rijeci<\/p>\n\n\n\n<p><br>Generalni pokrovitelj Festivala znanosti Rijeka: Sveu\u010dili\u0161te u Rijeci<\/p>\n\n\n\n<p><br>Pokrovitelji Festivala znanosti Rijeka: Grad Rijeka i Primorsko-goranska \u017eupanija<br><\/p>\n\n\n\n<p>Organizacijski odbor: dr. sc. Bojana \u0106ulum Ili\u0107, dr. sc. Vedrana Mikuli\u0107 Crnkovi\u0107 (predsjednica), dr. sc. \u017deljka Modri\u0107 Surina, dr. sc. Ivana Poljan\u010di\u0107 Beljan,<br>Vanesa Uj\u010di\u0107 O\u017ebolt<\/p>\n\n\n\n<p><strong>ULAZ <\/strong>je na sve manifestacije Festivala znanosti slobodan.<br><strong>INFO\u0160TAND <\/strong>Posjetite info\u0161tand Festivala znanosti na <a href=\"https:\/\/festivalznanosti.uniri.hr\/?cat=7\">Korzu <\/a>5. \u2013 14. svibnja 2021. od 10.00 do 16.00 sati.<\/p>\n<\/div>","protected":false},"excerpt":{"rendered":"<p>19. FESTIVAL ZNANOSTI, RIJEKA 2021. Festival znanosti&nbsp;je manifestacija kojoj je<a href=\"https:\/\/festivalznanosti.uniri.hr\/2021\/o-festivalu-znanosti-rijeka-2021\/\" class=\"gutenlearn-readmore\">Read More<i class=\"fa fa-long-arrow-right\" aria-hidden=\"true\"><\/i><\/a><\/p>\n","protected":false},"author":1,"featured_media":0,"parent":0,"menu_order":0,"comment_status":"closed","ping_status":"closed","template":"","meta":{"_monsterinsights_skip_tracking":false,"_monsterinsights_sitenote_active":false,"_monsterinsights_sitenote_note":"","_monsterinsights_sitenote_category":0,"_themeisle_gutenberg_block_has_review":false,"footnotes":""},"yoast_head":"<!-- This site is optimized with the Yoast SEO plugin v20.5 - https:\/\/yoast.com\/wordpress\/plugins\/seo\/ -->\n<title>O Festivalu znanosti - Festival Znanosti, Rijeka 2021<\/title>\n<meta name=\"description\" content=\"Festival znanosti je manifestacija kojoj je cilj pribli\u017eiti znanost javnosti, odnosno informirati javnost o aktivnostima i rezultatima u podru\u010dju znanosti, pobolj\u0161ati javnu percepciju znanstvenika te motivirati mlade ljude za istra\u017eivanje i stjecanje novih znanja. Festival znanosti traje od 10.05.2021. pa sve do 15.05.2021.. Tema ovogodi\u0161njeg festivala je \u201cKultura znanosti\u201d, koja je na nacionalnoj razini odre\u0111ena jo\u0161 pro\u0161le godine.\" \/>\n<meta name=\"robots\" content=\"index, follow, max-snippet:-1, max-image-preview:large, max-video-preview:-1\" \/>\n<link rel=\"canonical\" href=\"https:\/\/festivalznanosti.uniri.hr\/2021\/o-festivalu-znanosti-rijeka-2021\/\" \/>\n<meta property=\"og:locale\" content=\"hr_HR\" \/>\n<meta property=\"og:type\" content=\"article\" \/>\n<meta property=\"og:title\" content=\"Festival Znanosti, Rijeka 2021\" \/>\n<meta property=\"og:description\" content=\"Festival znanosti je manifestacija kojoj je cilj pribli\u017eiti znanost javnosti, odnosno informirati javnost o aktivnostima i rezultatima u podru\u010dju znanosti, pobolj\u0161ati javnu percepciju znanstvenika te motivirati mlade ljude za istra\u017eivanje i stjecanje novih znanja. Festival znanosti traje od 10.05.2021. pa sve do 15.05.2021.. Tema ovogodi\u0161njeg festivala je \u201cKultura znanosti\u201d, koja je na nacionalnoj razini odre\u0111ena jo\u0161 pro\u0161le godine.\" \/>\n<meta property=\"og:url\" content=\"https:\/\/festivalznanosti.uniri.hr\/2021\/o-festivalu-znanosti-rijeka-2021\/\" \/>\n<meta property=\"og:site_name\" content=\"Festival Znanosti, Rijeka 2021\" \/>\n<meta name=\"twitter:card\" content=\"summary_large_image\" \/>\n<meta name=\"twitter:label1\" content=\"Procijenjeno vrijeme \u010ditanja\" \/>\n\t<meta name=\"twitter:data1\" content=\"2 minute\" \/>\n<script type=\"application\/ld+json\" class=\"yoast-schema-graph\">{\"@context\":\"https:\/\/schema.org\",\"@graph\":[{\"@type\":[\"WebPage\",\"AboutPage\"],\"@id\":\"https:\/\/festivalznanosti.uniri.hr\/2021\/o-festivalu-znanosti-rijeka-2021\/\",\"url\":\"https:\/\/festivalznanosti.uniri.hr\/2021\/o-festivalu-znanosti-rijeka-2021\/\",\"name\":\"O Festivalu znanosti - Festival Znanosti, Rijeka 2021\",\"isPartOf\":{\"@id\":\"https:\/\/festivalznanosti.uniri.hr\/2021\/#website\"},\"datePublished\":\"2021-05-02T23:32:59+00:00\",\"dateModified\":\"2021-05-02T23:32:59+00:00\",\"description\":\"Festival znanosti je manifestacija kojoj je cilj pribli\u017eiti znanost javnosti, odnosno informirati javnost o aktivnostima i rezultatima u podru\u010dju znanosti, pobolj\u0161ati javnu percepciju znanstvenika te motivirati mlade ljude za istra\u017eivanje i stjecanje novih znanja. Festival znanosti traje od 10.05.2021. pa sve do 15.05.2021.. Tema ovogodi\u0161njeg festivala je \u201cKultura znanosti\u201d, koja je na nacionalnoj razini odre\u0111ena jo\u0161 pro\u0161le godine.\",\"breadcrumb\":{\"@id\":\"https:\/\/festivalznanosti.uniri.hr\/2021\/o-festivalu-znanosti-rijeka-2021\/#breadcrumb\"},\"inLanguage\":\"hr\",\"potentialAction\":[{\"@type\":\"ReadAction\",\"target\":[\"https:\/\/festivalznanosti.uniri.hr\/2021\/o-festivalu-znanosti-rijeka-2021\/\"]}]},{\"@type\":\"BreadcrumbList\",\"@id\":\"https:\/\/festivalznanosti.uniri.hr\/2021\/o-festivalu-znanosti-rijeka-2021\/#breadcrumb\",\"itemListElement\":[{\"@type\":\"ListItem\",\"position\":1,\"name\":\"Home\",\"item\":\"https:\/\/festivalznanosti.uniri.hr\/2021\/\"},{\"@type\":\"ListItem\",\"position\":2,\"name\":\"O Festivalu znanosti\"}]},{\"@type\":\"WebSite\",\"@id\":\"https:\/\/festivalznanosti.uniri.hr\/2021\/#website\",\"url\":\"https:\/\/festivalznanosti.uniri.hr\/2021\/\",\"name\":\"Festival Znanosti, Rijeka 2021\",\"description\":\"Znanost dostupna svima\",\"publisher\":{\"@id\":\"https:\/\/festivalznanosti.uniri.hr\/2021\/#organization\"},\"potentialAction\":[{\"@type\":\"SearchAction\",\"target\":{\"@type\":\"EntryPoint\",\"urlTemplate\":\"https:\/\/festivalznanosti.uniri.hr\/2021\/?s={search_term_string}\"},\"query-input\":\"required name=search_term_string\"}],\"inLanguage\":\"hr\"},{\"@type\":\"Organization\",\"@id\":\"https:\/\/festivalznanosti.uniri.hr\/2021\/#organization\",\"name\":\"Festival Znanosti\",\"url\":\"https:\/\/festivalznanosti.uniri.hr\/2021\/\",\"logo\":{\"@type\":\"ImageObject\",\"inLanguage\":\"hr\",\"@id\":\"https:\/\/festivalznanosti.uniri.hr\/2021\/#\/schema\/logo\/image\/\",\"url\":\"https:\/\/festivalznanosti.uniri.hr\/2021\/wp-content\/uploads\/sites\/3\/2022\/04\/FZ_22_web-scaled-e1651032346521.jpg\",\"contentUrl\":\"https:\/\/festivalznanosti.uniri.hr\/2021\/wp-content\/uploads\/sites\/3\/2022\/04\/FZ_22_web-scaled-e1651032346521.jpg\",\"width\":208,\"height\":213,\"caption\":\"Festival Znanosti\"},\"image\":{\"@id\":\"https:\/\/festivalznanosti.uniri.hr\/2021\/#\/schema\/logo\/image\/\"}}]}<\/script>\n<!-- \/ Yoast SEO plugin. -->","yoast_head_json":{"title":"O Festivalu znanosti - Festival Znanosti, Rijeka 2021","description":"Festival znanosti je manifestacija kojoj je cilj pribli\u017eiti znanost javnosti, odnosno informirati javnost o aktivnostima i rezultatima u podru\u010dju znanosti, pobolj\u0161ati javnu percepciju znanstvenika te motivirati mlade ljude za istra\u017eivanje i stjecanje novih znanja. Festival znanosti traje od 10.05.2021. pa sve do 15.05.2021.. Tema ovogodi\u0161njeg festivala je \u201cKultura znanosti\u201d, koja je na nacionalnoj razini odre\u0111ena jo\u0161 pro\u0161le godine.","robots":{"index":"index","follow":"follow","max-snippet":"max-snippet:-1","max-image-preview":"max-image-preview:large","max-video-preview":"max-video-preview:-1"},"canonical":"https:\/\/festivalznanosti.uniri.hr\/2021\/o-festivalu-znanosti-rijeka-2021\/","og_locale":"hr_HR","og_type":"article","og_title":"Festival Znanosti, Rijeka 2021","og_description":"Festival znanosti je manifestacija kojoj je cilj pribli\u017eiti znanost javnosti, odnosno informirati javnost o aktivnostima i rezultatima u podru\u010dju znanosti, pobolj\u0161ati javnu percepciju znanstvenika te motivirati mlade ljude za istra\u017eivanje i stjecanje novih znanja. Festival znanosti traje od 10.05.2021. pa sve do 15.05.2021.. Tema ovogodi\u0161njeg festivala je \u201cKultura znanosti\u201d, koja je na nacionalnoj razini odre\u0111ena jo\u0161 pro\u0161le godine.","og_url":"https:\/\/festivalznanosti.uniri.hr\/2021\/o-festivalu-znanosti-rijeka-2021\/","og_site_name":"Festival Znanosti, Rijeka 2021","twitter_card":"summary_large_image","twitter_misc":{"Procijenjeno vrijeme \u010ditanja":"2 minute"},"schema":{"@context":"https:\/\/schema.org","@graph":[{"@type":["WebPage","AboutPage"],"@id":"https:\/\/festivalznanosti.uniri.hr\/2021\/o-festivalu-znanosti-rijeka-2021\/","url":"https:\/\/festivalznanosti.uniri.hr\/2021\/o-festivalu-znanosti-rijeka-2021\/","name":"O Festivalu znanosti - Festival Znanosti, Rijeka 2021","isPartOf":{"@id":"https:\/\/festivalznanosti.uniri.hr\/2021\/#website"},"datePublished":"2021-05-02T23:32:59+00:00","dateModified":"2021-05-02T23:32:59+00:00","description":"Festival znanosti je manifestacija kojoj je cilj pribli\u017eiti znanost javnosti, odnosno informirati javnost o aktivnostima i rezultatima u podru\u010dju znanosti, pobolj\u0161ati javnu percepciju znanstvenika te motivirati mlade ljude za istra\u017eivanje i stjecanje novih znanja. Festival znanosti traje od 10.05.2021. pa sve do 15.05.2021.. Tema ovogodi\u0161njeg festivala je \u201cKultura znanosti\u201d, koja je na nacionalnoj razini odre\u0111ena jo\u0161 pro\u0161le godine.","breadcrumb":{"@id":"https:\/\/festivalznanosti.uniri.hr\/2021\/o-festivalu-znanosti-rijeka-2021\/#breadcrumb"},"inLanguage":"hr","potentialAction":[{"@type":"ReadAction","target":["https:\/\/festivalznanosti.uniri.hr\/2021\/o-festivalu-znanosti-rijeka-2021\/"]}]},{"@type":"BreadcrumbList","@id":"https:\/\/festivalznanosti.uniri.hr\/2021\/o-festivalu-znanosti-rijeka-2021\/#breadcrumb","itemListElement":[{"@type":"ListItem","position":1,"name":"Home","item":"https:\/\/festivalznanosti.uniri.hr\/2021\/"},{"@type":"ListItem","position":2,"name":"O Festivalu znanosti"}]},{"@type":"WebSite","@id":"https:\/\/festivalznanosti.uniri.hr\/2021\/#website","url":"https:\/\/festivalznanosti.uniri.hr\/2021\/","name":"Festival Znanosti, Rijeka 2021","description":"Znanost dostupna svima","publisher":{"@id":"https:\/\/festivalznanosti.uniri.hr\/2021\/#organization"},"potentialAction":[{"@type":"SearchAction","target":{"@type":"EntryPoint","urlTemplate":"https:\/\/festivalznanosti.uniri.hr\/2021\/?s={search_term_string}"},"query-input":"required name=search_term_string"}],"inLanguage":"hr"},{"@type":"Organization","@id":"https:\/\/festivalznanosti.uniri.hr\/2021\/#organization","name":"Festival Znanosti","url":"https:\/\/festivalznanosti.uniri.hr\/2021\/","logo":{"@type":"ImageObject","inLanguage":"hr","@id":"https:\/\/festivalznanosti.uniri.hr\/2021\/#\/schema\/logo\/image\/","url":"https:\/\/festivalznanosti.uniri.hr\/2021\/wp-content\/uploads\/sites\/3\/2022\/04\/FZ_22_web-scaled-e1651032346521.jpg","contentUrl":"https:\/\/festivalznanosti.uniri.hr\/2021\/wp-content\/uploads\/sites\/3\/2022\/04\/FZ_22_web-scaled-e1651032346521.jpg","width":208,"height":213,"caption":"Festival Znanosti"},"image":{"@id":"https:\/\/festivalznanosti.uniri.hr\/2021\/#\/schema\/logo\/image\/"}}]}},"_links":{"self":[{"href":"https:\/\/festivalznanosti.uniri.hr\/2021\/wp-json\/wp\/v2\/pages\/366"}],"collection":[{"href":"https:\/\/festivalznanosti.uniri.hr\/2021\/wp-json\/wp\/v2\/pages"}],"about":[{"href":"https:\/\/festivalznanosti.uniri.hr\/2021\/wp-json\/wp\/v2\/types\/page"}],"author":[{"embeddable":true,"href":"https:\/\/festivalznanosti.uniri.hr\/2021\/wp-json\/wp\/v2\/users\/1"}],"replies":[{"embeddable":true,"href":"https:\/\/festivalznanosti.uniri.hr\/2021\/wp-json\/wp\/v2\/comments?post=366"}],"version-history":[{"count":0,"href":"https:\/\/festivalznanosti.uniri.hr\/2021\/wp-json\/wp\/v2\/pages\/366\/revisions"}],"wp:attachment":[{"href":"https:\/\/festivalznanosti.uniri.hr\/2021\/wp-json\/wp\/v2\/media?parent=366"}],"curies":[{"name":"wp","href":"https:\/\/api.w.org\/{rel}","templated":true}]}}