{"id":320,"date":"2022-04-26T23:13:11","date_gmt":"2022-04-26T23:13:11","guid":{"rendered":"https:\/\/festivalznanosti.uniri.hr\/2022\/?page_id=320"},"modified":"2022-04-26T23:13:11","modified_gmt":"2022-04-26T23:13:11","slug":"usavrsavanje-ucitelja-i-nastavnika","status":"publish","type":"page","link":"https:\/\/festivalznanosti.uniri.hr\/2022\/usavrsavanje-ucitelja-i-nastavnika\/","title":{"rendered":"Usavr\u0161avanje u\u010ditelja i nastavnika"},"content":{"rendered":"<div class=\"post-content\">\n<p>ove \u0107e godine ponovo AZOO priznavati sudjelovanje u Festivalu kao usavr\u0161avanje. U prilogu su obrazci<\/p>\n\n\n\n<div class=\"wp-block-file\"><a id=\"wp-block-file--media-f7ebc6e5-dee3-45cb-ab4e-2c9287c1ceca\" href=\"https:\/\/festivalznanosti.uniri.hr\/2022\/wp-content\/uploads\/sites\/4\/2022\/04\/FZ2022-AZOO-obrazac-za-izvjesce.docx\">FZ2022-AZOO-obrazac-za-izvjesce<\/a><a href=\"https:\/\/festivalznanosti.uniri.hr\/2022\/wp-content\/uploads\/sites\/4\/2022\/04\/FZ2022-AZOO-obrazac-za-izvjesce.docx\" class=\"wp-block-file__button\" download aria-describedby=\"wp-block-file--media-f7ebc6e5-dee3-45cb-ab4e-2c9287c1ceca\">Preuzmi<\/a><\/div>\n\n\n\n<div class=\"wp-block-file\"><a id=\"wp-block-file--media-35add93f-21e8-4f0f-b2f1-fd881988205d\" href=\"https:\/\/festivalznanosti.uniri.hr\/2022\/wp-content\/uploads\/sites\/4\/2022\/04\/2022FZ-AZOO.docx\">2022FZ-AZOO<\/a><a href=\"https:\/\/festivalznanosti.uniri.hr\/2022\/wp-content\/uploads\/sites\/4\/2022\/04\/2022FZ-AZOO.docx\" class=\"wp-block-file__button\" download aria-describedby=\"wp-block-file--media-35add93f-21e8-4f0f-b2f1-fd881988205d\">Preuzmi<\/a><\/div>\n<\/div>","protected":false},"excerpt":{"rendered":"<p>ove \u0107e godine ponovo AZOO priznavati sudjelovanje u Festivalu kao<a href=\"https:\/\/festivalznanosti.uniri.hr\/2022\/usavrsavanje-ucitelja-i-nastavnika\/\" class=\"gutenlearn-readmore\">Read More<i class=\"fa fa-long-arrow-right\" aria-hidden=\"true\"><\/i><\/a><\/p>\n","protected":false},"author":1,"featured_media":0,"parent":0,"menu_order":0,"comment_status":"closed","ping_status":"closed","template":"","meta":{"_monsterinsights_skip_tracking":false,"_monsterinsights_sitenote_active":false,"_monsterinsights_sitenote_note":"","_monsterinsights_sitenote_category":0,"_themeisle_gutenberg_block_has_review":false,"footnotes":""},"yoast_head":"<!-- This site is optimized with the Yoast SEO plugin v20.5 - https:\/\/yoast.com\/wordpress\/plugins\/seo\/ -->\n<title>Usavr\u0161avanje u\u010ditelja i nastavnika - Festival Znanosti, Rijeka 2022<\/title>\n<meta name=\"description\" content=\"Festival znanosti je manifestacija kojoj je cilj pribli\u017eiti znanost javnosti, odnosno informirati javnost o aktivnostima i rezultatima u podru\u010dju znanosti, pobolj\u0161ati javnu percepciju znanstvenika te motivirati mlade ljude za istra\u017eivanje i stjecanje novih znanja.\" \/>\n<meta name=\"robots\" content=\"index, follow, max-snippet:-1, max-image-preview:large, max-video-preview:-1\" \/>\n<link rel=\"canonical\" href=\"https:\/\/festivalznanosti.uniri.hr\/2022\/usavrsavanje-ucitelja-i-nastavnika\/\" \/>\n<meta property=\"og:locale\" content=\"hr_HR\" \/>\n<meta property=\"og:type\" content=\"article\" \/>\n<meta property=\"og:title\" content=\"Usavr\u0161avanje u\u010ditelja i nastavnika - Festival Znanosti, Rijeka 2022\" \/>\n<meta property=\"og:description\" content=\"Festival znanosti je manifestacija kojoj je cilj pribli\u017eiti znanost javnosti, odnosno informirati javnost o aktivnostima i rezultatima u podru\u010dju znanosti, pobolj\u0161ati javnu percepciju znanstvenika te motivirati mlade ljude za istra\u017eivanje i stjecanje novih znanja.\" \/>\n<meta property=\"og:url\" content=\"https:\/\/festivalznanosti.uniri.hr\/2022\/usavrsavanje-ucitelja-i-nastavnika\/\" \/>\n<meta property=\"og:site_name\" content=\"Festival Znanosti, Rijeka 2022\" \/>\n<meta name=\"twitter:card\" content=\"summary_large_image\" \/>\n<meta name=\"twitter:label1\" content=\"Procijenjeno vrijeme \u010ditanja\" \/>\n\t<meta name=\"twitter:data1\" content=\"1 minuta\" \/>\n<script type=\"application\/ld+json\" class=\"yoast-schema-graph\">{\"@context\":\"https:\/\/schema.org\",\"@graph\":[{\"@type\":\"WebPage\",\"@id\":\"https:\/\/festivalznanosti.uniri.hr\/2022\/usavrsavanje-ucitelja-i-nastavnika\/\",\"url\":\"https:\/\/festivalznanosti.uniri.hr\/2022\/usavrsavanje-ucitelja-i-nastavnika\/\",\"name\":\"Usavr\u0161avanje u\u010ditelja i nastavnika - Festival Znanosti, Rijeka 2022\",\"isPartOf\":{\"@id\":\"https:\/\/festivalznanosti.uniri.hr\/2022\/#website\"},\"datePublished\":\"2022-04-26T23:13:11+00:00\",\"dateModified\":\"2022-04-26T23:13:11+00:00\",\"description\":\"Festival znanosti je manifestacija kojoj je cilj pribli\u017eiti znanost javnosti, odnosno informirati javnost o aktivnostima i rezultatima u podru\u010dju znanosti, pobolj\u0161ati javnu percepciju znanstvenika te motivirati mlade ljude za istra\u017eivanje i stjecanje novih znanja.\",\"breadcrumb\":{\"@id\":\"https:\/\/festivalznanosti.uniri.hr\/2022\/usavrsavanje-ucitelja-i-nastavnika\/#breadcrumb\"},\"inLanguage\":\"hr\",\"potentialAction\":[{\"@type\":\"ReadAction\",\"target\":[\"https:\/\/festivalznanosti.uniri.hr\/2022\/usavrsavanje-ucitelja-i-nastavnika\/\"]}]},{\"@type\":\"BreadcrumbList\",\"@id\":\"https:\/\/festivalznanosti.uniri.hr\/2022\/usavrsavanje-ucitelja-i-nastavnika\/#breadcrumb\",\"itemListElement\":[{\"@type\":\"ListItem\",\"position\":1,\"name\":\"Po\u010detna\",\"item\":\"https:\/\/festivalznanosti.uniri.hr\/2022\/\"},{\"@type\":\"ListItem\",\"position\":2,\"name\":\"Usavr\u0161avanje u\u010ditelja i nastavnika\"}]},{\"@type\":\"WebSite\",\"@id\":\"https:\/\/festivalznanosti.uniri.hr\/2022\/#website\",\"url\":\"https:\/\/festivalznanosti.uniri.hr\/2022\/\",\"name\":\"Festival Znanosti, Rijeka 2022\",\"description\":\"Znanost dostupna svima\",\"publisher\":{\"@id\":\"https:\/\/festivalznanosti.uniri.hr\/2022\/#organization\"},\"potentialAction\":[{\"@type\":\"SearchAction\",\"target\":{\"@type\":\"EntryPoint\",\"urlTemplate\":\"https:\/\/festivalznanosti.uniri.hr\/2022\/?s={search_term_string}\"},\"query-input\":\"required name=search_term_string\"}],\"inLanguage\":\"hr\"},{\"@type\":\"Organization\",\"@id\":\"https:\/\/festivalznanosti.uniri.hr\/2022\/#organization\",\"name\":\"Festival Znanosti\",\"url\":\"https:\/\/festivalznanosti.uniri.hr\/2022\/\",\"logo\":{\"@type\":\"ImageObject\",\"inLanguage\":\"hr\",\"@id\":\"https:\/\/festivalznanosti.uniri.hr\/2022\/#\/schema\/logo\/image\/\",\"url\":\"https:\/\/festivalznanosti.uniri.hr\/2022\/wp-content\/uploads\/sites\/4\/2022\/04\/FZ_22_web-scaled-e1650943935612.jpg\",\"contentUrl\":\"https:\/\/festivalznanosti.uniri.hr\/2022\/wp-content\/uploads\/sites\/4\/2022\/04\/FZ_22_web-scaled-e1650943935612.jpg\",\"width\":209,\"height\":211,\"caption\":\"Festival Znanosti\"},\"image\":{\"@id\":\"https:\/\/festivalznanosti.uniri.hr\/2022\/#\/schema\/logo\/image\/\"}}]}<\/script>\n<!-- \/ Yoast SEO plugin. -->","yoast_head_json":{"title":"Usavr\u0161avanje u\u010ditelja i nastavnika - Festival Znanosti, Rijeka 2022","description":"Festival znanosti je manifestacija kojoj je cilj pribli\u017eiti znanost javnosti, odnosno informirati javnost o aktivnostima i rezultatima u podru\u010dju znanosti, pobolj\u0161ati javnu percepciju znanstvenika te motivirati mlade ljude za istra\u017eivanje i stjecanje novih znanja.","robots":{"index":"index","follow":"follow","max-snippet":"max-snippet:-1","max-image-preview":"max-image-preview:large","max-video-preview":"max-video-preview:-1"},"canonical":"https:\/\/festivalznanosti.uniri.hr\/2022\/usavrsavanje-ucitelja-i-nastavnika\/","og_locale":"hr_HR","og_type":"article","og_title":"Usavr\u0161avanje u\u010ditelja i nastavnika - Festival Znanosti, Rijeka 2022","og_description":"Festival znanosti je manifestacija kojoj je cilj pribli\u017eiti znanost javnosti, odnosno informirati javnost o aktivnostima i rezultatima u podru\u010dju znanosti, pobolj\u0161ati javnu percepciju znanstvenika te motivirati mlade ljude za istra\u017eivanje i stjecanje novih znanja.","og_url":"https:\/\/festivalznanosti.uniri.hr\/2022\/usavrsavanje-ucitelja-i-nastavnika\/","og_site_name":"Festival Znanosti, Rijeka 2022","twitter_card":"summary_large_image","twitter_misc":{"Procijenjeno vrijeme \u010ditanja":"1 minuta"},"schema":{"@context":"https:\/\/schema.org","@graph":[{"@type":"WebPage","@id":"https:\/\/festivalznanosti.uniri.hr\/2022\/usavrsavanje-ucitelja-i-nastavnika\/","url":"https:\/\/festivalznanosti.uniri.hr\/2022\/usavrsavanje-ucitelja-i-nastavnika\/","name":"Usavr\u0161avanje u\u010ditelja i nastavnika - Festival Znanosti, Rijeka 2022","isPartOf":{"@id":"https:\/\/festivalznanosti.uniri.hr\/2022\/#website"},"datePublished":"2022-04-26T23:13:11+00:00","dateModified":"2022-04-26T23:13:11+00:00","description":"Festival znanosti je manifestacija kojoj je cilj pribli\u017eiti znanost javnosti, odnosno informirati javnost o aktivnostima i rezultatima u podru\u010dju znanosti, pobolj\u0161ati javnu percepciju znanstvenika te motivirati mlade ljude za istra\u017eivanje i stjecanje novih znanja.","breadcrumb":{"@id":"https:\/\/festivalznanosti.uniri.hr\/2022\/usavrsavanje-ucitelja-i-nastavnika\/#breadcrumb"},"inLanguage":"hr","potentialAction":[{"@type":"ReadAction","target":["https:\/\/festivalznanosti.uniri.hr\/2022\/usavrsavanje-ucitelja-i-nastavnika\/"]}]},{"@type":"BreadcrumbList","@id":"https:\/\/festivalznanosti.uniri.hr\/2022\/usavrsavanje-ucitelja-i-nastavnika\/#breadcrumb","itemListElement":[{"@type":"ListItem","position":1,"name":"Po\u010detna","item":"https:\/\/festivalznanosti.uniri.hr\/2022\/"},{"@type":"ListItem","position":2,"name":"Usavr\u0161avanje u\u010ditelja i nastavnika"}]},{"@type":"WebSite","@id":"https:\/\/festivalznanosti.uniri.hr\/2022\/#website","url":"https:\/\/festivalznanosti.uniri.hr\/2022\/","name":"Festival Znanosti, Rijeka 2022","description":"Znanost dostupna svima","publisher":{"@id":"https:\/\/festivalznanosti.uniri.hr\/2022\/#organization"},"potentialAction":[{"@type":"SearchAction","target":{"@type":"EntryPoint","urlTemplate":"https:\/\/festivalznanosti.uniri.hr\/2022\/?s={search_term_string}"},"query-input":"required name=search_term_string"}],"inLanguage":"hr"},{"@type":"Organization","@id":"https:\/\/festivalznanosti.uniri.hr\/2022\/#organization","name":"Festival Znanosti","url":"https:\/\/festivalznanosti.uniri.hr\/2022\/","logo":{"@type":"ImageObject","inLanguage":"hr","@id":"https:\/\/festivalznanosti.uniri.hr\/2022\/#\/schema\/logo\/image\/","url":"https:\/\/festivalznanosti.uniri.hr\/2022\/wp-content\/uploads\/sites\/4\/2022\/04\/FZ_22_web-scaled-e1650943935612.jpg","contentUrl":"https:\/\/festivalznanosti.uniri.hr\/2022\/wp-content\/uploads\/sites\/4\/2022\/04\/FZ_22_web-scaled-e1650943935612.jpg","width":209,"height":211,"caption":"Festival Znanosti"},"image":{"@id":"https:\/\/festivalznanosti.uniri.hr\/2022\/#\/schema\/logo\/image\/"}}]}},"_links":{"self":[{"href":"https:\/\/festivalznanosti.uniri.hr\/2022\/wp-json\/wp\/v2\/pages\/320"}],"collection":[{"href":"https:\/\/festivalznanosti.uniri.hr\/2022\/wp-json\/wp\/v2\/pages"}],"about":[{"href":"https:\/\/festivalznanosti.uniri.hr\/2022\/wp-json\/wp\/v2\/types\/page"}],"author":[{"embeddable":true,"href":"https:\/\/festivalznanosti.uniri.hr\/2022\/wp-json\/wp\/v2\/users\/1"}],"replies":[{"embeddable":true,"href":"https:\/\/festivalznanosti.uniri.hr\/2022\/wp-json\/wp\/v2\/comments?post=320"}],"version-history":[{"count":2,"href":"https:\/\/festivalznanosti.uniri.hr\/2022\/wp-json\/wp\/v2\/pages\/320\/revisions"}],"predecessor-version":[{"id":324,"href":"https:\/\/festivalznanosti.uniri.hr\/2022\/wp-json\/wp\/v2\/pages\/320\/revisions\/324"}],"wp:attachment":[{"href":"https:\/\/festivalznanosti.uniri.hr\/2022\/wp-json\/wp\/v2\/media?parent=320"}],"curies":[{"name":"wp","href":"https:\/\/api.w.org\/{rel}","templated":true}]}}