{"id":438,"date":"2022-05-02T02:57:04","date_gmt":"2022-05-02T02:57:04","guid":{"rendered":"https:\/\/festivalznanosti.uniri.hr\/2022\/?page_id=438"},"modified":"2022-05-04T21:30:57","modified_gmt":"2022-05-04T21:30:57","slug":"online","status":"publish","type":"page","link":"https:\/\/festivalznanosti.uniri.hr\/2022\/online\/","title":{"rendered":"Online"},"content":{"rendered":"<div class=\"post-content\">\n<h2 class=\"wp-block-heading\">U nastavku se nalaze online ili hibridne aktivnosti:<\/h2>\n\n\n\n<p><a href=\"https:\/\/festivalznanosti.uniri.hr\/2022\/dogadaj\/analysis-of-information-spreading-on-social-media-during-the-covid-19-pandemic-ai-based-approach\/\">Analysis of information spreading on social media during the COVID-19  pandemic: AI-based approach<\/a> \u0107e se odr\u017eati 2 svibnja, 2022 - 7 svibnja, 2022 u Cijeli dan<\/p><p><a href=\"https:\/\/festivalznanosti.uniri.hr\/2022\/dogadaj\/inspiracije-iz-nanosvijeta-2\/\">Inspiracije iz nanosvijeta<\/a> \u0107e se odr\u017eati 2 svibnja, 2022 - 7 svibnja, 2022 u Cijeli dan<\/p><p><a href=\"https:\/\/festivalznanosti.uniri.hr\/2022\/dogadaj\/long-physics-short\/\">Long physics short<\/a> \u0107e se odr\u017eati 2 svibnja, 2022 - 7 svibnja, 2022 u Cijeli dan<\/p><p><a href=\"https:\/\/festivalznanosti.uniri.hr\/2022\/dogadaj\/matematicke-izlozbe\/\">Matemati\u010dke izlo\u017ebe<\/a> \u0107e se odr\u017eati 2 svibnja, 2022 - 7 svibnja, 2022 u Cijeli dan<\/p><p><a href=\"https:\/\/festivalznanosti.uniri.hr\/2022\/dogadaj\/matematicke-radionice\/\">Matemati\u010dke radionice<\/a> \u0107e se odr\u017eati 2 svibnja, 2022 - 7 svibnja, 2022 u Cijeli dan<\/p><p><a href=\"https:\/\/festivalznanosti.uniri.hr\/2022\/dogadaj\/popular-math-lectures\/\">Popular math lectures<\/a> \u0107e se odr\u017eati 2 svibnja, 2022 - 7 svibnja, 2022 u Cijeli dan<\/p><p><a href=\"https:\/\/festivalznanosti.uniri.hr\/2022\/dogadaj\/skole-za-skole\/\">\u0160kole za \u0161kole<\/a> \u0107e se odr\u017eati 2 svibnja, 2022 - 7 svibnja, 2022 u Cijeli dan<\/p><p><a href=\"https:\/\/festivalznanosti.uniri.hr\/2022\/dogadaj\/vrtici-za-vrtice\/\">Vrti\u0107i za vrti\u0107e<\/a> \u0107e se odr\u017eati 2 svibnja, 2022 - 7 svibnja, 2022 u Cijeli dan<\/p><p><a href=\"https:\/\/festivalznanosti.uniri.hr\/2022\/dogadaj\/zgrade-gotovo-nulte-energije-proizvedene-na-industrijski-nacin\/\">Zgrade gotovo nulte energije proizvedene na industrijski na\u010din<\/a> \u0107e se odr\u017eati 3 svibnja, 2022 u 1:00 pm - 1:30 pm<\/p><p><a href=\"https:\/\/festivalznanosti.uniri.hr\/2022\/dogadaj\/offshore-wind-farms-odobalni-vjetroparkovi\/\">Offshore Wind Farms \/ Odobalni vjetroparkovi<\/a> \u0107e se odr\u017eati 3 svibnja, 2022 u 1:30 pm - 2:00 pm<\/p><p><a href=\"https:\/\/festivalznanosti.uniri.hr\/2022\/dogadaj\/slopes-of-higher-protection-priority-rating-using-modified-colorado-rockfall-hazard-rating-system\/\">Slopes of higher protection priority rating using modified Colorado Rockfall Hazard  Rating System<\/a> \u0107e se odr\u017eati 3 svibnja, 2022 u 2:15 pm - 2:45 pm<\/p><p><a href=\"https:\/\/festivalznanosti.uniri.hr\/2022\/dogadaj\/why-rainfalls-and-earthquakes-trigger-landslides\/\">Why rainfalls and  earthquakes trigger landslides?<\/a> \u0107e se odr\u017eati 3 svibnja, 2022 u 2:45 pm - 3:15 pm<\/p><p><a href=\"https:\/\/festivalznanosti.uniri.hr\/2022\/dogadaj\/real-life-applications-of-beam-modelling\/\">Real-life applications of beam modelling<\/a> \u0107e se odr\u017eati 3 svibnja, 2022 u 3:30 pm - 4:00 pm<\/p><p><a href=\"https:\/\/festivalznanosti.uniri.hr\/2022\/dogadaj\/sva-lica-licinke-larve-maske-sablasti-gregor-samsa-i-bbb\/\">Sva lica li\u010dinke: Larve, maske, sablasti\u2026 Gregor Samsa i BBB<\/a> \u0107e se odr\u017eati 3 svibnja, 2022 u 5:00 pm - 6:00 pm<\/p><p><a href=\"https:\/\/festivalznanosti.uniri.hr\/2022\/dogadaj\/spiljski-ukrasi-sige-arhivi-klimatskih-promjena-u-proslosti\/\">Spiljski ukrasi- sige: arhivi klimatskih promjena u pro\u0161losti<\/a> \u0107e se odr\u017eati 3 svibnja, 2022 u 6:00 pm - 7:00 pm<\/p><p><a href=\"https:\/\/festivalznanosti.uniri.hr\/2022\/dogadaj\/prva-linija-obrane-protiv-klimatskih-promjena-u-morima-i-oceanima\/\">Prva linija obrane protiv klimatskih promjena u morima i oceanima<\/a> \u0107e se odr\u017eati 3 svibnja, 2022 u 7:00 pm - 8:00 pm<\/p><p><a href=\"https:\/\/festivalznanosti.uniri.hr\/2022\/dogadaj\/o-umjetnicima-koju-su-voljeli-matematiku\/\">O umjetnicima koju su voljeli matematiku<\/a> \u0107e se odr\u017eati 4 svibnja, 2022 u 6:00 pm<\/p><p><a href=\"https:\/\/festivalznanosti.uniri.hr\/2022\/dogadaj\/oneciscenje-atmosfere-lebdecim-cesticama\/\">One\u010di\u0161\u0107enje atmosfere lebde\u0107im \u010desticama<\/a> \u0107e se odr\u017eati 4 svibnja, 2022 u 6:00 pm - 7:00 pm<\/p><p><a href=\"https:\/\/festivalznanosti.uniri.hr\/2022\/dogadaj\/fuzija-iter-i-dones\/\">Fuzija, ITER i DONES<\/a> \u0107e se odr\u017eati 4 svibnja, 2022 u 7:00 pm - 8:00 pm<\/p><p><a href=\"https:\/\/festivalznanosti.uniri.hr\/2022\/dogadaj\/zivot-ide-dalje-iskustva-zena-tijekom-lockdowna\/\">&quot;\u017divot ide dalje&quot; - iskustva \u017eena tijekom lockdowna<\/a> \u0107e se odr\u017eati 5 svibnja, 2022 u 5:00 pm - 6:00 pm<\/p><p><a href=\"https:\/\/festivalznanosti.uniri.hr\/2022\/dogadaj\/zivot-na-drustvenim-mrezama-sirenje-informacija-tijekom-krize\/\">\u017divot na dru\u0161tvenim mre\u017eama - \u0161irenje informacija tijekom krize<\/a> \u0107e se odr\u017eati 5 svibnja, 2022 u 6:00 pm - 7:00 pm<\/p><p><a href=\"https:\/\/festivalznanosti.uniri.hr\/2022\/dogadaj\/zivot-djece-i-mladih-u-hrvatskoj-znanstvena-prica-o-otpornosti-ranjivosti-pandemijskim-ljubavima-i-online-nastavi-uz-pivo-na-kvarnerskim-plazama\/\">\u017divot djece i mladih u Hrvatskoj \u2013 znanstvena pri\u010da o otpornosti, ranjivosti, pandemijskim  ljubavima i online nastavi uz pivo na kvarnerskim pla\u017eama<\/a> \u0107e se odr\u017eati 5 svibnja, 2022 u 7:00 pm - 8:00 pm<\/p><p><a href=\"https:\/\/festivalznanosti.uniri.hr\/2022\/dogadaj\/razvoj-grada-beograda-na-obalama-reka-u-21-veku-planiranje-i-implementacija\/\">Razvoj grada Beograda na obalama reka u 21. veku \u2013 planiranje i implementacija<\/a> \u0107e se odr\u017eati 6 svibnja, 2022 u 12:00 pm - 1:00 pm<\/p><p><a href=\"https:\/\/festivalznanosti.uniri.hr\/2022\/dogadaj\/postindustrijski-gradovi\/\">Postindustrijski gradovi<\/a> \u0107e se odr\u017eati 6 svibnja, 2022 u 1:00 pm - 2:00 pm<\/p><p><a href=\"https:\/\/festivalznanosti.uniri.hr\/2022\/dogadaj\/smisao-zivota\/\">Smisao \u017eivota<\/a> \u0107e se odr\u017eati 6 svibnja, 2022 u 5:00 pm - 6:00 pm<\/p><p><a href=\"https:\/\/festivalznanosti.uniri.hr\/2022\/dogadaj\/na-ramenima-velikana\/\">Na ramenima velikana<\/a> \u0107e se odr\u017eati 6 svibnja, 2022 u 6:00 pm - 7:00 pm<\/p><p><a href=\"https:\/\/festivalznanosti.uniri.hr\/2022\/dogadaj\/astrobiologija\/\">Astrobiologija<\/a> \u0107e se odr\u017eati 6 svibnja, 2022 u 7:00 pm - 8:00 pm<\/p>\n\n\n\n<h3 class=\"wp-block-heading\">Math workshops:<\/h3>\n\n\n\n<ul><li><a href=\"https:\/\/mod.srce.hr\/enrol\/index.php?id=378\" target=\"_blank\" rel=\"noreferrer noopener\">Matemati\u010dki cirkus \/ Mathematical circus<\/a><\/li><li><a href=\"https:\/\/mod.srce.hr\/enrol\/index.php?id=349\" target=\"_blank\" rel=\"noreferrer noopener\">Imaginary<\/a><\/li><li><a href=\"https:\/\/www.imaginary.org\/\" target=\"_blank\" rel=\"noreferrer noopener\">About Imaginary<\/a><\/li><\/ul>\n\n\n\n<h3 class=\"wp-block-heading\">Virtual exhibition:<\/h3>\n\n\n\n<ul><li><a href=\"https:\/\/360.goterest.com\/sphere\/imaginary-1\" target=\"_blank\" rel=\"noreferrer noopener\">Imaginary<\/a><\/li><li><a href=\"https:\/\/app.lapentor.com\/sphere\/taxi-geometry\" target=\"_blank\" rel=\"noreferrer noopener\">Taxicab geometry<\/a><\/li><li><a href=\"https:\/\/cim.apuri.hr\/en\/exhibitions\/festival-of-science-rijeka-2020-outlandish-rijeka\/\" target=\"_blank\" rel=\"noreferrer noopener\">Outlandish Rijeka<\/a><\/li><li><a href=\"https:\/\/app.lapentor.com\/sphere\/inspiracije-iz-nanosvijeta\" target=\"_blank\" rel=\"noreferrer noopener\">Nanoworld inspiration<\/a><\/li><\/ul>\n<\/div>","protected":false},"excerpt":{"rendered":"<p>U nastavku se nalaze online ili hibridne aktivnosti: Math workshops:<a href=\"https:\/\/festivalznanosti.uniri.hr\/2022\/online\/\" class=\"gutenlearn-readmore\">Read More<i class=\"fa fa-long-arrow-right\" aria-hidden=\"true\"><\/i><\/a><\/p>\n","protected":false},"author":1,"featured_media":0,"parent":0,"menu_order":0,"comment_status":"closed","ping_status":"closed","template":"","meta":{"_monsterinsights_skip_tracking":false,"_monsterinsights_sitenote_active":false,"_monsterinsights_sitenote_note":"","_monsterinsights_sitenote_category":0,"_themeisle_gutenberg_block_has_review":false,"footnotes":""},"yoast_head":"<!-- This site is optimized with the Yoast SEO plugin v20.5 - https:\/\/yoast.com\/wordpress\/plugins\/seo\/ -->\n<title>Online - Festival Znanosti, Rijeka 2022<\/title>\n<meta name=\"description\" content=\"Festival znanosti je manifestacija kojoj je cilj pribli\u017eiti znanost javnosti, odnosno informirati javnost o aktivnostima i rezultatima u podru\u010dju znanosti, pobolj\u0161ati javnu percepciju znanstvenika te motivirati mlade ljude za istra\u017eivanje i stjecanje novih znanja.\" \/>\n<meta name=\"robots\" content=\"index, follow, max-snippet:-1, max-image-preview:large, max-video-preview:-1\" \/>\n<link rel=\"canonical\" href=\"https:\/\/festivalznanosti.uniri.hr\/2022\/online\/\" \/>\n<meta property=\"og:locale\" content=\"hr_HR\" \/>\n<meta property=\"og:type\" content=\"article\" \/>\n<meta property=\"og:title\" content=\"Online - Festival Znanosti, Rijeka 2022\" \/>\n<meta property=\"og:description\" content=\"Festival znanosti je manifestacija kojoj je cilj pribli\u017eiti znanost javnosti, odnosno informirati javnost o aktivnostima i rezultatima u podru\u010dju znanosti, pobolj\u0161ati javnu percepciju znanstvenika te motivirati mlade ljude za istra\u017eivanje i stjecanje novih znanja.\" \/>\n<meta property=\"og:url\" content=\"https:\/\/festivalznanosti.uniri.hr\/2022\/online\/\" \/>\n<meta property=\"og:site_name\" content=\"Festival Znanosti, Rijeka 2022\" \/>\n<meta property=\"article:modified_time\" content=\"2022-05-04T21:30:57+00:00\" \/>\n<meta name=\"twitter:card\" content=\"summary_large_image\" \/>\n<meta name=\"twitter:label1\" content=\"Procijenjeno vrijeme \u010ditanja\" \/>\n\t<meta name=\"twitter:data1\" content=\"1 minuta\" \/>\n<script type=\"application\/ld+json\" class=\"yoast-schema-graph\">{\"@context\":\"https:\/\/schema.org\",\"@graph\":[{\"@type\":\"WebPage\",\"@id\":\"https:\/\/festivalznanosti.uniri.hr\/2022\/online\/\",\"url\":\"https:\/\/festivalznanosti.uniri.hr\/2022\/online\/\",\"name\":\"Online - Festival Znanosti, Rijeka 2022\",\"isPartOf\":{\"@id\":\"https:\/\/festivalznanosti.uniri.hr\/2022\/#website\"},\"datePublished\":\"2022-05-02T02:57:04+00:00\",\"dateModified\":\"2022-05-04T21:30:57+00:00\",\"description\":\"Festival znanosti je manifestacija kojoj je cilj pribli\u017eiti znanost javnosti, odnosno informirati javnost o aktivnostima i rezultatima u podru\u010dju znanosti, pobolj\u0161ati javnu percepciju znanstvenika te motivirati mlade ljude za istra\u017eivanje i stjecanje novih znanja.\",\"breadcrumb\":{\"@id\":\"https:\/\/festivalznanosti.uniri.hr\/2022\/online\/#breadcrumb\"},\"inLanguage\":\"hr\",\"potentialAction\":[{\"@type\":\"ReadAction\",\"target\":[\"https:\/\/festivalznanosti.uniri.hr\/2022\/online\/\"]}]},{\"@type\":\"BreadcrumbList\",\"@id\":\"https:\/\/festivalznanosti.uniri.hr\/2022\/online\/#breadcrumb\",\"itemListElement\":[{\"@type\":\"ListItem\",\"position\":1,\"name\":\"Po\u010detna\",\"item\":\"https:\/\/festivalznanosti.uniri.hr\/2022\/\"},{\"@type\":\"ListItem\",\"position\":2,\"name\":\"Online\"}]},{\"@type\":\"WebSite\",\"@id\":\"https:\/\/festivalznanosti.uniri.hr\/2022\/#website\",\"url\":\"https:\/\/festivalznanosti.uniri.hr\/2022\/\",\"name\":\"Festival Znanosti, Rijeka 2022\",\"description\":\"Znanost dostupna svima\",\"publisher\":{\"@id\":\"https:\/\/festivalznanosti.uniri.hr\/2022\/#organization\"},\"potentialAction\":[{\"@type\":\"SearchAction\",\"target\":{\"@type\":\"EntryPoint\",\"urlTemplate\":\"https:\/\/festivalznanosti.uniri.hr\/2022\/?s={search_term_string}\"},\"query-input\":\"required name=search_term_string\"}],\"inLanguage\":\"hr\"},{\"@type\":\"Organization\",\"@id\":\"https:\/\/festivalznanosti.uniri.hr\/2022\/#organization\",\"name\":\"Festival Znanosti\",\"url\":\"https:\/\/festivalznanosti.uniri.hr\/2022\/\",\"logo\":{\"@type\":\"ImageObject\",\"inLanguage\":\"hr\",\"@id\":\"https:\/\/festivalznanosti.uniri.hr\/2022\/#\/schema\/logo\/image\/\",\"url\":\"https:\/\/festivalznanosti.uniri.hr\/2022\/wp-content\/uploads\/sites\/4\/2022\/04\/FZ_22_web-scaled-e1650943935612.jpg\",\"contentUrl\":\"https:\/\/festivalznanosti.uniri.hr\/2022\/wp-content\/uploads\/sites\/4\/2022\/04\/FZ_22_web-scaled-e1650943935612.jpg\",\"width\":209,\"height\":211,\"caption\":\"Festival Znanosti\"},\"image\":{\"@id\":\"https:\/\/festivalznanosti.uniri.hr\/2022\/#\/schema\/logo\/image\/\"}}]}<\/script>\n<!-- \/ Yoast SEO plugin. -->","yoast_head_json":{"title":"Online - Festival Znanosti, Rijeka 2022","description":"Festival znanosti je manifestacija kojoj je cilj pribli\u017eiti znanost javnosti, odnosno informirati javnost o aktivnostima i rezultatima u podru\u010dju znanosti, pobolj\u0161ati javnu percepciju znanstvenika te motivirati mlade ljude za istra\u017eivanje i stjecanje novih znanja.","robots":{"index":"index","follow":"follow","max-snippet":"max-snippet:-1","max-image-preview":"max-image-preview:large","max-video-preview":"max-video-preview:-1"},"canonical":"https:\/\/festivalznanosti.uniri.hr\/2022\/online\/","og_locale":"hr_HR","og_type":"article","og_title":"Online - Festival Znanosti, Rijeka 2022","og_description":"Festival znanosti je manifestacija kojoj je cilj pribli\u017eiti znanost javnosti, odnosno informirati javnost o aktivnostima i rezultatima u podru\u010dju znanosti, pobolj\u0161ati javnu percepciju znanstvenika te motivirati mlade ljude za istra\u017eivanje i stjecanje novih znanja.","og_url":"https:\/\/festivalznanosti.uniri.hr\/2022\/online\/","og_site_name":"Festival Znanosti, Rijeka 2022","article_modified_time":"2022-05-04T21:30:57+00:00","twitter_card":"summary_large_image","twitter_misc":{"Procijenjeno vrijeme \u010ditanja":"1 minuta"},"schema":{"@context":"https:\/\/schema.org","@graph":[{"@type":"WebPage","@id":"https:\/\/festivalznanosti.uniri.hr\/2022\/online\/","url":"https:\/\/festivalznanosti.uniri.hr\/2022\/online\/","name":"Online - Festival Znanosti, Rijeka 2022","isPartOf":{"@id":"https:\/\/festivalznanosti.uniri.hr\/2022\/#website"},"datePublished":"2022-05-02T02:57:04+00:00","dateModified":"2022-05-04T21:30:57+00:00","description":"Festival znanosti je manifestacija kojoj je cilj pribli\u017eiti znanost javnosti, odnosno informirati javnost o aktivnostima i rezultatima u podru\u010dju znanosti, pobolj\u0161ati javnu percepciju znanstvenika te motivirati mlade ljude za istra\u017eivanje i stjecanje novih znanja.","breadcrumb":{"@id":"https:\/\/festivalznanosti.uniri.hr\/2022\/online\/#breadcrumb"},"inLanguage":"hr","potentialAction":[{"@type":"ReadAction","target":["https:\/\/festivalznanosti.uniri.hr\/2022\/online\/"]}]},{"@type":"BreadcrumbList","@id":"https:\/\/festivalznanosti.uniri.hr\/2022\/online\/#breadcrumb","itemListElement":[{"@type":"ListItem","position":1,"name":"Po\u010detna","item":"https:\/\/festivalznanosti.uniri.hr\/2022\/"},{"@type":"ListItem","position":2,"name":"Online"}]},{"@type":"WebSite","@id":"https:\/\/festivalznanosti.uniri.hr\/2022\/#website","url":"https:\/\/festivalznanosti.uniri.hr\/2022\/","name":"Festival Znanosti, Rijeka 2022","description":"Znanost dostupna svima","publisher":{"@id":"https:\/\/festivalznanosti.uniri.hr\/2022\/#organization"},"potentialAction":[{"@type":"SearchAction","target":{"@type":"EntryPoint","urlTemplate":"https:\/\/festivalznanosti.uniri.hr\/2022\/?s={search_term_string}"},"query-input":"required name=search_term_string"}],"inLanguage":"hr"},{"@type":"Organization","@id":"https:\/\/festivalznanosti.uniri.hr\/2022\/#organization","name":"Festival Znanosti","url":"https:\/\/festivalznanosti.uniri.hr\/2022\/","logo":{"@type":"ImageObject","inLanguage":"hr","@id":"https:\/\/festivalznanosti.uniri.hr\/2022\/#\/schema\/logo\/image\/","url":"https:\/\/festivalznanosti.uniri.hr\/2022\/wp-content\/uploads\/sites\/4\/2022\/04\/FZ_22_web-scaled-e1650943935612.jpg","contentUrl":"https:\/\/festivalznanosti.uniri.hr\/2022\/wp-content\/uploads\/sites\/4\/2022\/04\/FZ_22_web-scaled-e1650943935612.jpg","width":209,"height":211,"caption":"Festival Znanosti"},"image":{"@id":"https:\/\/festivalznanosti.uniri.hr\/2022\/#\/schema\/logo\/image\/"}}]}},"_links":{"self":[{"href":"https:\/\/festivalznanosti.uniri.hr\/2022\/wp-json\/wp\/v2\/pages\/438"}],"collection":[{"href":"https:\/\/festivalznanosti.uniri.hr\/2022\/wp-json\/wp\/v2\/pages"}],"about":[{"href":"https:\/\/festivalznanosti.uniri.hr\/2022\/wp-json\/wp\/v2\/types\/page"}],"author":[{"embeddable":true,"href":"https:\/\/festivalznanosti.uniri.hr\/2022\/wp-json\/wp\/v2\/users\/1"}],"replies":[{"embeddable":true,"href":"https:\/\/festivalznanosti.uniri.hr\/2022\/wp-json\/wp\/v2\/comments?post=438"}],"version-history":[{"count":21,"href":"https:\/\/festivalznanosti.uniri.hr\/2022\/wp-json\/wp\/v2\/pages\/438\/revisions"}],"predecessor-version":[{"id":532,"href":"https:\/\/festivalznanosti.uniri.hr\/2022\/wp-json\/wp\/v2\/pages\/438\/revisions\/532"}],"wp:attachment":[{"href":"https:\/\/festivalznanosti.uniri.hr\/2022\/wp-json\/wp\/v2\/media?parent=438"}],"curies":[{"name":"wp","href":"https:\/\/api.w.org\/{rel}","templated":true}]}}