{"id":5,"date":"2022-04-25T21:12:05","date_gmt":"2022-04-25T21:12:05","guid":{"rendered":"https:\/\/festivalznanosti.uniri.hr\/2022\/dogadaji\/"},"modified":"2022-05-02T02:32:17","modified_gmt":"2022-05-02T02:32:17","slug":"dogadaji","status":"publish","type":"page","link":"https:\/\/festivalznanosti.uniri.hr\/2022\/dogadaji\/","title":{"rendered":"Doga\u0111aji"},"content":{"rendered":"","protected":false},"excerpt":{"rendered":"<p>CONTENTS<\/p>\n","protected":false},"author":1,"featured_media":0,"parent":0,"menu_order":0,"comment_status":"closed","ping_status":"open","template":"","meta":{"_monsterinsights_skip_tracking":false,"_monsterinsights_sitenote_active":false,"_monsterinsights_sitenote_note":"","_monsterinsights_sitenote_category":0,"_themeisle_gutenberg_block_has_review":false,"footnotes":""},"yoast_head":"<!-- This site is optimized with the Yoast SEO plugin v20.5 - https:\/\/yoast.com\/wordpress\/plugins\/seo\/ -->\n<title>Doga\u0111aji - Festival Znanosti, Rijeka 2022<\/title>\n<meta name=\"description\" content=\"Festival znanosti je manifestacija kojoj je cilj pribli\u017eiti znanost javnosti, odnosno informirati javnost o aktivnostima i rezultatima u podru\u010dju znanosti, pobolj\u0161ati javnu percepciju znanstvenika te motivirati mlade ljude za istra\u017eivanje i stjecanje novih znanja.\" \/>\n<meta name=\"robots\" content=\"index, follow, max-snippet:-1, max-image-preview:large, max-video-preview:-1\" \/>\n<link rel=\"canonical\" href=\"https:\/\/festivalznanosti.uniri.hr\/2022\/dogadaji\/\" \/>\n<meta property=\"og:locale\" content=\"hr_HR\" \/>\n<meta property=\"og:type\" content=\"article\" \/>\n<meta property=\"og:title\" content=\"Doga\u0111aji - Festival Znanosti, Rijeka 2022\" \/>\n<meta property=\"og:description\" content=\"Festival znanosti je manifestacija kojoj je cilj pribli\u017eiti znanost javnosti, odnosno informirati javnost o aktivnostima i rezultatima u podru\u010dju znanosti, pobolj\u0161ati javnu percepciju znanstvenika te motivirati mlade ljude za istra\u017eivanje i stjecanje novih znanja.\" \/>\n<meta property=\"og:url\" content=\"https:\/\/festivalznanosti.uniri.hr\/2022\/dogadaji\/\" \/>\n<meta property=\"og:site_name\" content=\"Festival Znanosti, Rijeka 2022\" \/>\n<meta property=\"article:modified_time\" content=\"2022-05-02T02:32:17+00:00\" \/>\n<meta name=\"twitter:card\" content=\"summary_large_image\" \/>\n<meta name=\"twitter:label1\" content=\"Procijenjeno vrijeme \u010ditanja\" \/>\n\t<meta name=\"twitter:data1\" content=\"1 minuta\" \/>\n<script type=\"application\/ld+json\" class=\"yoast-schema-graph\">{\"@context\":\"https:\/\/schema.org\",\"@graph\":[{\"@type\":\"WebPage\",\"@id\":\"https:\/\/festivalznanosti.uniri.hr\/2022\/dogadaji\/\",\"url\":\"https:\/\/festivalznanosti.uniri.hr\/2022\/dogadaji\/\",\"name\":\"Doga\u0111aji - Festival Znanosti, Rijeka 2022\",\"isPartOf\":{\"@id\":\"https:\/\/festivalznanosti.uniri.hr\/2022\/#website\"},\"datePublished\":\"2022-04-25T21:12:05+00:00\",\"dateModified\":\"2022-05-02T02:32:17+00:00\",\"description\":\"Festival znanosti je manifestacija kojoj je cilj pribli\u017eiti znanost javnosti, odnosno informirati javnost o aktivnostima i rezultatima u podru\u010dju znanosti, pobolj\u0161ati javnu percepciju znanstvenika te motivirati mlade ljude za istra\u017eivanje i stjecanje novih znanja.\",\"breadcrumb\":{\"@id\":\"https:\/\/festivalznanosti.uniri.hr\/2022\/dogadaji\/#breadcrumb\"},\"inLanguage\":\"hr\",\"potentialAction\":[{\"@type\":\"ReadAction\",\"target\":[\"https:\/\/festivalznanosti.uniri.hr\/2022\/dogadaji\/\"]}]},{\"@type\":\"BreadcrumbList\",\"@id\":\"https:\/\/festivalznanosti.uniri.hr\/2022\/dogadaji\/#breadcrumb\",\"itemListElement\":[{\"@type\":\"ListItem\",\"position\":1,\"name\":\"Po\u010detna\",\"item\":\"https:\/\/festivalznanosti.uniri.hr\/2022\/\"},{\"@type\":\"ListItem\",\"position\":2,\"name\":\"Doga\u0111aji\"}]},{\"@type\":\"WebSite\",\"@id\":\"https:\/\/festivalznanosti.uniri.hr\/2022\/#website\",\"url\":\"https:\/\/festivalznanosti.uniri.hr\/2022\/\",\"name\":\"Festival Znanosti, Rijeka 2022\",\"description\":\"Znanost dostupna svima\",\"publisher\":{\"@id\":\"https:\/\/festivalznanosti.uniri.hr\/2022\/#organization\"},\"potentialAction\":[{\"@type\":\"SearchAction\",\"target\":{\"@type\":\"EntryPoint\",\"urlTemplate\":\"https:\/\/festivalznanosti.uniri.hr\/2022\/?s={search_term_string}\"},\"query-input\":\"required name=search_term_string\"}],\"inLanguage\":\"hr\"},{\"@type\":\"Organization\",\"@id\":\"https:\/\/festivalznanosti.uniri.hr\/2022\/#organization\",\"name\":\"Festival Znanosti\",\"url\":\"https:\/\/festivalznanosti.uniri.hr\/2022\/\",\"logo\":{\"@type\":\"ImageObject\",\"inLanguage\":\"hr\",\"@id\":\"https:\/\/festivalznanosti.uniri.hr\/2022\/#\/schema\/logo\/image\/\",\"url\":\"https:\/\/festivalznanosti.uniri.hr\/2022\/wp-content\/uploads\/sites\/4\/2022\/04\/FZ_22_web-scaled-e1650943935612.jpg\",\"contentUrl\":\"https:\/\/festivalznanosti.uniri.hr\/2022\/wp-content\/uploads\/sites\/4\/2022\/04\/FZ_22_web-scaled-e1650943935612.jpg\",\"width\":209,\"height\":211,\"caption\":\"Festival Znanosti\"},\"image\":{\"@id\":\"https:\/\/festivalznanosti.uniri.hr\/2022\/#\/schema\/logo\/image\/\"}}]}<\/script>\n<!-- \/ Yoast SEO plugin. -->","yoast_head_json":{"title":"Doga\u0111aji - Festival Znanosti, Rijeka 2022","description":"Festival znanosti je manifestacija kojoj je cilj pribli\u017eiti znanost javnosti, odnosno informirati javnost o aktivnostima i rezultatima u podru\u010dju znanosti, pobolj\u0161ati javnu percepciju znanstvenika te motivirati mlade ljude za istra\u017eivanje i stjecanje novih znanja.","robots":{"index":"index","follow":"follow","max-snippet":"max-snippet:-1","max-image-preview":"max-image-preview:large","max-video-preview":"max-video-preview:-1"},"canonical":"https:\/\/festivalznanosti.uniri.hr\/2022\/dogadaji\/","og_locale":"hr_HR","og_type":"article","og_title":"Doga\u0111aji - Festival Znanosti, Rijeka 2022","og_description":"Festival znanosti je manifestacija kojoj je cilj pribli\u017eiti znanost javnosti, odnosno informirati javnost o aktivnostima i rezultatima u podru\u010dju znanosti, pobolj\u0161ati javnu percepciju znanstvenika te motivirati mlade ljude za istra\u017eivanje i stjecanje novih znanja.","og_url":"https:\/\/festivalznanosti.uniri.hr\/2022\/dogadaji\/","og_site_name":"Festival Znanosti, Rijeka 2022","article_modified_time":"2022-05-02T02:32:17+00:00","twitter_card":"summary_large_image","twitter_misc":{"Procijenjeno vrijeme \u010ditanja":"1 minuta"},"schema":{"@context":"https:\/\/schema.org","@graph":[{"@type":"WebPage","@id":"https:\/\/festivalznanosti.uniri.hr\/2022\/dogadaji\/","url":"https:\/\/festivalznanosti.uniri.hr\/2022\/dogadaji\/","name":"Doga\u0111aji - Festival Znanosti, Rijeka 2022","isPartOf":{"@id":"https:\/\/festivalznanosti.uniri.hr\/2022\/#website"},"datePublished":"2022-04-25T21:12:05+00:00","dateModified":"2022-05-02T02:32:17+00:00","description":"Festival znanosti je manifestacija kojoj je cilj pribli\u017eiti znanost javnosti, odnosno informirati javnost o aktivnostima i rezultatima u podru\u010dju znanosti, pobolj\u0161ati javnu percepciju znanstvenika te motivirati mlade ljude za istra\u017eivanje i stjecanje novih znanja.","breadcrumb":{"@id":"https:\/\/festivalznanosti.uniri.hr\/2022\/dogadaji\/#breadcrumb"},"inLanguage":"hr","potentialAction":[{"@type":"ReadAction","target":["https:\/\/festivalznanosti.uniri.hr\/2022\/dogadaji\/"]}]},{"@type":"BreadcrumbList","@id":"https:\/\/festivalznanosti.uniri.hr\/2022\/dogadaji\/#breadcrumb","itemListElement":[{"@type":"ListItem","position":1,"name":"Po\u010detna","item":"https:\/\/festivalznanosti.uniri.hr\/2022\/"},{"@type":"ListItem","position":2,"name":"Doga\u0111aji"}]},{"@type":"WebSite","@id":"https:\/\/festivalznanosti.uniri.hr\/2022\/#website","url":"https:\/\/festivalznanosti.uniri.hr\/2022\/","name":"Festival Znanosti, Rijeka 2022","description":"Znanost dostupna svima","publisher":{"@id":"https:\/\/festivalznanosti.uniri.hr\/2022\/#organization"},"potentialAction":[{"@type":"SearchAction","target":{"@type":"EntryPoint","urlTemplate":"https:\/\/festivalznanosti.uniri.hr\/2022\/?s={search_term_string}"},"query-input":"required name=search_term_string"}],"inLanguage":"hr"},{"@type":"Organization","@id":"https:\/\/festivalznanosti.uniri.hr\/2022\/#organization","name":"Festival Znanosti","url":"https:\/\/festivalznanosti.uniri.hr\/2022\/","logo":{"@type":"ImageObject","inLanguage":"hr","@id":"https:\/\/festivalznanosti.uniri.hr\/2022\/#\/schema\/logo\/image\/","url":"https:\/\/festivalznanosti.uniri.hr\/2022\/wp-content\/uploads\/sites\/4\/2022\/04\/FZ_22_web-scaled-e1650943935612.jpg","contentUrl":"https:\/\/festivalznanosti.uniri.hr\/2022\/wp-content\/uploads\/sites\/4\/2022\/04\/FZ_22_web-scaled-e1650943935612.jpg","width":209,"height":211,"caption":"Festival Znanosti"},"image":{"@id":"https:\/\/festivalznanosti.uniri.hr\/2022\/#\/schema\/logo\/image\/"}}]}},"_links":{"self":[{"href":"https:\/\/festivalznanosti.uniri.hr\/2022\/wp-json\/wp\/v2\/pages\/5"}],"collection":[{"href":"https:\/\/festivalznanosti.uniri.hr\/2022\/wp-json\/wp\/v2\/pages"}],"about":[{"href":"https:\/\/festivalznanosti.uniri.hr\/2022\/wp-json\/wp\/v2\/types\/page"}],"author":[{"embeddable":true,"href":"https:\/\/festivalznanosti.uniri.hr\/2022\/wp-json\/wp\/v2\/users\/1"}],"replies":[{"embeddable":true,"href":"https:\/\/festivalznanosti.uniri.hr\/2022\/wp-json\/wp\/v2\/comments?post=5"}],"version-history":[{"count":33,"href":"https:\/\/festivalznanosti.uniri.hr\/2022\/wp-json\/wp\/v2\/pages\/5\/revisions"}],"predecessor-version":[{"id":437,"href":"https:\/\/festivalznanosti.uniri.hr\/2022\/wp-json\/wp\/v2\/pages\/5\/revisions\/437"}],"wp:attachment":[{"href":"https:\/\/festivalznanosti.uniri.hr\/2022\/wp-json\/wp\/v2\/media?parent=5"}],"curies":[{"name":"wp","href":"https:\/\/api.w.org\/{rel}","templated":true}]}}