{"id":6,"date":"2022-04-25T21:12:05","date_gmt":"2022-04-25T21:12:05","guid":{"rendered":"https:\/\/festivalznanosti.uniri.hr\/2022\/dogadaji\/lokacije\/"},"modified":"2022-04-27T03:59:09","modified_gmt":"2022-04-27T03:59:09","slug":"lokacije","status":"publish","type":"page","link":"https:\/\/festivalznanosti.uniri.hr\/2022\/lokacije\/","title":{"rendered":"Lokacije"},"content":{"rendered":"<div class=\"post-content\"><ul>\n<li style=\"list-style-type: none;\">\n<ul><\/ul>\n<\/li>\n<li style=\"list-style-type: none;\">\n<ul>\n<li><a href=\"https:\/\/festivalznanosti.uniri.hr\/2022\/locations\/akademija-primijenjenih-umjetnosti-i-centar-za-inovativne-medije-sveucilista-u-rijeci\/\">Akademija primijenjenih umjetnosti i Centar za inovativne medije Sveu\u010dili\u0161ta u Rijeci<\/a><\/li>\n<\/ul>\n<\/li>\n<\/ul>\n<p><\/ul>\n<\/li>\n<li style=\"list-style-type: none;\">\n<ul>\n<li><a href=\"https:\/\/festivalznanosti.uniri.hr\/2022\/locations\/astronomski-centar-rijeka\/\">Astronomski centar Rijeka<\/a><\/li>\n<\/ul>\n<\/li>\n<\/ul>\n<p><\/ul>\n<\/li>\n<li style=\"list-style-type: none;\">\n<ul>\n<li><a href=\"https:\/\/festivalznanosti.uniri.hr\/2022\/locations\/centar-tehnicke-kulture-rijeka-2\/\">Centar tehni\u010dke kulture Rijeka<\/a><\/li>\n<\/ul>\n<\/li>\n<\/ul>\n<p><\/ul>\n<\/li>\n<li style=\"list-style-type: none;\">\n<ul>\n<li><a href=\"https:\/\/festivalznanosti.uniri.hr\/2022\/locations\/djecja-kuca\/\">Dje\u010dja ku\u0107a<\/a><\/li>\n<\/ul>\n<\/li>\n<\/ul>\n<p><\/ul>\n<\/li>\n<li style=\"list-style-type: none;\">\n<ul>\n<li><a href=\"https:\/\/festivalznanosti.uniri.hr\/2022\/locations\/ekonomski-fakultet-u-rijeci\/\">Ekonomski fakultet u Rijeci<\/a><\/li>\n<\/ul>\n<\/li>\n<\/ul>\n<p><\/ul>\n<\/li>\n<li style=\"list-style-type: none;\">\n<ul>\n<li><a href=\"https:\/\/festivalznanosti.uniri.hr\/2022\/locations\/fakultet-informatike-i-digitalnih-tehnologija-sveucilista-u-rijeci\/\">Fakultet informatike i digitalnih tehnologija Sveu\u010dili\u0161ta u Rijeci<\/a><\/li>\n<\/ul>\n<\/li>\n<\/ul>\n<p><\/ul>\n<\/li>\n<li style=\"list-style-type: none;\">\n<ul>\n<li><a href=\"https:\/\/festivalznanosti.uniri.hr\/2022\/locations\/fakultet-za-fiziku-sveucilista-u-rijeci\/\">Fakultet za fiziku Sveu\u010dili\u0161ta u Rijeci<\/a><\/li>\n<\/ul>\n<\/li>\n<\/ul>\n<p><\/ul>\n<\/li>\n<li style=\"list-style-type: none;\">\n<ul>\n<li><a href=\"https:\/\/festivalznanosti.uniri.hr\/2022\/locations\/fakultet-za-matematiku-sveucilista-u-rijeci\/\">Fakultet za matematiku Sveu\u010dili\u0161ta u Rijeci<\/a><\/li>\n<\/ul>\n<\/li>\n<\/ul>\n<p><\/ul>\n<\/li>\n<li style=\"list-style-type: none;\">\n<ul>\n<li><a href=\"https:\/\/festivalznanosti.uniri.hr\/2022\/locations\/fakultet-zdravstvenih-studija-sveuciliste-u-rijeci\/\">Fakultet zdravstvenih studija Sveu\u010dili\u0161te u Rijeci<\/a><\/li>\n<\/ul>\n<\/li>\n<\/ul>\n<p><\/ul>\n<\/li>\n<li style=\"list-style-type: none;\">\n<ul>\n<li><a href=\"https:\/\/festivalznanosti.uniri.hr\/2022\/locations\/gradska-vijecnica-rijeka\/\">Gradska vije\u0107nica Rijeka<\/a><\/li>\n<\/ul>\n<\/li>\n<\/ul>\n<p><\/ul>\n<\/li>\n<li style=\"list-style-type: none;\">\n<ul>\n<li><a href=\"https:\/\/festivalznanosti.uniri.hr\/2022\/locations\/gradevinski-fakultet-sveucilista-u-rijeci\/\">Gra\u0111evinski fakultet Sveu\u010dili\u0161ta u Rijeci<\/a><\/li>\n<\/ul>\n<\/li>\n<\/ul>\n<p><\/ul>\n<\/li>\n<li style=\"list-style-type: none;\">\n<ul>\n<li><a href=\"https:\/\/festivalznanosti.uniri.hr\/2022\/locations\/hotelijersko-turistickoj-skola-opatija\/\">Hotelijersko-turisti\u010dkoj \u0161kola Opatija<\/a><\/li>\n<\/ul>\n<\/li>\n<\/ul>\n<p><\/ul>\n<\/li>\n<li style=\"list-style-type: none;\">\n<ul>\n<li><a href=\"https:\/\/festivalznanosti.uniri.hr\/2022\/locations\/kampus-trsat-zgrada-sveucilisnih-odjela\/\">Kampus Trsat, Zgrada sveu\u010dili\u0161nih odjela<\/a><\/li>\n<\/ul>\n<\/li>\n<\/ul>\n<p><\/ul>\n<\/li>\n<li style=\"list-style-type: none;\">\n<ul>\n<li><a href=\"https:\/\/festivalznanosti.uniri.hr\/2022\/locations\/korzo\/\">Korzo<\/a><\/li>\n<\/ul>\n<\/li>\n<\/ul>\n<p><\/ul>\n<\/li>\n<li style=\"list-style-type: none;\">\n<ul>\n<li><a href=\"https:\/\/festivalznanosti.uniri.hr\/2022\/locations\/moho-centar\/\">MOHO centar<\/a><\/li>\n<\/ul>\n<\/li>\n<\/ul>\n<p><\/ul>\n<\/li>\n<li style=\"list-style-type: none;\">\n<ul>\n<li><a href=\"https:\/\/festivalznanosti.uniri.hr\/2022\/locations\/osnovna-skola-eugen-kumicic-rijeka\/\">Osnovna \u0161kola Eugen Kumi\u010di\u0107, Rijeka<\/a><\/li>\n<\/ul>\n<\/li>\n<\/ul>\n<p><\/ul>\n<\/li>\n<li style=\"list-style-type: none;\">\n<ul>\n<li><a href=\"https:\/\/festivalznanosti.uniri.hr\/2022\/locations\/osnovna-skola-nikola-tesla\/\">Osnovna \u0161kola Nikola Tesla<\/a><\/li>\n<\/ul>\n<\/li>\n<\/ul>\n<p><\/ul>\n<\/li>\n<li style=\"list-style-type: none;\">\n<ul>\n<li><a href=\"https:\/\/festivalznanosti.uniri.hr\/2022\/locations\/palaca-moise\/\">Pala\u010da Moise<\/a><\/li>\n<\/ul>\n<\/li>\n<\/ul>\n<p><\/ul>\n<\/li>\n<li style=\"list-style-type: none;\">\n<ul>\n<li><a href=\"https:\/\/festivalznanosti.uniri.hr\/2022\/locations\/pomorska-skola-bakar\/\">Pomorska \u0161kola Bakar<\/a><\/li>\n<\/ul>\n<\/li>\n<\/ul>\n<p><\/ul>\n<\/li>\n<li style=\"list-style-type: none;\">\n<ul>\n<li><a href=\"https:\/\/festivalznanosti.uniri.hr\/2022\/locations\/pomorski-fakultet-sveucilista\/\">Pomorski fakultet Sveu\u010dili\u0161ta<\/a><\/li>\n<\/ul>\n<\/li>\n<\/ul>\n<p><\/ul>\n<\/li>\n<li style=\"list-style-type: none;\">\n<ul>\n<li><a href=\"https:\/\/festivalznanosti.uniri.hr\/2022\/locations\/pomorski-i-povijesni-muzej-hrvatskoga-primorja-rijeka\/\">Pomorski i povijesni muzej Hrvatskoga primorja, Rijeka<\/a><\/li>\n<\/ul>\n<\/li>\n<\/ul>\n<p><\/ul>\n<\/li>\n<li style=\"list-style-type: none;\">\n<ul>\n<li><a href=\"https:\/\/festivalznanosti.uniri.hr\/2022\/locations\/pravni-fakultet-sveucilista-u-rijeci\/\">Pravni fakultet Sveu\u010dili\u0161ta u Rijeci<\/a><\/li>\n<\/ul>\n<\/li>\n<\/ul>\n<p><\/ul>\n<\/li>\n<li style=\"list-style-type: none;\">\n<ul>\n<li><a href=\"https:\/\/festivalznanosti.uniri.hr\/2022\/locations\/prirodoslovni-muzej-rijeka\/\">Prirodoslovni muzej Rijeka<\/a><\/li>\n<\/ul>\n<\/li>\n<\/ul>\n<p><\/ul>\n<\/li>\n<li style=\"list-style-type: none;\">\n<ul>\n<li><a href=\"https:\/\/festivalznanosti.uniri.hr\/2022\/locations\/prometna-skola-rijeka\/\">Prometna \u0161kola Rijeka<\/a><\/li>\n<\/ul>\n<\/li>\n<\/ul>\n<p><\/ul>\n<\/li>\n<li style=\"list-style-type: none;\">\n<ul>\n<li><a href=\"https:\/\/festivalznanosti.uniri.hr\/2022\/locations\/river-pub\/\">River Pub<\/a><\/li>\n<\/ul>\n<\/li>\n<\/ul>\n<p><\/ul>\n<\/li>\n<li style=\"list-style-type: none;\">\n<ul>\n<li><a href=\"https:\/\/festivalznanosti.uniri.hr\/2022\/locations\/snoopy-obrt-za-dnevnu-skrb-o-djeci\/\">Snoopy, obrt za dnevnu skrb o djeci<\/a><\/li>\n<\/ul>\n<\/li>\n<\/ul>\n<p><\/ul>\n<\/li>\n<li style=\"list-style-type: none;\">\n<ul>\n<li><a href=\"https:\/\/festivalznanosti.uniri.hr\/2022\/locations\/srednja-skola-hrvatski-kralj-zvonimir\/\">Srednja \u0161kola Hrvatski kralj Zvonimir<\/a><\/li>\n<\/ul>\n<\/li>\n<\/ul>\n<p><\/ul>\n<\/li>\n<li style=\"list-style-type: none;\">\n<ul>\n<li><a href=\"https:\/\/festivalznanosti.uniri.hr\/2022\/locations\/uciteljski-fakultet-sveucilista-u-rijeci\/\">U\u010diteljski fakultet Sveu\u010dili\u0161ta u Rijeci<\/a><\/li>\n<\/ul>\n<\/li>\n<\/ul>\n<p><\/p>\n<\/div>","protected":false},"excerpt":{"rendered":"","protected":false},"author":1,"featured_media":0,"parent":0,"menu_order":0,"comment_status":"closed","ping_status":"open","template":"","meta":{"_monsterinsights_skip_tracking":false,"_monsterinsights_sitenote_active":false,"_monsterinsights_sitenote_note":"","_monsterinsights_sitenote_category":0,"_themeisle_gutenberg_block_has_review":false,"footnotes":""},"yoast_head":"<!-- This site is optimized with the Yoast SEO plugin v20.5 - https:\/\/yoast.com\/wordpress\/plugins\/seo\/ -->\n<title>Lokacije - Festival Znanosti, Rijeka 2022<\/title>\n<meta name=\"description\" content=\"Festival znanosti je manifestacija kojoj je cilj pribli\u017eiti znanost javnosti, odnosno informirati javnost o aktivnostima i rezultatima u podru\u010dju znanosti, pobolj\u0161ati javnu percepciju znanstvenika te motivirati mlade ljude za istra\u017eivanje i stjecanje novih znanja.\" \/>\n<meta name=\"robots\" content=\"index, follow, max-snippet:-1, max-image-preview:large, max-video-preview:-1\" \/>\n<link rel=\"canonical\" href=\"https:\/\/festivalznanosti.uniri.hr\/2022\/lokacije\/\" \/>\n<meta property=\"og:locale\" content=\"hr_HR\" \/>\n<meta property=\"og:type\" content=\"article\" \/>\n<meta property=\"og:title\" content=\"Lokacije - Festival Znanosti, Rijeka 2022\" \/>\n<meta property=\"og:description\" content=\"Festival znanosti je manifestacija kojoj je cilj pribli\u017eiti znanost javnosti, odnosno informirati javnost o aktivnostima i rezultatima u podru\u010dju znanosti, pobolj\u0161ati javnu percepciju znanstvenika te motivirati mlade ljude za istra\u017eivanje i stjecanje novih znanja.\" \/>\n<meta property=\"og:url\" content=\"https:\/\/festivalznanosti.uniri.hr\/2022\/lokacije\/\" \/>\n<meta property=\"og:site_name\" content=\"Festival Znanosti, Rijeka 2022\" \/>\n<meta property=\"article:modified_time\" content=\"2022-04-27T03:59:09+00:00\" \/>\n<meta name=\"twitter:card\" content=\"summary_large_image\" \/>\n<meta name=\"twitter:label1\" content=\"Procijenjeno vrijeme \u010ditanja\" \/>\n\t<meta name=\"twitter:data1\" content=\"1 minuta\" \/>\n<script type=\"application\/ld+json\" class=\"yoast-schema-graph\">{\"@context\":\"https:\/\/schema.org\",\"@graph\":[{\"@type\":\"WebPage\",\"@id\":\"https:\/\/festivalznanosti.uniri.hr\/2022\/lokacije\/\",\"url\":\"https:\/\/festivalznanosti.uniri.hr\/2022\/lokacije\/\",\"name\":\"Lokacije - Festival Znanosti, Rijeka 2022\",\"isPartOf\":{\"@id\":\"https:\/\/festivalznanosti.uniri.hr\/2022\/#website\"},\"datePublished\":\"2022-04-25T21:12:05+00:00\",\"dateModified\":\"2022-04-27T03:59:09+00:00\",\"description\":\"Festival znanosti je manifestacija kojoj je cilj pribli\u017eiti znanost javnosti, odnosno informirati javnost o aktivnostima i rezultatima u podru\u010dju znanosti, pobolj\u0161ati javnu percepciju znanstvenika te motivirati mlade ljude za istra\u017eivanje i stjecanje novih znanja.\",\"breadcrumb\":{\"@id\":\"https:\/\/festivalznanosti.uniri.hr\/2022\/lokacije\/#breadcrumb\"},\"inLanguage\":\"hr\",\"potentialAction\":[{\"@type\":\"ReadAction\",\"target\":[\"https:\/\/festivalznanosti.uniri.hr\/2022\/lokacije\/\"]}]},{\"@type\":\"BreadcrumbList\",\"@id\":\"https:\/\/festivalznanosti.uniri.hr\/2022\/lokacije\/#breadcrumb\",\"itemListElement\":[{\"@type\":\"ListItem\",\"position\":1,\"name\":\"Po\u010detna\",\"item\":\"https:\/\/festivalznanosti.uniri.hr\/2022\/\"},{\"@type\":\"ListItem\",\"position\":2,\"name\":\"Lokacije\"}]},{\"@type\":\"WebSite\",\"@id\":\"https:\/\/festivalznanosti.uniri.hr\/2022\/#website\",\"url\":\"https:\/\/festivalznanosti.uniri.hr\/2022\/\",\"name\":\"Festival Znanosti, Rijeka 2022\",\"description\":\"Znanost dostupna svima\",\"publisher\":{\"@id\":\"https:\/\/festivalznanosti.uniri.hr\/2022\/#organization\"},\"potentialAction\":[{\"@type\":\"SearchAction\",\"target\":{\"@type\":\"EntryPoint\",\"urlTemplate\":\"https:\/\/festivalznanosti.uniri.hr\/2022\/?s={search_term_string}\"},\"query-input\":\"required name=search_term_string\"}],\"inLanguage\":\"hr\"},{\"@type\":\"Organization\",\"@id\":\"https:\/\/festivalznanosti.uniri.hr\/2022\/#organization\",\"name\":\"Festival Znanosti\",\"url\":\"https:\/\/festivalznanosti.uniri.hr\/2022\/\",\"logo\":{\"@type\":\"ImageObject\",\"inLanguage\":\"hr\",\"@id\":\"https:\/\/festivalznanosti.uniri.hr\/2022\/#\/schema\/logo\/image\/\",\"url\":\"https:\/\/festivalznanosti.uniri.hr\/2022\/wp-content\/uploads\/sites\/4\/2022\/04\/FZ_22_web-scaled-e1650943935612.jpg\",\"contentUrl\":\"https:\/\/festivalznanosti.uniri.hr\/2022\/wp-content\/uploads\/sites\/4\/2022\/04\/FZ_22_web-scaled-e1650943935612.jpg\",\"width\":209,\"height\":211,\"caption\":\"Festival Znanosti\"},\"image\":{\"@id\":\"https:\/\/festivalznanosti.uniri.hr\/2022\/#\/schema\/logo\/image\/\"}}]}<\/script>\n<!-- \/ Yoast SEO plugin. -->","yoast_head_json":{"title":"Lokacije - Festival Znanosti, Rijeka 2022","description":"Festival znanosti je manifestacija kojoj je cilj pribli\u017eiti znanost javnosti, odnosno informirati javnost o aktivnostima i rezultatima u podru\u010dju znanosti, pobolj\u0161ati javnu percepciju znanstvenika te motivirati mlade ljude za istra\u017eivanje i stjecanje novih znanja.","robots":{"index":"index","follow":"follow","max-snippet":"max-snippet:-1","max-image-preview":"max-image-preview:large","max-video-preview":"max-video-preview:-1"},"canonical":"https:\/\/festivalznanosti.uniri.hr\/2022\/lokacije\/","og_locale":"hr_HR","og_type":"article","og_title":"Lokacije - Festival Znanosti, Rijeka 2022","og_description":"Festival znanosti je manifestacija kojoj je cilj pribli\u017eiti znanost javnosti, odnosno informirati javnost o aktivnostima i rezultatima u podru\u010dju znanosti, pobolj\u0161ati javnu percepciju znanstvenika te motivirati mlade ljude za istra\u017eivanje i stjecanje novih znanja.","og_url":"https:\/\/festivalznanosti.uniri.hr\/2022\/lokacije\/","og_site_name":"Festival Znanosti, Rijeka 2022","article_modified_time":"2022-04-27T03:59:09+00:00","twitter_card":"summary_large_image","twitter_misc":{"Procijenjeno vrijeme \u010ditanja":"1 minuta"},"schema":{"@context":"https:\/\/schema.org","@graph":[{"@type":"WebPage","@id":"https:\/\/festivalznanosti.uniri.hr\/2022\/lokacije\/","url":"https:\/\/festivalznanosti.uniri.hr\/2022\/lokacije\/","name":"Lokacije - Festival Znanosti, Rijeka 2022","isPartOf":{"@id":"https:\/\/festivalznanosti.uniri.hr\/2022\/#website"},"datePublished":"2022-04-25T21:12:05+00:00","dateModified":"2022-04-27T03:59:09+00:00","description":"Festival znanosti je manifestacija kojoj je cilj pribli\u017eiti znanost javnosti, odnosno informirati javnost o aktivnostima i rezultatima u podru\u010dju znanosti, pobolj\u0161ati javnu percepciju znanstvenika te motivirati mlade ljude za istra\u017eivanje i stjecanje novih znanja.","breadcrumb":{"@id":"https:\/\/festivalznanosti.uniri.hr\/2022\/lokacije\/#breadcrumb"},"inLanguage":"hr","potentialAction":[{"@type":"ReadAction","target":["https:\/\/festivalznanosti.uniri.hr\/2022\/lokacije\/"]}]},{"@type":"BreadcrumbList","@id":"https:\/\/festivalznanosti.uniri.hr\/2022\/lokacije\/#breadcrumb","itemListElement":[{"@type":"ListItem","position":1,"name":"Po\u010detna","item":"https:\/\/festivalznanosti.uniri.hr\/2022\/"},{"@type":"ListItem","position":2,"name":"Lokacije"}]},{"@type":"WebSite","@id":"https:\/\/festivalznanosti.uniri.hr\/2022\/#website","url":"https:\/\/festivalznanosti.uniri.hr\/2022\/","name":"Festival Znanosti, Rijeka 2022","description":"Znanost dostupna svima","publisher":{"@id":"https:\/\/festivalznanosti.uniri.hr\/2022\/#organization"},"potentialAction":[{"@type":"SearchAction","target":{"@type":"EntryPoint","urlTemplate":"https:\/\/festivalznanosti.uniri.hr\/2022\/?s={search_term_string}"},"query-input":"required name=search_term_string"}],"inLanguage":"hr"},{"@type":"Organization","@id":"https:\/\/festivalznanosti.uniri.hr\/2022\/#organization","name":"Festival Znanosti","url":"https:\/\/festivalznanosti.uniri.hr\/2022\/","logo":{"@type":"ImageObject","inLanguage":"hr","@id":"https:\/\/festivalznanosti.uniri.hr\/2022\/#\/schema\/logo\/image\/","url":"https:\/\/festivalznanosti.uniri.hr\/2022\/wp-content\/uploads\/sites\/4\/2022\/04\/FZ_22_web-scaled-e1650943935612.jpg","contentUrl":"https:\/\/festivalznanosti.uniri.hr\/2022\/wp-content\/uploads\/sites\/4\/2022\/04\/FZ_22_web-scaled-e1650943935612.jpg","width":209,"height":211,"caption":"Festival Znanosti"},"image":{"@id":"https:\/\/festivalznanosti.uniri.hr\/2022\/#\/schema\/logo\/image\/"}}]}},"_links":{"self":[{"href":"https:\/\/festivalznanosti.uniri.hr\/2022\/wp-json\/wp\/v2\/pages\/6"}],"collection":[{"href":"https:\/\/festivalznanosti.uniri.hr\/2022\/wp-json\/wp\/v2\/pages"}],"about":[{"href":"https:\/\/festivalznanosti.uniri.hr\/2022\/wp-json\/wp\/v2\/types\/page"}],"author":[{"embeddable":true,"href":"https:\/\/festivalznanosti.uniri.hr\/2022\/wp-json\/wp\/v2\/users\/1"}],"replies":[{"embeddable":true,"href":"https:\/\/festivalznanosti.uniri.hr\/2022\/wp-json\/wp\/v2\/comments?post=6"}],"version-history":[{"count":4,"href":"https:\/\/festivalznanosti.uniri.hr\/2022\/wp-json\/wp\/v2\/pages\/6\/revisions"}],"predecessor-version":[{"id":392,"href":"https:\/\/festivalznanosti.uniri.hr\/2022\/wp-json\/wp\/v2\/pages\/6\/revisions\/392"}],"wp:attachment":[{"href":"https:\/\/festivalznanosti.uniri.hr\/2022\/wp-json\/wp\/v2\/media?parent=6"}],"curies":[{"name":"wp","href":"https:\/\/api.w.org\/{rel}","templated":true}]}}