{"id":54,"date":"2023-04-14T01:16:39","date_gmt":"2023-04-14T01:16:39","guid":{"rendered":"https:\/\/festivalznanosti.uniri.hr\/2023\/?page_id=54"},"modified":"2023-04-21T22:37:48","modified_gmt":"2023-04-21T22:37:48","slug":"o-nama","status":"publish","type":"page","link":"https:\/\/festivalznanosti.uniri.hr\/2023\/o-nama\/","title":{"rendered":"O nama"},"content":{"rendered":"\n<p>Organizator: Centar za popularizaciju i promociju znanosti Sveu\u010dili\u0161ta u Rijeci, Sveu\u010dili\u0161te u Rijeci, Udruga Zlatni rez<\/p>\n\n\n\n<p>Suorganizatori: Prirodoslovni muzej Rijeka, Gradska knji\u017enica Rijeka, Udruga za razvoj visokoga \u0161kolstva Universitas, Zaklada Sveu\u010dili\u0161ta u Rijeci<\/p>\n\n\n\n<p>U Festival uklju\u010deni: Agencija za odgoj i obrazovanje, Akademsko Astronomsko Dru\u0161tvo \u2013 Rijeka, Astronomski centar Rijeka, Centar tehni\u010dke<br>kulture Rijeka, Centar za mikro- i nanoznanosti i tehnologije Sveu\u010dili\u0161ta u Rijeci, Dje\u010dja ku\u0107a, Dje\u010dji vrti\u0107 Mala sirena Rijeka; Dje\u010dji vrti\u0107 Mali princ<br>Rijeka, Dje\u010dji vrti\u0107 Vi\u0161kovo, Dom mladih Rijeka, Dru\u0161tvo matemati\u010dara i fizi\u010dara, Ekonomski fakultet Sveu\u010dili\u0161ta u Rijeci, Fakultet informatike i<br>digitalnih tehnologija Sveu\u010dili\u0161ta u Rijeci, Fakultet za fiziku Sveu\u010dili\u0161ta u Rijeci, Fakultet za matematiku Sveu\u010dili\u0161ta u Rijeci, Fakultet za<br>menad\u017ement u turizmu i ugostiteljstvu Sveu\u010dili\u0161ta u Rijeci, Fakultet zdravstvenih studija Sveu\u010dili\u0161ta u Rijeci, Festival Opatija, Filozofski fakultet<br>Sveu\u010dili\u0161ta u Rijeci, Gimnazija Eugen Kumi\u010di\u0107 Opatija, Gra\u0111evinski fakultet Sveu\u010dili\u0161ta u Rijeci, Medicinski fakultet Sveu\u010dili\u0161ta u Rijeci, Odjel<br>gradske uprave za odgoj i \u0161kolstvo Grada Rijeke, Odjel za biotehnologiju Sveu\u010dili\u0161ta u Rijeci, Osnovna \u0161kola Bakar &#8211; Podru\u010dna \u0161kola Krasica,<br>Osnovna \u0161kola Eugen Kumi\u010di\u0107 Rijeka, Osnovna \u0161kola Klana, Osnovna \u0161kola Nikola Tesla Rijeka, Pravni fakultet Sveu\u010dili\u0161ta u Rijeci, Prva rije\u010dka<br>hrvatska gimnazija, Pomorska \u0161kola Bakar, Pomorski fakultet Sveu\u010dili\u0161ta u Rijeci, Pomorski i povijesni muzej Hrvatskoga primorja Rijeka, Srednja<br>\u0161kola Hrvatski kralj Zvonimir Krk<\/p>\n\n\n\n<p>Pokrovitelji Festivala znanosti Rijeka: Grad Rijeka i Primorsko-goranska \u017eupanija<\/p>\n\n\n\n<p>Organizacijski odbor: dr. sc. Bojana \u0106ulum Ili\u0107, dr. sc. Nina \u010ceh, dr. sc. Vedrana Mikuli\u0107 Crnkovi\u0107 (predsjednica), dr. sc. \u017deljka Modri\u0107 Surina, dr. sc. Ivana Poljan\u010di\u0107 Beljan, Vanesa Uj\u010di\u0107 O\u017ebolt<\/p>\n\n\n\n<p>ULAZ je na sve manifestacije Festivala znanosti slobodan.<\/p>\n\n\n\n<p>INFO\u0160TAND Posjetite info\u0161tand Festivala znanosti na Korzu 19. \u2013 29. travnja 2023. od 10.00 do 16.00 sati.<\/p>\n","protected":false},"excerpt":{"rendered":"<p>Organizator: Centar za popularizaciju i promociju znanosti Sveu\u010dili\u0161ta u Rijeci, Sveu\u010dili\u0161te u Rijeci, Udruga Zlatni rez Suorganizatori: Prirodoslovni muzej Rijeka, Gradska knji\u017enica Rijeka, Udruga za razvoj visokoga \u0161kolstva Universitas, Zaklada Sveu\u010dili\u0161ta u Rijeci U Festival uklju\u010deni: Agencija za odgoj i obrazovanje, Akademsko Astronomsko Dru\u0161tvo \u2013 Rijeka, Astronomski centar Rijeka, Centar tehni\u010dkekulture Rijeka, Centar za mikro- &hellip;<\/p>\n<p class=\"read-more\"> <a class=\"\" href=\"https:\/\/festivalznanosti.uniri.hr\/2023\/o-nama\/\"> <span class=\"screen-reader-text\">O nama<\/span> Read More &raquo;<\/a><\/p>\n","protected":false},"author":1,"featured_media":0,"parent":0,"menu_order":0,"comment_status":"closed","ping_status":"closed","template":"","meta":{"_monsterinsights_skip_tracking":false,"_monsterinsights_sitenote_active":false,"_monsterinsights_sitenote_note":"","_monsterinsights_sitenote_category":0,"site-sidebar-layout":"default","site-content-layout":"default","ast-global-header-display":"","ast-main-header-display":"","ast-hfb-above-header-display":"","ast-hfb-below-header-display":"","ast-hfb-mobile-header-display":"","site-post-title":"","ast-breadcrumbs-content":"","ast-featured-img":"","footer-sml-layout":"","theme-transparent-header-meta":"","adv-header-id-meta":"","stick-header-meta":"","header-above-stick-meta":"","header-main-stick-meta":"","header-below-stick-meta":"","_themeisle_gutenberg_block_has_review":false,"footnotes":""},"yoast_head":"<!-- This site is optimized with the Yoast SEO plugin v20.5 - https:\/\/yoast.com\/wordpress\/plugins\/seo\/ -->\n<title>O nama - Festival Znanosti, Rijeka 2023<\/title>\n<meta name=\"robots\" content=\"index, follow, max-snippet:-1, max-image-preview:large, max-video-preview:-1\" \/>\n<link rel=\"canonical\" href=\"https:\/\/festivalznanosti.uniri.hr\/2023\/o-nama\/\" \/>\n<meta property=\"og:locale\" content=\"hr_HR\" \/>\n<meta property=\"og:type\" content=\"article\" \/>\n<meta property=\"og:title\" content=\"O nama - Festival Znanosti, Rijeka 2023\" \/>\n<meta property=\"og:description\" content=\"Organizator: Centar za popularizaciju i promociju znanosti Sveu\u010dili\u0161ta u Rijeci, Sveu\u010dili\u0161te u Rijeci, Udruga Zlatni rez Suorganizatori: Prirodoslovni muzej Rijeka, Gradska knji\u017enica Rijeka, Udruga za razvoj visokoga \u0161kolstva Universitas, Zaklada Sveu\u010dili\u0161ta u Rijeci U Festival uklju\u010deni: Agencija za odgoj i obrazovanje, Akademsko Astronomsko Dru\u0161tvo \u2013 Rijeka, Astronomski centar Rijeka, Centar tehni\u010dkekulture Rijeka, Centar za mikro- &hellip; O nama Read More &raquo;\" \/>\n<meta property=\"og:url\" content=\"https:\/\/festivalznanosti.uniri.hr\/2023\/o-nama\/\" \/>\n<meta property=\"og:site_name\" content=\"Festival Znanosti, Rijeka 2023\" \/>\n<meta property=\"article:publisher\" content=\"https:\/\/www.facebook.com\/festivalznanostirijeka\/\" \/>\n<meta property=\"article:modified_time\" content=\"2023-04-21T22:37:48+00:00\" \/>\n<meta property=\"og:image\" content=\"https:\/\/festivalznanosti.uniri.hr\/2023\/wp-content\/uploads\/sites\/6\/2023\/04\/FZ_23_web-scaled.jpg\" \/>\n\t<meta property=\"og:image:width\" content=\"2560\" \/>\n\t<meta property=\"og:image:height\" content=\"1067\" \/>\n\t<meta property=\"og:image:type\" content=\"image\/jpeg\" \/>\n<meta name=\"twitter:card\" content=\"summary_large_image\" \/>\n<meta name=\"twitter:label1\" content=\"Procijenjeno vrijeme \u010ditanja\" \/>\n\t<meta name=\"twitter:data1\" content=\"2 minute\" \/>\n<script type=\"application\/ld+json\" class=\"yoast-schema-graph\">{\"@context\":\"https:\/\/schema.org\",\"@graph\":[{\"@type\":\"WebPage\",\"@id\":\"https:\/\/festivalznanosti.uniri.hr\/2023\/o-nama\/\",\"url\":\"https:\/\/festivalznanosti.uniri.hr\/2023\/o-nama\/\",\"name\":\"O nama - Festival Znanosti, Rijeka 2023\",\"isPartOf\":{\"@id\":\"https:\/\/festivalznanosti.uniri.hr\/2023\/#website\"},\"datePublished\":\"2023-04-14T01:16:39+00:00\",\"dateModified\":\"2023-04-21T22:37:48+00:00\",\"breadcrumb\":{\"@id\":\"https:\/\/festivalznanosti.uniri.hr\/2023\/o-nama\/#breadcrumb\"},\"inLanguage\":\"hr\",\"potentialAction\":[{\"@type\":\"ReadAction\",\"target\":[\"https:\/\/festivalznanosti.uniri.hr\/2023\/o-nama\/\"]}]},{\"@type\":\"BreadcrumbList\",\"@id\":\"https:\/\/festivalznanosti.uniri.hr\/2023\/o-nama\/#breadcrumb\",\"itemListElement\":[{\"@type\":\"ListItem\",\"position\":1,\"name\":\"Po\u010detna\",\"item\":\"https:\/\/festivalznanosti.uniri.hr\/2023\/\"},{\"@type\":\"ListItem\",\"position\":2,\"name\":\"O nama\"}]},{\"@type\":\"WebSite\",\"@id\":\"https:\/\/festivalznanosti.uniri.hr\/2023\/#website\",\"url\":\"https:\/\/festivalznanosti.uniri.hr\/2023\/\",\"name\":\"Festival Znanosti, Rijeka 2023\",\"description\":\"Znanost dostupna svima\",\"publisher\":{\"@id\":\"https:\/\/festivalznanosti.uniri.hr\/2023\/#organization\"},\"potentialAction\":[{\"@type\":\"SearchAction\",\"target\":{\"@type\":\"EntryPoint\",\"urlTemplate\":\"https:\/\/festivalznanosti.uniri.hr\/2023\/?s={search_term_string}\"},\"query-input\":\"required name=search_term_string\"}],\"inLanguage\":\"hr\"},{\"@type\":\"Organization\",\"@id\":\"https:\/\/festivalznanosti.uniri.hr\/2023\/#organization\",\"name\":\"Festival znanosti Rijeka\",\"url\":\"https:\/\/festivalznanosti.uniri.hr\/2023\/\",\"logo\":{\"@type\":\"ImageObject\",\"inLanguage\":\"hr\",\"@id\":\"https:\/\/festivalznanosti.uniri.hr\/2023\/#\/schema\/logo\/image\/\",\"url\":\"https:\/\/festivalznanosti.uniri.hr\/2023\/wp-content\/uploads\/sites\/6\/2023\/04\/cropped-FZ_23_web-scaled-2.jpg\",\"contentUrl\":\"https:\/\/festivalznanosti.uniri.hr\/2023\/wp-content\/uploads\/sites\/6\/2023\/04\/cropped-FZ_23_web-scaled-2.jpg\",\"width\":125,\"height\":127,\"caption\":\"Festival znanosti Rijeka\"},\"image\":{\"@id\":\"https:\/\/festivalznanosti.uniri.hr\/2023\/#\/schema\/logo\/image\/\"},\"sameAs\":[\"https:\/\/www.facebook.com\/festivalznanostirijeka\/\"]}]}<\/script>\n<!-- \/ Yoast SEO plugin. -->","yoast_head_json":{"title":"O nama - Festival Znanosti, Rijeka 2023","robots":{"index":"index","follow":"follow","max-snippet":"max-snippet:-1","max-image-preview":"max-image-preview:large","max-video-preview":"max-video-preview:-1"},"canonical":"https:\/\/festivalznanosti.uniri.hr\/2023\/o-nama\/","og_locale":"hr_HR","og_type":"article","og_title":"O nama - Festival Znanosti, Rijeka 2023","og_description":"Organizator: Centar za popularizaciju i promociju znanosti Sveu\u010dili\u0161ta u Rijeci, Sveu\u010dili\u0161te u Rijeci, Udruga Zlatni rez Suorganizatori: Prirodoslovni muzej Rijeka, Gradska knji\u017enica Rijeka, Udruga za razvoj visokoga \u0161kolstva Universitas, Zaklada Sveu\u010dili\u0161ta u Rijeci U Festival uklju\u010deni: Agencija za odgoj i obrazovanje, Akademsko Astronomsko Dru\u0161tvo \u2013 Rijeka, Astronomski centar Rijeka, Centar tehni\u010dkekulture Rijeka, Centar za mikro- &hellip; O nama Read More &raquo;","og_url":"https:\/\/festivalznanosti.uniri.hr\/2023\/o-nama\/","og_site_name":"Festival Znanosti, Rijeka 2023","article_publisher":"https:\/\/www.facebook.com\/festivalznanostirijeka\/","article_modified_time":"2023-04-21T22:37:48+00:00","og_image":[{"width":2560,"height":1067,"url":"https:\/\/festivalznanosti.uniri.hr\/2023\/wp-content\/uploads\/sites\/6\/2023\/04\/FZ_23_web-scaled.jpg","type":"image\/jpeg"}],"twitter_card":"summary_large_image","twitter_misc":{"Procijenjeno vrijeme \u010ditanja":"2 minute"},"schema":{"@context":"https:\/\/schema.org","@graph":[{"@type":"WebPage","@id":"https:\/\/festivalznanosti.uniri.hr\/2023\/o-nama\/","url":"https:\/\/festivalznanosti.uniri.hr\/2023\/o-nama\/","name":"O nama - Festival Znanosti, Rijeka 2023","isPartOf":{"@id":"https:\/\/festivalznanosti.uniri.hr\/2023\/#website"},"datePublished":"2023-04-14T01:16:39+00:00","dateModified":"2023-04-21T22:37:48+00:00","breadcrumb":{"@id":"https:\/\/festivalznanosti.uniri.hr\/2023\/o-nama\/#breadcrumb"},"inLanguage":"hr","potentialAction":[{"@type":"ReadAction","target":["https:\/\/festivalznanosti.uniri.hr\/2023\/o-nama\/"]}]},{"@type":"BreadcrumbList","@id":"https:\/\/festivalznanosti.uniri.hr\/2023\/o-nama\/#breadcrumb","itemListElement":[{"@type":"ListItem","position":1,"name":"Po\u010detna","item":"https:\/\/festivalznanosti.uniri.hr\/2023\/"},{"@type":"ListItem","position":2,"name":"O nama"}]},{"@type":"WebSite","@id":"https:\/\/festivalznanosti.uniri.hr\/2023\/#website","url":"https:\/\/festivalznanosti.uniri.hr\/2023\/","name":"Festival Znanosti, Rijeka 2023","description":"Znanost dostupna svima","publisher":{"@id":"https:\/\/festivalznanosti.uniri.hr\/2023\/#organization"},"potentialAction":[{"@type":"SearchAction","target":{"@type":"EntryPoint","urlTemplate":"https:\/\/festivalznanosti.uniri.hr\/2023\/?s={search_term_string}"},"query-input":"required name=search_term_string"}],"inLanguage":"hr"},{"@type":"Organization","@id":"https:\/\/festivalznanosti.uniri.hr\/2023\/#organization","name":"Festival znanosti Rijeka","url":"https:\/\/festivalznanosti.uniri.hr\/2023\/","logo":{"@type":"ImageObject","inLanguage":"hr","@id":"https:\/\/festivalznanosti.uniri.hr\/2023\/#\/schema\/logo\/image\/","url":"https:\/\/festivalznanosti.uniri.hr\/2023\/wp-content\/uploads\/sites\/6\/2023\/04\/cropped-FZ_23_web-scaled-2.jpg","contentUrl":"https:\/\/festivalznanosti.uniri.hr\/2023\/wp-content\/uploads\/sites\/6\/2023\/04\/cropped-FZ_23_web-scaled-2.jpg","width":125,"height":127,"caption":"Festival znanosti Rijeka"},"image":{"@id":"https:\/\/festivalznanosti.uniri.hr\/2023\/#\/schema\/logo\/image\/"},"sameAs":["https:\/\/www.facebook.com\/festivalznanostirijeka\/"]}]}},"_links":{"self":[{"href":"https:\/\/festivalznanosti.uniri.hr\/2023\/wp-json\/wp\/v2\/pages\/54"}],"collection":[{"href":"https:\/\/festivalznanosti.uniri.hr\/2023\/wp-json\/wp\/v2\/pages"}],"about":[{"href":"https:\/\/festivalznanosti.uniri.hr\/2023\/wp-json\/wp\/v2\/types\/page"}],"author":[{"embeddable":true,"href":"https:\/\/festivalznanosti.uniri.hr\/2023\/wp-json\/wp\/v2\/users\/1"}],"replies":[{"embeddable":true,"href":"https:\/\/festivalznanosti.uniri.hr\/2023\/wp-json\/wp\/v2\/comments?post=54"}],"version-history":[{"count":3,"href":"https:\/\/festivalznanosti.uniri.hr\/2023\/wp-json\/wp\/v2\/pages\/54\/revisions"}],"predecessor-version":[{"id":116,"href":"https:\/\/festivalznanosti.uniri.hr\/2023\/wp-json\/wp\/v2\/pages\/54\/revisions\/116"}],"wp:attachment":[{"href":"https:\/\/festivalznanosti.uniri.hr\/2023\/wp-json\/wp\/v2\/media?parent=54"}],"curies":[{"name":"wp","href":"https:\/\/api.w.org\/{rel}","templated":true}]}}