{"id":581,"date":"2023-04-19T02:53:03","date_gmt":"2023-04-19T02:53:03","guid":{"rendered":"https:\/\/festivalznanosti.uniri.hr\/2023\/?page_id=581"},"modified":"2023-04-24T02:30:22","modified_gmt":"2023-04-24T02:30:22","slug":"subota","status":"publish","type":"page","link":"https:\/\/festivalznanosti.uniri.hr\/2023\/subota\/","title":{"rendered":"Subota"},"content":{"rendered":"\n<div class=\"em em-view-container\" id=\"em-view-1507753697\" data-view=\"list\">\r\n\t<div class=\"em pixelbones em-list em-events-list\" id=\"em-events-list-1507753697\" data-view-id=\"1507753697\">\r\n\t<div class=\"em-event em-item \" style=\"--default-border:#a8d144;\">\n\t<div class=\"em-item-image has-placeholder\">\n\t\t\n\t\t\n\t\t<div class=\"em-item-image-placeholder\">\n\t\t\t<div class=\"date\">\n\t\t\t\t<span class=\"day\">29<\/span>\n\t\t\t\t<span class=\"month\">tra<\/span>\n\t\t\t<\/div>\n\t\t<\/div>\n\t\t\n\t<\/div>\n\t<div class=\"em-item-info\">\n\t\t<h3 class=\"em-item-title\"><a href=\"https:\/\/festivalznanosti.uniri.hr\/2023\/dogadaji\/potrazi-me-u-kampusu\/\">Potra\u017ei me u Kampusu!<\/a><\/h3>\n\t\t\n\t\t<div class=\"em-event-meta em-item-meta\">\n\t\t\t<div class=\"em-item-meta-line em-event-date em-event-meta-datetime\">\n\t\t\t\t<span class=\"em-icon-calendar em-icon\"><\/span>\n\t\t\t\t29 travnja, 2023&nbsp;&nbsp;&nbsp;&nbsp;\n\t\t\t<\/div>\n\t\t\t<div class=\"em-item-meta-line em-event-time em-event-meta-datetime\">\n\t\t\t\t<span class=\"em-icon-clock em-icon\"><\/span>\n\t\t\t\t10:00 - 12:00\n\t\t\t<\/div>\n\t\t\t\n\t\t\t\n\t\t\t<div class=\"em-item-meta-line em-event-location\">\n\t\t\t\t<span class=\"em-icon-location em-icon\"><\/span>\n\t\t\t\t<a href=\"https:\/\/festivalznanosti.uniri.hr\/2023\/lokacija\/kampus-trsat\/\">Kampus Trsat<\/a>\n\t\t\t<\/div>\n\t\t\t\n\t\t\t\n\t\t\t\n\t\t\t<div class=\"em-item-meta-line em-item-taxonomy em-event-categories\">\n\t\t\t\t<span class=\"em-icon-category em-icon\"><\/span>\n\t\t\t\t<div>\t<ul class=\"event-categories\">\r\n\t\t\t\t\t<li><a href=\"https:\/\/festivalznanosti.uniri.hr\/2023\/kategorije\/potraga-za-blagom\/\">Potraga za blagom<\/a><\/li>\r\n\t\t\t<\/ul>\r\n\t<\/div>\n\t\t\t<\/div>\n\t\t\t\n\t\t\t\n\t\t<\/div>\n\t\t<div class=\"em-item-desc\">\n\t\t\t1. TRAG: U subotu 29. travnja 2023. godine oko 10, 11 sati po\u0111i na mjesto gdje u Rijeci znanost \u017eivi! Osim znanstvenika tamo mo\u017ee\u0161 sresti [...]\n\t\t<\/div>\n\t\t<div class=\"em-item-actions input\">\n\t\t\t<a class=\"em-item-read-more button\" href=\"https:\/\/festivalznanosti.uniri.hr\/2023\/dogadaji\/potrazi-me-u-kampusu\/\">More Info<\/a>\n\t\t\t\n\t\t<\/div>\n\t<\/div>\n<\/div><div class=\"em-event em-item \" style=\"--default-border:#a8d144;\">\n\t<div class=\"em-item-image has-placeholder\">\n\t\t\n\t\t\n\t\t<div class=\"em-item-image-placeholder\">\n\t\t\t<div class=\"date\">\n\t\t\t\t<span class=\"day\">29<\/span>\n\t\t\t\t<span class=\"month\">tra<\/span>\n\t\t\t<\/div>\n\t\t<\/div>\n\t\t\n\t<\/div>\n\t<div class=\"em-item-info\">\n\t\t<h3 class=\"em-item-title\"><a href=\"https:\/\/festivalznanosti.uniri.hr\/2023\/dogadaji\/znanost-na-korzu-hiska-eksperimentov\/\">Znanost na Korzu: Hi\u0161ka eksperimentov<\/a><\/h3>\n\t\t\n\t\t<div class=\"em-event-meta em-item-meta\">\n\t\t\t<div class=\"em-item-meta-line em-event-date em-event-meta-datetime\">\n\t\t\t\t<span class=\"em-icon-calendar em-icon\"><\/span>\n\t\t\t\t29 travnja, 2023&nbsp;&nbsp;&nbsp;&nbsp;\n\t\t\t<\/div>\n\t\t\t<div class=\"em-item-meta-line em-event-time em-event-meta-datetime\">\n\t\t\t\t<span class=\"em-icon-clock em-icon\"><\/span>\n\t\t\t\t10:00 - 14:00\n\t\t\t<\/div>\n\t\t\t\n\t\t\t\n\t\t\t<div class=\"em-item-meta-line em-event-location\">\n\t\t\t\t<span class=\"em-icon-location em-icon\"><\/span>\n\t\t\t\t<a href=\"https:\/\/festivalznanosti.uniri.hr\/2023\/lokacija\/korzo\/\">Korzo<\/a>\n\t\t\t<\/div>\n\t\t\t\n\t\t\t\n\t\t\t\n\t\t\t\n\t\t\t<div class=\"em-item-meta-line em-item-taxonomy em-event-tags\">\n\t\t\t\t<span class=\"em-icon-tag em-icon\"><\/span>\n\t\t\t\t<div><a href=\"https:\/\/festivalznanosti.uniri.hr\/2023\/tag\/interaktivne-demonstracije\/\">Interaktivne demonstracije<\/a><\/div>\n\t\t\t<\/div>\n\t\t\t\n\t\t<\/div>\n\t\t<div class=\"em-item-desc\">\n\t\t\tHi\u0161a eksperimentov vode\u0107i je centar znanosti u Sloveniji koji kod djece poti\u010de radoznalosti, postavljanje pitanja i tra\u017eenje odgovora. Djecu za u\u010denje inspirira stvaranjem kreativne okoline [...]\n\t\t<\/div>\n\t\t<div class=\"em-item-actions input\">\n\t\t\t<a class=\"em-item-read-more button\" href=\"https:\/\/festivalznanosti.uniri.hr\/2023\/dogadaji\/znanost-na-korzu-hiska-eksperimentov\/\">More Info<\/a>\n\t\t\t\n\t\t<\/div>\n\t<\/div>\n<\/div><div class=\"em-event em-item \" style=\"--default-border:#a8d144;\">\n\t<div class=\"em-item-image \">\n\t\t\n\t\t<img src='https:\/\/festivalznanosti.uniri.hr\/2023\/wp-content\/uploads\/sites\/6\/2023\/04\/znanstvenici-superheroji.jpeg' alt='Znanstvenici superjunaci'\/>\n\t\t\n\t\t\n\t<\/div>\n\t<div class=\"em-item-info\">\n\t\t<h3 class=\"em-item-title\"><a href=\"https:\/\/festivalznanosti.uniri.hr\/2023\/dogadaji\/znanstvenici-superjunaci\/\">Znanstvenici superjunaci<\/a><\/h3>\n\t\t\n\t\t<div class=\"em-event-meta em-item-meta\">\n\t\t\t<div class=\"em-item-meta-line em-event-date em-event-meta-datetime\">\n\t\t\t\t<span class=\"em-icon-calendar em-icon\"><\/span>\n\t\t\t\t29 travnja, 2023&nbsp;&nbsp;&nbsp;&nbsp;\n\t\t\t<\/div>\n\t\t\t<div class=\"em-item-meta-line em-event-time em-event-meta-datetime\">\n\t\t\t\t<span class=\"em-icon-clock em-icon\"><\/span>\n\t\t\t\t11:00 - 12:00\n\t\t\t<\/div>\n\t\t\t\n\t\t\t\n\t\t\t<div class=\"em-item-meta-line em-event-location\">\n\t\t\t\t<span class=\"em-icon-location em-icon\"><\/span>\n\t\t\t\t<a href=\"https:\/\/festivalznanosti.uniri.hr\/2023\/lokacija\/djecja-kuca\/\">Dje\u010dja ku\u0107a<\/a>\n\t\t\t<\/div>\n\t\t\t\n\t\t\t\n\t\t\t\n\t\t\t<div class=\"em-item-meta-line em-item-taxonomy em-event-categories\">\n\t\t\t\t<span class=\"em-icon-category em-icon\"><\/span>\n\t\t\t\t<div>\t<ul class=\"event-categories\">\r\n\t\t\t\t\t<li><a href=\"https:\/\/festivalznanosti.uniri.hr\/2023\/kategorije\/predstava\/\">Predstava<\/a><\/li>\r\n\t\t\t<\/ul>\r\n\t<\/div>\n\t\t\t<\/div>\n\t\t\t\n\t\t\t\n\t\t<\/div>\n\t\t<div class=\"em-item-desc\">\n\t\t\tInformacije o aktivnostima i na\u010dinu prijave na djecjakuca.hr.\n\t\t<\/div>\n\t\t<div class=\"em-item-actions input\">\n\t\t\t<a class=\"em-item-read-more button\" href=\"https:\/\/festivalznanosti.uniri.hr\/2023\/dogadaji\/znanstvenici-superjunaci\/\">More Info<\/a>\n\t\t\t\n\t\t<\/div>\n\t<\/div>\n<\/div><div class=\"em-event em-item \" style=\"--default-border:#a8d144;\">\n\t<div class=\"em-item-image has-placeholder\">\n\t\t\n\t\t\n\t\t<div class=\"em-item-image-placeholder\">\n\t\t\t<div class=\"date\">\n\t\t\t\t<span class=\"day\">29<\/span>\n\t\t\t\t<span class=\"month\">tra<\/span>\n\t\t\t<\/div>\n\t\t<\/div>\n\t\t\n\t<\/div>\n\t<div class=\"em-item-info\">\n\t\t<h3 class=\"em-item-title\"><a href=\"https:\/\/festivalznanosti.uniri.hr\/2023\/dogadaji\/uzgoj-i-prirodni-procesi-obrade-ploda-kave-put-kave-od-zrna-prirode-do-dobrog-drustva-2\/\">Uzgoj i prirodni procesi obrade ploda kave-put kave, od zrna prirode do dobrog dru\u0161tva<\/a><\/h3>\n\t\t\n\t\t<div class=\"em-event-meta em-item-meta\">\n\t\t\t<div class=\"em-item-meta-line em-event-date em-event-meta-datetime\">\n\t\t\t\t<span class=\"em-icon-calendar em-icon\"><\/span>\n\t\t\t\t29 travnja, 2023&nbsp;&nbsp;&nbsp;&nbsp;\n\t\t\t<\/div>\n\t\t\t<div class=\"em-item-meta-line em-event-time em-event-meta-datetime\">\n\t\t\t\t<span class=\"em-icon-clock em-icon\"><\/span>\n\t\t\t\t12:00 - 14:00\n\t\t\t<\/div>\n\t\t\t\n\t\t\t\n\t\t\t<div class=\"em-item-meta-line em-event-location\">\n\t\t\t\t<span class=\"em-icon-location em-icon\"><\/span>\n\t\t\t\t<a href=\"https:\/\/festivalznanosti.uniri.hr\/2023\/lokacija\/fakultet-zdravstvenih-studija-sveuciliste-u-rijeci\/\">Fakultet zdravstvenih studija, Sveu\u010dili\u0161te u Rijeci<\/a>\n\t\t\t<\/div>\n\t\t\t\n\t\t\t\n\t\t\t\n\t\t\t<div class=\"em-item-meta-line em-item-taxonomy em-event-categories\">\n\t\t\t\t<span class=\"em-icon-category em-icon\"><\/span>\n\t\t\t\t<div>\t<ul class=\"event-categories\">\r\n\t\t\t\t\t<li><a href=\"https:\/\/festivalznanosti.uniri.hr\/2023\/kategorije\/predavanja\/\">Predavanja<\/a><\/li>\r\n\t\t\t<\/ul>\r\n\t<\/div>\n\t\t\t<\/div>\n\t\t\t\n\t\t\t\n\t\t\t<div class=\"em-item-meta-line em-item-taxonomy em-event-tags\">\n\t\t\t\t<span class=\"em-icon-tag em-icon\"><\/span>\n\t\t\t\t<div><a href=\"https:\/\/festivalznanosti.uniri.hr\/2023\/tag\/online\/\">Online<\/a><\/div>\n\t\t\t<\/div>\n\t\t\t\n\t\t<\/div>\n\t\t<div class=\"em-item-desc\">\n\t\t\tBiljke arabice i robuste \u010desto se uzgajaju na malim planta\u017eama, a njihov \u017eivotni ciklus po\u010dinje u rasadnicima, odnosno nakon nekoliko mjeseci kada se mlade sadnice [...]\n\t\t<\/div>\n\t\t<div class=\"em-item-actions input\">\n\t\t\t<a class=\"em-item-read-more button\" href=\"https:\/\/festivalznanosti.uniri.hr\/2023\/dogadaji\/uzgoj-i-prirodni-procesi-obrade-ploda-kave-put-kave-od-zrna-prirode-do-dobrog-drustva-2\/\">More Info<\/a>\n\t\t\t\n\t\t<\/div>\n\t<\/div>\n<\/div>\t<\/div>\r\n<\/div>\n","protected":false},"excerpt":{"rendered":"","protected":false},"author":1,"featured_media":0,"parent":0,"menu_order":0,"comment_status":"closed","ping_status":"closed","template":"","meta":{"_monsterinsights_skip_tracking":false,"_monsterinsights_sitenote_active":false,"_monsterinsights_sitenote_note":"","_monsterinsights_sitenote_category":0,"site-sidebar-layout":"default","site-content-layout":"default","ast-global-header-display":"","ast-main-header-display":"","ast-hfb-above-header-display":"","ast-hfb-below-header-display":"","ast-hfb-mobile-header-display":"","site-post-title":"","ast-breadcrumbs-content":"","ast-featured-img":"","footer-sml-layout":"","theme-transparent-header-meta":"","adv-header-id-meta":"","stick-header-meta":"","header-above-stick-meta":"","header-main-stick-meta":"","header-below-stick-meta":"","_themeisle_gutenberg_block_has_review":false,"footnotes":""},"yoast_head":"<!-- This site is optimized with the Yoast SEO plugin v20.5 - https:\/\/yoast.com\/wordpress\/plugins\/seo\/ -->\n<title>Subota - Festival Znanosti, Rijeka 2023<\/title>\n<meta name=\"robots\" content=\"index, follow, max-snippet:-1, max-image-preview:large, max-video-preview:-1\" \/>\n<link rel=\"canonical\" href=\"https:\/\/festivalznanosti.uniri.hr\/2023\/subota\/\" \/>\n<meta property=\"og:locale\" content=\"hr_HR\" \/>\n<meta property=\"og:type\" content=\"article\" \/>\n<meta property=\"og:title\" content=\"Subota - Festival Znanosti, Rijeka 2023\" \/>\n<meta property=\"og:url\" content=\"https:\/\/festivalznanosti.uniri.hr\/2023\/subota\/\" \/>\n<meta property=\"og:site_name\" content=\"Festival Znanosti, Rijeka 2023\" \/>\n<meta property=\"article:publisher\" content=\"https:\/\/www.facebook.com\/festivalznanostirijeka\/\" \/>\n<meta property=\"article:modified_time\" content=\"2023-04-24T02:30:22+00:00\" \/>\n<meta property=\"og:image\" content=\"https:\/\/festivalznanosti.uniri.hr\/2023\/wp-content\/uploads\/sites\/6\/2023\/04\/FZ_23_web-scaled.jpg\" \/>\n\t<meta property=\"og:image:width\" content=\"2560\" \/>\n\t<meta property=\"og:image:height\" content=\"1067\" \/>\n\t<meta property=\"og:image:type\" content=\"image\/jpeg\" \/>\n<meta name=\"twitter:card\" content=\"summary_large_image\" \/>\n<meta name=\"twitter:label1\" content=\"Procijenjeno vrijeme \u010ditanja\" \/>\n\t<meta name=\"twitter:data1\" content=\"1 minuta\" \/>\n<script type=\"application\/ld+json\" class=\"yoast-schema-graph\">{\"@context\":\"https:\/\/schema.org\",\"@graph\":[{\"@type\":\"WebPage\",\"@id\":\"https:\/\/festivalznanosti.uniri.hr\/2023\/subota\/\",\"url\":\"https:\/\/festivalznanosti.uniri.hr\/2023\/subota\/\",\"name\":\"Subota - Festival Znanosti, Rijeka 2023\",\"isPartOf\":{\"@id\":\"https:\/\/festivalznanosti.uniri.hr\/2023\/#website\"},\"datePublished\":\"2023-04-19T02:53:03+00:00\",\"dateModified\":\"2023-04-24T02:30:22+00:00\",\"breadcrumb\":{\"@id\":\"https:\/\/festivalznanosti.uniri.hr\/2023\/subota\/#breadcrumb\"},\"inLanguage\":\"hr\",\"potentialAction\":[{\"@type\":\"ReadAction\",\"target\":[\"https:\/\/festivalznanosti.uniri.hr\/2023\/subota\/\"]}]},{\"@type\":\"BreadcrumbList\",\"@id\":\"https:\/\/festivalznanosti.uniri.hr\/2023\/subota\/#breadcrumb\",\"itemListElement\":[{\"@type\":\"ListItem\",\"position\":1,\"name\":\"Po\u010detna\",\"item\":\"https:\/\/festivalznanosti.uniri.hr\/2023\/\"},{\"@type\":\"ListItem\",\"position\":2,\"name\":\"Subota\"}]},{\"@type\":\"WebSite\",\"@id\":\"https:\/\/festivalznanosti.uniri.hr\/2023\/#website\",\"url\":\"https:\/\/festivalznanosti.uniri.hr\/2023\/\",\"name\":\"Festival Znanosti, Rijeka 2023\",\"description\":\"Znanost dostupna svima\",\"publisher\":{\"@id\":\"https:\/\/festivalznanosti.uniri.hr\/2023\/#organization\"},\"potentialAction\":[{\"@type\":\"SearchAction\",\"target\":{\"@type\":\"EntryPoint\",\"urlTemplate\":\"https:\/\/festivalznanosti.uniri.hr\/2023\/?s={search_term_string}\"},\"query-input\":\"required name=search_term_string\"}],\"inLanguage\":\"hr\"},{\"@type\":\"Organization\",\"@id\":\"https:\/\/festivalznanosti.uniri.hr\/2023\/#organization\",\"name\":\"Festival znanosti Rijeka\",\"url\":\"https:\/\/festivalznanosti.uniri.hr\/2023\/\",\"logo\":{\"@type\":\"ImageObject\",\"inLanguage\":\"hr\",\"@id\":\"https:\/\/festivalznanosti.uniri.hr\/2023\/#\/schema\/logo\/image\/\",\"url\":\"https:\/\/festivalznanosti.uniri.hr\/2023\/wp-content\/uploads\/sites\/6\/2023\/04\/cropped-FZ_23_web-scaled-2.jpg\",\"contentUrl\":\"https:\/\/festivalznanosti.uniri.hr\/2023\/wp-content\/uploads\/sites\/6\/2023\/04\/cropped-FZ_23_web-scaled-2.jpg\",\"width\":125,\"height\":127,\"caption\":\"Festival znanosti Rijeka\"},\"image\":{\"@id\":\"https:\/\/festivalznanosti.uniri.hr\/2023\/#\/schema\/logo\/image\/\"},\"sameAs\":[\"https:\/\/www.facebook.com\/festivalznanostirijeka\/\"]}]}<\/script>\n<!-- \/ Yoast SEO plugin. -->","yoast_head_json":{"title":"Subota - Festival Znanosti, Rijeka 2023","robots":{"index":"index","follow":"follow","max-snippet":"max-snippet:-1","max-image-preview":"max-image-preview:large","max-video-preview":"max-video-preview:-1"},"canonical":"https:\/\/festivalznanosti.uniri.hr\/2023\/subota\/","og_locale":"hr_HR","og_type":"article","og_title":"Subota - Festival Znanosti, Rijeka 2023","og_url":"https:\/\/festivalznanosti.uniri.hr\/2023\/subota\/","og_site_name":"Festival Znanosti, Rijeka 2023","article_publisher":"https:\/\/www.facebook.com\/festivalznanostirijeka\/","article_modified_time":"2023-04-24T02:30:22+00:00","og_image":[{"width":2560,"height":1067,"url":"https:\/\/festivalznanosti.uniri.hr\/2023\/wp-content\/uploads\/sites\/6\/2023\/04\/FZ_23_web-scaled.jpg","type":"image\/jpeg"}],"twitter_card":"summary_large_image","twitter_misc":{"Procijenjeno vrijeme \u010ditanja":"1 minuta"},"schema":{"@context":"https:\/\/schema.org","@graph":[{"@type":"WebPage","@id":"https:\/\/festivalznanosti.uniri.hr\/2023\/subota\/","url":"https:\/\/festivalznanosti.uniri.hr\/2023\/subota\/","name":"Subota - Festival Znanosti, Rijeka 2023","isPartOf":{"@id":"https:\/\/festivalznanosti.uniri.hr\/2023\/#website"},"datePublished":"2023-04-19T02:53:03+00:00","dateModified":"2023-04-24T02:30:22+00:00","breadcrumb":{"@id":"https:\/\/festivalznanosti.uniri.hr\/2023\/subota\/#breadcrumb"},"inLanguage":"hr","potentialAction":[{"@type":"ReadAction","target":["https:\/\/festivalznanosti.uniri.hr\/2023\/subota\/"]}]},{"@type":"BreadcrumbList","@id":"https:\/\/festivalznanosti.uniri.hr\/2023\/subota\/#breadcrumb","itemListElement":[{"@type":"ListItem","position":1,"name":"Po\u010detna","item":"https:\/\/festivalznanosti.uniri.hr\/2023\/"},{"@type":"ListItem","position":2,"name":"Subota"}]},{"@type":"WebSite","@id":"https:\/\/festivalznanosti.uniri.hr\/2023\/#website","url":"https:\/\/festivalznanosti.uniri.hr\/2023\/","name":"Festival Znanosti, Rijeka 2023","description":"Znanost dostupna svima","publisher":{"@id":"https:\/\/festivalznanosti.uniri.hr\/2023\/#organization"},"potentialAction":[{"@type":"SearchAction","target":{"@type":"EntryPoint","urlTemplate":"https:\/\/festivalznanosti.uniri.hr\/2023\/?s={search_term_string}"},"query-input":"required name=search_term_string"}],"inLanguage":"hr"},{"@type":"Organization","@id":"https:\/\/festivalznanosti.uniri.hr\/2023\/#organization","name":"Festival znanosti Rijeka","url":"https:\/\/festivalznanosti.uniri.hr\/2023\/","logo":{"@type":"ImageObject","inLanguage":"hr","@id":"https:\/\/festivalznanosti.uniri.hr\/2023\/#\/schema\/logo\/image\/","url":"https:\/\/festivalznanosti.uniri.hr\/2023\/wp-content\/uploads\/sites\/6\/2023\/04\/cropped-FZ_23_web-scaled-2.jpg","contentUrl":"https:\/\/festivalznanosti.uniri.hr\/2023\/wp-content\/uploads\/sites\/6\/2023\/04\/cropped-FZ_23_web-scaled-2.jpg","width":125,"height":127,"caption":"Festival znanosti Rijeka"},"image":{"@id":"https:\/\/festivalznanosti.uniri.hr\/2023\/#\/schema\/logo\/image\/"},"sameAs":["https:\/\/www.facebook.com\/festivalznanostirijeka\/"]}]}},"_links":{"self":[{"href":"https:\/\/festivalznanosti.uniri.hr\/2023\/wp-json\/wp\/v2\/pages\/581"}],"collection":[{"href":"https:\/\/festivalznanosti.uniri.hr\/2023\/wp-json\/wp\/v2\/pages"}],"about":[{"href":"https:\/\/festivalznanosti.uniri.hr\/2023\/wp-json\/wp\/v2\/types\/page"}],"author":[{"embeddable":true,"href":"https:\/\/festivalznanosti.uniri.hr\/2023\/wp-json\/wp\/v2\/users\/1"}],"replies":[{"embeddable":true,"href":"https:\/\/festivalznanosti.uniri.hr\/2023\/wp-json\/wp\/v2\/comments?post=581"}],"version-history":[{"count":3,"href":"https:\/\/festivalznanosti.uniri.hr\/2023\/wp-json\/wp\/v2\/pages\/581\/revisions"}],"predecessor-version":[{"id":754,"href":"https:\/\/festivalznanosti.uniri.hr\/2023\/wp-json\/wp\/v2\/pages\/581\/revisions\/754"}],"wp:attachment":[{"href":"https:\/\/festivalznanosti.uniri.hr\/2023\/wp-json\/wp\/v2\/media?parent=581"}],"curies":[{"name":"wp","href":"https:\/\/api.w.org\/{rel}","templated":true}]}}