{"id":595,"date":"2023-04-19T02:56:07","date_gmt":"2023-04-19T02:56:07","guid":{"rendered":"https:\/\/festivalznanosti.uniri.hr\/2023\/?page_id=595"},"modified":"2023-04-21T22:37:09","modified_gmt":"2023-04-21T22:37:09","slug":"cjelotjedni-program","status":"publish","type":"page","link":"https:\/\/festivalznanosti.uniri.hr\/2023\/cjelotjedni-program\/","title":{"rendered":"Cjelotjedni program"},"content":{"rendered":"<ul class=\"wp-block-latest-posts__list alignwide wp-block-latest-posts\"><li><div class=\"wp-block-latest-posts__featured-image alignleft\"><img loading=\"lazy\" decoding=\"async\" width=\"150\" height=\"150\" src=\"https:\/\/festivalznanosti.uniri.hr\/2023\/wp-content\/uploads\/sites\/6\/2023\/04\/Snimka-zaslona-2023-04-18-030017-150x150.png\" class=\"attachment-thumbnail size-thumbnail wp-post-image\" alt=\"Festival znanosti\" style=\"\" \/><\/div><a class=\"wp-block-latest-posts__post-title\" href=\"https:\/\/festivalznanosti.uniri.hr\/2023\/yufe-section\/\">YUFE section<\/a><div class=\"wp-block-latest-posts__post-excerpt\">Physics Division, Nicolaus Copernicus UniversityLecture &#8211; Prof. dr hab. eng. Grzegorz Karwasz: From Kopernik to Einstein: Copernican revolution Faculty of Mathematics, University of RijekaExhibitions &#8211; Math exhibitionsWorkshops &#8211; Math workshopsLectures &#8211; Popular math lectures, Simmetry &#8211; Maarten De Boeck, Ivana Slami\u0107: Patterns, Harmonies, and Approximation \u2013 the Mathematics Behind Music, Bojan Crnkovi\u0107: Echo location of &hellip;<p class=\"read-more\"> <a class=\"\" href=\"https:\/\/festivalznanosti.uniri.hr\/2023\/yufe-section\/\"> <span class=\"screen-reader-text\">YUFE section<\/span> Read More &raquo;<\/a><\/p><\/div><\/li>\n<li><div class=\"wp-block-latest-posts__featured-image alignleft\"><img loading=\"lazy\" decoding=\"async\" width=\"150\" height=\"150\" src=\"https:\/\/festivalznanosti.uniri.hr\/2023\/wp-content\/uploads\/sites\/6\/2023\/04\/stem_park-scaled-ps1at6wqykw0iida97mrge8gxdsl04lmjjyshjk0bk-150x150.jpg\" class=\"attachment-thumbnail size-thumbnail wp-post-image\" alt=\"\" style=\"\" \/><\/div><a class=\"wp-block-latest-posts__post-title\" href=\"https:\/\/festivalznanosti.uniri.hr\/2023\/stemaj-po-parku\/\">Stemaj po parku!<\/a><div class=\"wp-block-latest-posts__post-excerpt\">24.- 28. TRAVNJA Parkovi su prostori za igru, zabavu i provo\u0111enje slobodnog vremena. Me\u0111utim, u STEM parku na Klobu\u010dari\u0107evu trgu djeca, a i njihovi roditelji, mogu igrom i u\u010diti i istra\u017eivati. Odva\u017eite se na potragu za blagom po STEM parku i oku\u0161ajte se u slaganju drevne matemati\u010dke slagalicu tangram, \u0161ifriranju, ra\u010dunanju uz pomo\u0107 abakusa i &hellip;<p class=\"read-more\"> <a class=\"\" href=\"https:\/\/festivalznanosti.uniri.hr\/2023\/stemaj-po-parku\/\"> <span class=\"screen-reader-text\">Stemaj po parku!<\/span> Read More &raquo;<\/a><\/p><\/div><\/li>\n<li><a class=\"wp-block-latest-posts__post-title\" href=\"https:\/\/festivalznanosti.uniri.hr\/2023\/taxi-geometrija\/\">Taxi geometrija<\/a><div class=\"wp-block-latest-posts__post-excerpt\">24. &#8211; 28. TRAVNJA<\/div><\/li>\n<li><a class=\"wp-block-latest-posts__post-title\" href=\"https:\/\/festivalznanosti.uniri.hr\/2023\/da-li-je-gradevinarstvo-za-mene-interaktivna-prezentacija-prijediplomskih-studija\/\">Da li je gra\u0111evinarstvo za mene? \u2013 interaktivna prezentacija prijediplomskih studija<\/a><div class=\"wp-block-latest-posts__post-excerpt\">Pri kraju srednjo\u0161kolskog obrazovanja pred u\u010denicima stoji vrlo te\u0161ka i jedna od najva\u017enijih \u017eivotnih odluka \u2013 izbor budu\u0107eg zanimanja i fakulteta koji \u0107e upisati. Uz ostale aktivnosti na promociji studija, koje se odvijaju tijekom cijele godine, u Danima otvorenih vrata posjetiteljima \u0107emo u predvorju fakulteta prezentirati studij na banerima, plakatima, letcima, bro\u0161urama i digitalnim materijalima. &hellip;<p class=\"read-more\"> <a class=\"\" href=\"https:\/\/festivalznanosti.uniri.hr\/2023\/da-li-je-gradevinarstvo-za-mene-interaktivna-prezentacija-prijediplomskih-studija\/\"> <span class=\"screen-reader-text\">Da li je gra\u0111evinarstvo za mene? \u2013 interaktivna prezentacija prijediplomskih studija<\/span> Read More &raquo;<\/a><\/p><\/div><\/li>\n<li><a class=\"wp-block-latest-posts__post-title\" href=\"https:\/\/festivalznanosti.uniri.hr\/2023\/suzivot-gradevina-s-prirodom-i-drustvom\/\">Su\u017eivot gra\u0111evina s prirodom i dru\u0161tvom<\/a><div class=\"wp-block-latest-posts__post-excerpt\">Povodom 21. Festivala znanosti na temu &#8220;Priroda i dru\u0161tvo&#8221; Gra\u0111evinski fakultet Sveu\u010dili\u0161ta u Rijeci organizira izlo\u017ebu fotografija prijavljenih na fotonatje\u010daj za studente, zaposlenike i alumne Gra\u0111evinskog fakulteta u Rijeci. Izlo\u017eene fotografije pratit \u0107e teme: &#8211; Gra\u0111evinski zahvati u prirodi &#8211; Gra\u0111evinarstvo i ljudi &#8211; Gra\u0111evine i sile prirode. Fotografije \u0107e biti izlo\u017eene na 3. katu &hellip;<p class=\"read-more\"> <a class=\"\" href=\"https:\/\/festivalznanosti.uniri.hr\/2023\/suzivot-gradevina-s-prirodom-i-drustvom\/\"> <span class=\"screen-reader-text\">Su\u017eivot gra\u0111evina s prirodom i dru\u0161tvom<\/span> Read More &raquo;<\/a><\/p><\/div><\/li>\n<li><a class=\"wp-block-latest-posts__post-title\" href=\"https:\/\/festivalznanosti.uniri.hr\/2023\/40-godina-postera\/\">40 godina postera<\/a><div class=\"wp-block-latest-posts__post-excerpt\">Voditeljica: dr.sc. Ana Alebi\u0107-Jureti\u0107, dipl. ing. Kod nas su se poster-izlaganja na znanstvenim skupovima prvi put pojavila po\u010detkom osamdesetih godina. U to je vrijeme poster bio pisan rukom, a slike su se isto ru\u010dno izra\u0111ivale na paus-papiru, uz pomo\u0107 daske za crtanje, rapidografa, \u0161ablona i tu\u0161a. Ubrzo se pre\u0161lo na pisanje pisa\u0107im strojem, uz potrebno &hellip;<p class=\"read-more\"> <a class=\"\" href=\"https:\/\/festivalznanosti.uniri.hr\/2023\/40-godina-postera\/\"> <span class=\"screen-reader-text\">40 godina postera<\/span> Read More &raquo;<\/a><\/p><\/div><\/li>\n<li><div class=\"wp-block-latest-posts__featured-image alignleft\"><img loading=\"lazy\" decoding=\"async\" width=\"150\" height=\"150\" src=\"https:\/\/festivalznanosti.uniri.hr\/2023\/wp-content\/uploads\/sites\/6\/2023\/04\/mat3D-150x150.jpg\" class=\"attachment-thumbnail size-thumbnail wp-post-image\" alt=\"\" style=\"\" \/><\/div><a class=\"wp-block-latest-posts__post-title\" href=\"https:\/\/festivalznanosti.uniri.hr\/2023\/matematika-u-3d-izlozba-studenata-fakultet-za-matematiku-sveucilista-u-rijeci\/\">Matematika u 3D, izlo\u017eba studenata Fakultet za matematiku Sveu\u010dili\u0161ta u Rijeci<\/a><div class=\"wp-block-latest-posts__post-excerpt\">izlo\u017eba studenata Fakulteta za matematiku Sveu\u010dili\u0161ta u Rijeci \u0107e cijeli tjedan biti otvorena u Restoranu Kampus<\/div><\/li>\n<li><a class=\"wp-block-latest-posts__post-title\" href=\"https:\/\/festivalznanosti.uniri.hr\/2023\/skole-za-skole\/\">\u0160kole za \u0161kole<\/a><div class=\"wp-block-latest-posts__post-excerpt\">Osnovna \u0161kola Milan Brozovi\u0107, Kastav;Osnovna \u0161kola \u010cavle; Osnovna \u0161kola Petar Zrinski, \u010cabar; Osnovna \u0161kola Frane Petri\u0107a, Cres; Pomorska \u0161kola Bakar; Medicinska \u0161kola u Rijeci; \u0160kola za trgovinu i modni dizajn Rijeka; Prva rije\u010dka hrvatska gimnazija; Srednja \u0161kola Markantuna de Dominisa, Rab; Srednja \u0161kola Ambroza Hara\u010di\u0107a, Podru\u010dni odjel u Cresu Projekt \u201eDC403 kroz prizmu tehnike i &hellip;<p class=\"read-more\"> <a class=\"\" href=\"https:\/\/festivalznanosti.uniri.hr\/2023\/skole-za-skole\/\"> <span class=\"screen-reader-text\">\u0160kole za \u0161kole<\/span> Read More &raquo;<\/a><\/p><\/div><\/li>\n<li><a class=\"wp-block-latest-posts__post-title\" href=\"https:\/\/festivalznanosti.uniri.hr\/2023\/vrtici-za-vrtice\/\">Vrti\u0107i za vrti\u0107e<\/a><div class=\"wp-block-latest-posts__post-excerpt\">Dje\u010dji vrti\u0107 Su\u0161ak, PPO Ve\u017eica; Dje\u010dji vrti\u0107 Pjerina Verbanac, Labin; Dje\u010dji vrti\u0107 Rijeka, CPO Turni\u0107, PPO Mavrica; Dje\u010dji vrti\u0107 Rijeka, CPO Potok, PPO Podmurvice; Dje\u010dji vrti\u0107 Opatija, Vrti\u0107 Veprinac i Vrti\u0107 Lovran;<\/div><\/li>\n<\/ul>","protected":false},"excerpt":{"rendered":"","protected":false},"author":1,"featured_media":0,"parent":0,"menu_order":0,"comment_status":"closed","ping_status":"closed","template":"","meta":{"_monsterinsights_skip_tracking":false,"_monsterinsights_sitenote_active":false,"_monsterinsights_sitenote_note":"","_monsterinsights_sitenote_category":0,"site-sidebar-layout":"default","site-content-layout":"default","ast-global-header-display":"","ast-main-header-display":"","ast-hfb-above-header-display":"","ast-hfb-below-header-display":"","ast-hfb-mobile-header-display":"","site-post-title":"","ast-breadcrumbs-content":"","ast-featured-img":"","footer-sml-layout":"","theme-transparent-header-meta":"","adv-header-id-meta":"","stick-header-meta":"","header-above-stick-meta":"","header-main-stick-meta":"","header-below-stick-meta":"","_themeisle_gutenberg_block_has_review":false,"footnotes":""},"yoast_head":"<!-- This site is optimized with the Yoast SEO plugin v20.5 - https:\/\/yoast.com\/wordpress\/plugins\/seo\/ -->\n<title>Cjelotjedni program - Festival Znanosti, Rijeka 2023<\/title>\n<meta name=\"robots\" content=\"index, follow, max-snippet:-1, max-image-preview:large, max-video-preview:-1\" \/>\n<link rel=\"canonical\" href=\"https:\/\/festivalznanosti.uniri.hr\/2023\/cjelotjedni-program\/\" \/>\n<meta property=\"og:locale\" content=\"hr_HR\" \/>\n<meta property=\"og:type\" content=\"article\" \/>\n<meta property=\"og:title\" content=\"Cjelotjedni program - Festival Znanosti, Rijeka 2023\" \/>\n<meta property=\"og:url\" content=\"https:\/\/festivalznanosti.uniri.hr\/2023\/cjelotjedni-program\/\" \/>\n<meta property=\"og:site_name\" content=\"Festival Znanosti, Rijeka 2023\" \/>\n<meta property=\"article:publisher\" content=\"https:\/\/www.facebook.com\/festivalznanostirijeka\/\" \/>\n<meta property=\"article:modified_time\" content=\"2023-04-21T22:37:09+00:00\" \/>\n<meta property=\"og:image\" content=\"https:\/\/festivalznanosti.uniri.hr\/2023\/wp-content\/uploads\/sites\/6\/2023\/04\/FZ_23_web-scaled.jpg\" \/>\n\t<meta property=\"og:image:width\" content=\"2560\" \/>\n\t<meta property=\"og:image:height\" content=\"1067\" \/>\n\t<meta property=\"og:image:type\" content=\"image\/jpeg\" \/>\n<meta name=\"twitter:card\" content=\"summary_large_image\" \/>\n<script type=\"application\/ld+json\" class=\"yoast-schema-graph\">{\"@context\":\"https:\/\/schema.org\",\"@graph\":[{\"@type\":\"WebPage\",\"@id\":\"https:\/\/festivalznanosti.uniri.hr\/2023\/cjelotjedni-program\/\",\"url\":\"https:\/\/festivalznanosti.uniri.hr\/2023\/cjelotjedni-program\/\",\"name\":\"Cjelotjedni program - Festival Znanosti, Rijeka 2023\",\"isPartOf\":{\"@id\":\"https:\/\/festivalznanosti.uniri.hr\/2023\/#website\"},\"datePublished\":\"2023-04-19T02:56:07+00:00\",\"dateModified\":\"2023-04-21T22:37:09+00:00\",\"breadcrumb\":{\"@id\":\"https:\/\/festivalznanosti.uniri.hr\/2023\/cjelotjedni-program\/#breadcrumb\"},\"inLanguage\":\"hr\",\"potentialAction\":[{\"@type\":\"ReadAction\",\"target\":[\"https:\/\/festivalznanosti.uniri.hr\/2023\/cjelotjedni-program\/\"]}]},{\"@type\":\"BreadcrumbList\",\"@id\":\"https:\/\/festivalznanosti.uniri.hr\/2023\/cjelotjedni-program\/#breadcrumb\",\"itemListElement\":[{\"@type\":\"ListItem\",\"position\":1,\"name\":\"Po\u010detna\",\"item\":\"https:\/\/festivalznanosti.uniri.hr\/2023\/\"},{\"@type\":\"ListItem\",\"position\":2,\"name\":\"Cjelotjedni program\"}]},{\"@type\":\"WebSite\",\"@id\":\"https:\/\/festivalznanosti.uniri.hr\/2023\/#website\",\"url\":\"https:\/\/festivalznanosti.uniri.hr\/2023\/\",\"name\":\"Festival Znanosti, Rijeka 2023\",\"description\":\"Znanost dostupna svima\",\"publisher\":{\"@id\":\"https:\/\/festivalznanosti.uniri.hr\/2023\/#organization\"},\"potentialAction\":[{\"@type\":\"SearchAction\",\"target\":{\"@type\":\"EntryPoint\",\"urlTemplate\":\"https:\/\/festivalznanosti.uniri.hr\/2023\/?s={search_term_string}\"},\"query-input\":\"required name=search_term_string\"}],\"inLanguage\":\"hr\"},{\"@type\":\"Organization\",\"@id\":\"https:\/\/festivalznanosti.uniri.hr\/2023\/#organization\",\"name\":\"Festival znanosti Rijeka\",\"url\":\"https:\/\/festivalznanosti.uniri.hr\/2023\/\",\"logo\":{\"@type\":\"ImageObject\",\"inLanguage\":\"hr\",\"@id\":\"https:\/\/festivalznanosti.uniri.hr\/2023\/#\/schema\/logo\/image\/\",\"url\":\"https:\/\/festivalznanosti.uniri.hr\/2023\/wp-content\/uploads\/sites\/6\/2023\/04\/cropped-FZ_23_web-scaled-2.jpg\",\"contentUrl\":\"https:\/\/festivalznanosti.uniri.hr\/2023\/wp-content\/uploads\/sites\/6\/2023\/04\/cropped-FZ_23_web-scaled-2.jpg\",\"width\":125,\"height\":127,\"caption\":\"Festival znanosti Rijeka\"},\"image\":{\"@id\":\"https:\/\/festivalznanosti.uniri.hr\/2023\/#\/schema\/logo\/image\/\"},\"sameAs\":[\"https:\/\/www.facebook.com\/festivalznanostirijeka\/\"]}]}<\/script>\n<!-- \/ Yoast SEO plugin. -->","yoast_head_json":{"title":"Cjelotjedni program - Festival Znanosti, Rijeka 2023","robots":{"index":"index","follow":"follow","max-snippet":"max-snippet:-1","max-image-preview":"max-image-preview:large","max-video-preview":"max-video-preview:-1"},"canonical":"https:\/\/festivalznanosti.uniri.hr\/2023\/cjelotjedni-program\/","og_locale":"hr_HR","og_type":"article","og_title":"Cjelotjedni program - Festival Znanosti, Rijeka 2023","og_url":"https:\/\/festivalznanosti.uniri.hr\/2023\/cjelotjedni-program\/","og_site_name":"Festival Znanosti, Rijeka 2023","article_publisher":"https:\/\/www.facebook.com\/festivalznanostirijeka\/","article_modified_time":"2023-04-21T22:37:09+00:00","og_image":[{"width":2560,"height":1067,"url":"https:\/\/festivalznanosti.uniri.hr\/2023\/wp-content\/uploads\/sites\/6\/2023\/04\/FZ_23_web-scaled.jpg","type":"image\/jpeg"}],"twitter_card":"summary_large_image","schema":{"@context":"https:\/\/schema.org","@graph":[{"@type":"WebPage","@id":"https:\/\/festivalznanosti.uniri.hr\/2023\/cjelotjedni-program\/","url":"https:\/\/festivalznanosti.uniri.hr\/2023\/cjelotjedni-program\/","name":"Cjelotjedni program - Festival Znanosti, Rijeka 2023","isPartOf":{"@id":"https:\/\/festivalznanosti.uniri.hr\/2023\/#website"},"datePublished":"2023-04-19T02:56:07+00:00","dateModified":"2023-04-21T22:37:09+00:00","breadcrumb":{"@id":"https:\/\/festivalznanosti.uniri.hr\/2023\/cjelotjedni-program\/#breadcrumb"},"inLanguage":"hr","potentialAction":[{"@type":"ReadAction","target":["https:\/\/festivalznanosti.uniri.hr\/2023\/cjelotjedni-program\/"]}]},{"@type":"BreadcrumbList","@id":"https:\/\/festivalznanosti.uniri.hr\/2023\/cjelotjedni-program\/#breadcrumb","itemListElement":[{"@type":"ListItem","position":1,"name":"Po\u010detna","item":"https:\/\/festivalznanosti.uniri.hr\/2023\/"},{"@type":"ListItem","position":2,"name":"Cjelotjedni program"}]},{"@type":"WebSite","@id":"https:\/\/festivalznanosti.uniri.hr\/2023\/#website","url":"https:\/\/festivalznanosti.uniri.hr\/2023\/","name":"Festival Znanosti, Rijeka 2023","description":"Znanost dostupna svima","publisher":{"@id":"https:\/\/festivalznanosti.uniri.hr\/2023\/#organization"},"potentialAction":[{"@type":"SearchAction","target":{"@type":"EntryPoint","urlTemplate":"https:\/\/festivalznanosti.uniri.hr\/2023\/?s={search_term_string}"},"query-input":"required name=search_term_string"}],"inLanguage":"hr"},{"@type":"Organization","@id":"https:\/\/festivalznanosti.uniri.hr\/2023\/#organization","name":"Festival znanosti Rijeka","url":"https:\/\/festivalznanosti.uniri.hr\/2023\/","logo":{"@type":"ImageObject","inLanguage":"hr","@id":"https:\/\/festivalznanosti.uniri.hr\/2023\/#\/schema\/logo\/image\/","url":"https:\/\/festivalznanosti.uniri.hr\/2023\/wp-content\/uploads\/sites\/6\/2023\/04\/cropped-FZ_23_web-scaled-2.jpg","contentUrl":"https:\/\/festivalznanosti.uniri.hr\/2023\/wp-content\/uploads\/sites\/6\/2023\/04\/cropped-FZ_23_web-scaled-2.jpg","width":125,"height":127,"caption":"Festival znanosti Rijeka"},"image":{"@id":"https:\/\/festivalznanosti.uniri.hr\/2023\/#\/schema\/logo\/image\/"},"sameAs":["https:\/\/www.facebook.com\/festivalznanostirijeka\/"]}]}},"_links":{"self":[{"href":"https:\/\/festivalznanosti.uniri.hr\/2023\/wp-json\/wp\/v2\/pages\/595"}],"collection":[{"href":"https:\/\/festivalznanosti.uniri.hr\/2023\/wp-json\/wp\/v2\/pages"}],"about":[{"href":"https:\/\/festivalznanosti.uniri.hr\/2023\/wp-json\/wp\/v2\/types\/page"}],"author":[{"embeddable":true,"href":"https:\/\/festivalznanosti.uniri.hr\/2023\/wp-json\/wp\/v2\/users\/1"}],"replies":[{"embeddable":true,"href":"https:\/\/festivalznanosti.uniri.hr\/2023\/wp-json\/wp\/v2\/comments?post=595"}],"version-history":[{"count":7,"href":"https:\/\/festivalznanosti.uniri.hr\/2023\/wp-json\/wp\/v2\/pages\/595\/revisions"}],"predecessor-version":[{"id":624,"href":"https:\/\/festivalznanosti.uniri.hr\/2023\/wp-json\/wp\/v2\/pages\/595\/revisions\/624"}],"wp:attachment":[{"href":"https:\/\/festivalznanosti.uniri.hr\/2023\/wp-json\/wp\/v2\/media?parent=595"}],"curies":[{"name":"wp","href":"https:\/\/api.w.org\/{rel}","templated":true}]}}