{"id":625,"date":"2023-04-21T00:02:58","date_gmt":"2023-04-21T00:02:58","guid":{"rendered":"https:\/\/festivalznanosti.uniri.hr\/2023\/?page_id=625"},"modified":"2023-04-21T22:38:28","modified_gmt":"2023-04-21T22:38:28","slug":"usavrsavanje-ucitelja-i-nastavnika","status":"publish","type":"page","link":"https:\/\/festivalznanosti.uniri.hr\/2023\/usavrsavanje-ucitelja-i-nastavnika\/","title":{"rendered":"Usavr\u0161avanje u\u010ditelja i nastavnika"},"content":{"rendered":"\n<p>ove \u0107e godine ponovo AZOO priznavati sudjelovanje u Festivalu kao usavr\u0161avanje. U prilogu su obrazci<\/p>\n\n\n\n<div class=\"wp-block-file\"><a id=\"wp-block-file--media-455b2b92-d9db-42dc-acd3-ddc76c7552db\" href=\"https:\/\/festivalznanosti.uniri.hr\/2023\/wp-content\/uploads\/sites\/6\/2023\/04\/2023FZ-AZOO.docx\">2023FZ-AZOO<\/a><a href=\"https:\/\/festivalznanosti.uniri.hr\/2023\/wp-content\/uploads\/sites\/6\/2023\/04\/2023FZ-AZOO.docx\" class=\"wp-block-file__button wp-element-button\" download aria-describedby=\"wp-block-file--media-455b2b92-d9db-42dc-acd3-ddc76c7552db\">Preuzmi<\/a><\/div>\n\n\n\n<div class=\"wp-block-file\"><a id=\"wp-block-file--media-0a3d09c3-c236-4a85-9484-f1ac59d54618\" href=\"https:\/\/festivalznanosti.uniri.hr\/2023\/wp-content\/uploads\/sites\/6\/2023\/04\/FZ2023-AZOO-obrazac-za-izvjesce.docx\">FZ2023-AZOO-obrazac-za-izvjesce<\/a><a href=\"https:\/\/festivalznanosti.uniri.hr\/2023\/wp-content\/uploads\/sites\/6\/2023\/04\/FZ2023-AZOO-obrazac-za-izvjesce.docx\" class=\"wp-block-file__button wp-element-button\" download aria-describedby=\"wp-block-file--media-0a3d09c3-c236-4a85-9484-f1ac59d54618\">Preuzmi<\/a><\/div>\n","protected":false},"excerpt":{"rendered":"<p>ove \u0107e godine ponovo AZOO priznavati sudjelovanje u Festivalu kao usavr\u0161avanje. U prilogu su obrazci<\/p>\n","protected":false},"author":1,"featured_media":0,"parent":0,"menu_order":0,"comment_status":"closed","ping_status":"closed","template":"","meta":{"_monsterinsights_skip_tracking":false,"_monsterinsights_sitenote_active":false,"_monsterinsights_sitenote_note":"","_monsterinsights_sitenote_category":0,"site-sidebar-layout":"default","site-content-layout":"default","ast-global-header-display":"","ast-main-header-display":"","ast-hfb-above-header-display":"","ast-hfb-below-header-display":"","ast-hfb-mobile-header-display":"","site-post-title":"","ast-breadcrumbs-content":"","ast-featured-img":"","footer-sml-layout":"","theme-transparent-header-meta":"","adv-header-id-meta":"","stick-header-meta":"","header-above-stick-meta":"","header-main-stick-meta":"","header-below-stick-meta":"","_themeisle_gutenberg_block_has_review":false,"footnotes":""},"yoast_head":"<!-- This site is optimized with the Yoast SEO plugin v20.5 - https:\/\/yoast.com\/wordpress\/plugins\/seo\/ -->\n<title>Usavr\u0161avanje u\u010ditelja i nastavnika - Festival Znanosti, Rijeka 2023<\/title>\n<meta name=\"robots\" content=\"index, follow, max-snippet:-1, max-image-preview:large, max-video-preview:-1\" \/>\n<link rel=\"canonical\" href=\"https:\/\/festivalznanosti.uniri.hr\/2023\/usavrsavanje-ucitelja-i-nastavnika\/\" \/>\n<meta property=\"og:locale\" content=\"hr_HR\" \/>\n<meta property=\"og:type\" content=\"article\" \/>\n<meta property=\"og:title\" content=\"Usavr\u0161avanje u\u010ditelja i nastavnika - Festival Znanosti, Rijeka 2023\" \/>\n<meta property=\"og:description\" content=\"ove \u0107e godine ponovo AZOO priznavati sudjelovanje u Festivalu kao usavr\u0161avanje. U prilogu su obrazci\" \/>\n<meta property=\"og:url\" content=\"https:\/\/festivalznanosti.uniri.hr\/2023\/usavrsavanje-ucitelja-i-nastavnika\/\" \/>\n<meta property=\"og:site_name\" content=\"Festival Znanosti, Rijeka 2023\" \/>\n<meta property=\"article:publisher\" content=\"https:\/\/www.facebook.com\/festivalznanostirijeka\/\" \/>\n<meta property=\"article:modified_time\" content=\"2023-04-21T22:38:28+00:00\" \/>\n<meta property=\"og:image\" content=\"https:\/\/festivalznanosti.uniri.hr\/2023\/wp-content\/uploads\/sites\/6\/2023\/04\/FZ_23_web-scaled.jpg\" \/>\n\t<meta property=\"og:image:width\" content=\"2560\" \/>\n\t<meta property=\"og:image:height\" content=\"1067\" \/>\n\t<meta property=\"og:image:type\" content=\"image\/jpeg\" \/>\n<meta name=\"twitter:card\" content=\"summary_large_image\" \/>\n<meta name=\"twitter:label1\" content=\"Procijenjeno vrijeme \u010ditanja\" \/>\n\t<meta name=\"twitter:data1\" content=\"1 minuta\" \/>\n<script type=\"application\/ld+json\" class=\"yoast-schema-graph\">{\"@context\":\"https:\/\/schema.org\",\"@graph\":[{\"@type\":\"WebPage\",\"@id\":\"https:\/\/festivalznanosti.uniri.hr\/2023\/usavrsavanje-ucitelja-i-nastavnika\/\",\"url\":\"https:\/\/festivalznanosti.uniri.hr\/2023\/usavrsavanje-ucitelja-i-nastavnika\/\",\"name\":\"Usavr\u0161avanje u\u010ditelja i nastavnika - Festival Znanosti, Rijeka 2023\",\"isPartOf\":{\"@id\":\"https:\/\/festivalznanosti.uniri.hr\/2023\/#website\"},\"datePublished\":\"2023-04-21T00:02:58+00:00\",\"dateModified\":\"2023-04-21T22:38:28+00:00\",\"breadcrumb\":{\"@id\":\"https:\/\/festivalznanosti.uniri.hr\/2023\/usavrsavanje-ucitelja-i-nastavnika\/#breadcrumb\"},\"inLanguage\":\"hr\",\"potentialAction\":[{\"@type\":\"ReadAction\",\"target\":[\"https:\/\/festivalznanosti.uniri.hr\/2023\/usavrsavanje-ucitelja-i-nastavnika\/\"]}]},{\"@type\":\"BreadcrumbList\",\"@id\":\"https:\/\/festivalznanosti.uniri.hr\/2023\/usavrsavanje-ucitelja-i-nastavnika\/#breadcrumb\",\"itemListElement\":[{\"@type\":\"ListItem\",\"position\":1,\"name\":\"Po\u010detna\",\"item\":\"https:\/\/festivalznanosti.uniri.hr\/2023\/\"},{\"@type\":\"ListItem\",\"position\":2,\"name\":\"Usavr\u0161avanje u\u010ditelja i nastavnika\"}]},{\"@type\":\"WebSite\",\"@id\":\"https:\/\/festivalznanosti.uniri.hr\/2023\/#website\",\"url\":\"https:\/\/festivalznanosti.uniri.hr\/2023\/\",\"name\":\"Festival Znanosti, Rijeka 2023\",\"description\":\"Znanost dostupna svima\",\"publisher\":{\"@id\":\"https:\/\/festivalznanosti.uniri.hr\/2023\/#organization\"},\"potentialAction\":[{\"@type\":\"SearchAction\",\"target\":{\"@type\":\"EntryPoint\",\"urlTemplate\":\"https:\/\/festivalznanosti.uniri.hr\/2023\/?s={search_term_string}\"},\"query-input\":\"required name=search_term_string\"}],\"inLanguage\":\"hr\"},{\"@type\":\"Organization\",\"@id\":\"https:\/\/festivalznanosti.uniri.hr\/2023\/#organization\",\"name\":\"Festival znanosti Rijeka\",\"url\":\"https:\/\/festivalznanosti.uniri.hr\/2023\/\",\"logo\":{\"@type\":\"ImageObject\",\"inLanguage\":\"hr\",\"@id\":\"https:\/\/festivalznanosti.uniri.hr\/2023\/#\/schema\/logo\/image\/\",\"url\":\"https:\/\/festivalznanosti.uniri.hr\/2023\/wp-content\/uploads\/sites\/6\/2023\/04\/cropped-FZ_23_web-scaled-2.jpg\",\"contentUrl\":\"https:\/\/festivalznanosti.uniri.hr\/2023\/wp-content\/uploads\/sites\/6\/2023\/04\/cropped-FZ_23_web-scaled-2.jpg\",\"width\":125,\"height\":127,\"caption\":\"Festival znanosti Rijeka\"},\"image\":{\"@id\":\"https:\/\/festivalznanosti.uniri.hr\/2023\/#\/schema\/logo\/image\/\"},\"sameAs\":[\"https:\/\/www.facebook.com\/festivalznanostirijeka\/\"]}]}<\/script>\n<!-- \/ Yoast SEO plugin. -->","yoast_head_json":{"title":"Usavr\u0161avanje u\u010ditelja i nastavnika - Festival Znanosti, Rijeka 2023","robots":{"index":"index","follow":"follow","max-snippet":"max-snippet:-1","max-image-preview":"max-image-preview:large","max-video-preview":"max-video-preview:-1"},"canonical":"https:\/\/festivalznanosti.uniri.hr\/2023\/usavrsavanje-ucitelja-i-nastavnika\/","og_locale":"hr_HR","og_type":"article","og_title":"Usavr\u0161avanje u\u010ditelja i nastavnika - Festival Znanosti, Rijeka 2023","og_description":"ove \u0107e godine ponovo AZOO priznavati sudjelovanje u Festivalu kao usavr\u0161avanje. U prilogu su obrazci","og_url":"https:\/\/festivalznanosti.uniri.hr\/2023\/usavrsavanje-ucitelja-i-nastavnika\/","og_site_name":"Festival Znanosti, Rijeka 2023","article_publisher":"https:\/\/www.facebook.com\/festivalznanostirijeka\/","article_modified_time":"2023-04-21T22:38:28+00:00","og_image":[{"width":2560,"height":1067,"url":"https:\/\/festivalznanosti.uniri.hr\/2023\/wp-content\/uploads\/sites\/6\/2023\/04\/FZ_23_web-scaled.jpg","type":"image\/jpeg"}],"twitter_card":"summary_large_image","twitter_misc":{"Procijenjeno vrijeme \u010ditanja":"1 minuta"},"schema":{"@context":"https:\/\/schema.org","@graph":[{"@type":"WebPage","@id":"https:\/\/festivalznanosti.uniri.hr\/2023\/usavrsavanje-ucitelja-i-nastavnika\/","url":"https:\/\/festivalznanosti.uniri.hr\/2023\/usavrsavanje-ucitelja-i-nastavnika\/","name":"Usavr\u0161avanje u\u010ditelja i nastavnika - Festival Znanosti, Rijeka 2023","isPartOf":{"@id":"https:\/\/festivalznanosti.uniri.hr\/2023\/#website"},"datePublished":"2023-04-21T00:02:58+00:00","dateModified":"2023-04-21T22:38:28+00:00","breadcrumb":{"@id":"https:\/\/festivalznanosti.uniri.hr\/2023\/usavrsavanje-ucitelja-i-nastavnika\/#breadcrumb"},"inLanguage":"hr","potentialAction":[{"@type":"ReadAction","target":["https:\/\/festivalznanosti.uniri.hr\/2023\/usavrsavanje-ucitelja-i-nastavnika\/"]}]},{"@type":"BreadcrumbList","@id":"https:\/\/festivalznanosti.uniri.hr\/2023\/usavrsavanje-ucitelja-i-nastavnika\/#breadcrumb","itemListElement":[{"@type":"ListItem","position":1,"name":"Po\u010detna","item":"https:\/\/festivalznanosti.uniri.hr\/2023\/"},{"@type":"ListItem","position":2,"name":"Usavr\u0161avanje u\u010ditelja i nastavnika"}]},{"@type":"WebSite","@id":"https:\/\/festivalznanosti.uniri.hr\/2023\/#website","url":"https:\/\/festivalznanosti.uniri.hr\/2023\/","name":"Festival Znanosti, Rijeka 2023","description":"Znanost dostupna svima","publisher":{"@id":"https:\/\/festivalznanosti.uniri.hr\/2023\/#organization"},"potentialAction":[{"@type":"SearchAction","target":{"@type":"EntryPoint","urlTemplate":"https:\/\/festivalznanosti.uniri.hr\/2023\/?s={search_term_string}"},"query-input":"required name=search_term_string"}],"inLanguage":"hr"},{"@type":"Organization","@id":"https:\/\/festivalznanosti.uniri.hr\/2023\/#organization","name":"Festival znanosti Rijeka","url":"https:\/\/festivalznanosti.uniri.hr\/2023\/","logo":{"@type":"ImageObject","inLanguage":"hr","@id":"https:\/\/festivalznanosti.uniri.hr\/2023\/#\/schema\/logo\/image\/","url":"https:\/\/festivalznanosti.uniri.hr\/2023\/wp-content\/uploads\/sites\/6\/2023\/04\/cropped-FZ_23_web-scaled-2.jpg","contentUrl":"https:\/\/festivalznanosti.uniri.hr\/2023\/wp-content\/uploads\/sites\/6\/2023\/04\/cropped-FZ_23_web-scaled-2.jpg","width":125,"height":127,"caption":"Festival znanosti Rijeka"},"image":{"@id":"https:\/\/festivalznanosti.uniri.hr\/2023\/#\/schema\/logo\/image\/"},"sameAs":["https:\/\/www.facebook.com\/festivalznanostirijeka\/"]}]}},"_links":{"self":[{"href":"https:\/\/festivalznanosti.uniri.hr\/2023\/wp-json\/wp\/v2\/pages\/625"}],"collection":[{"href":"https:\/\/festivalznanosti.uniri.hr\/2023\/wp-json\/wp\/v2\/pages"}],"about":[{"href":"https:\/\/festivalznanosti.uniri.hr\/2023\/wp-json\/wp\/v2\/types\/page"}],"author":[{"embeddable":true,"href":"https:\/\/festivalznanosti.uniri.hr\/2023\/wp-json\/wp\/v2\/users\/1"}],"replies":[{"embeddable":true,"href":"https:\/\/festivalznanosti.uniri.hr\/2023\/wp-json\/wp\/v2\/comments?post=625"}],"version-history":[{"count":1,"href":"https:\/\/festivalznanosti.uniri.hr\/2023\/wp-json\/wp\/v2\/pages\/625\/revisions"}],"predecessor-version":[{"id":628,"href":"https:\/\/festivalznanosti.uniri.hr\/2023\/wp-json\/wp\/v2\/pages\/625\/revisions\/628"}],"wp:attachment":[{"href":"https:\/\/festivalznanosti.uniri.hr\/2023\/wp-json\/wp\/v2\/media?parent=625"}],"curies":[{"name":"wp","href":"https:\/\/api.w.org\/{rel}","templated":true}]}}