{"id":794,"date":"2024-04-18T10:01:18","date_gmt":"2024-04-18T10:01:18","guid":{"rendered":"https:\/\/festivalznanosti.uniri.hr\/2023\/politika-kolacica-eu\/"},"modified":"2024-04-18T10:01:18","modified_gmt":"2024-04-18T10:01:18","slug":"politika-kolacica-eu","status":"publish","type":"page","link":"https:\/\/festivalznanosti.uniri.hr\/2023\/politika-kolacica-eu\/","title":{"rendered":"Politika kola\u010di\u0107a (EU)"},"content":{"rendered":"\n<!-- Legal document generated by Complianz | GDPR\/CCPA Cookie Consent https:\/\/wordpress.org\/plugins\/complianz-gdpr -->\n<div id=\"cmplz-document\" class=\"cmplz-document cookie-statement cmplz-document-eu\"><p><i>Ova Politika kola\u010di\u0107a posljednji je put a\u017eurirana travanj 18, 2024 i primjenjuje se na gra\u0111ane i stalne rezidente Europskog gospodarskog prostora i \u0160vicarske.<\/i><br><\/p><h2>1. Uvod<\/h2><p>Na\u0161e web mjesto <a href=\"https:\/\/festivalznanosti.uniri.hr\/2023\">https:\/\/festivalznanosti.uniri.hr\/2023<\/a> (u daljnjem tekstu: &#8220;web mjesto&#8221;) koristi kola\u010di\u0107e i druge srodne tehnologije (radi prakti\u010dnosti sve tehnologije nazivaju se &#8220;kola\u010di\u0107i&#8221;). Kola\u010di\u0107e postavljaju i tre\u0107e strane sa kojima sura\u0111ujemo. U donjem dokumentu obavje\u0161tavamo vas o upotrebi kola\u010di\u0107a na na\u0161oj web stranici.<\/p><h2>2. \u0160to su kola\u010di\u0107i?<\/h2><p>Kola\u010di\u0107 je mala jednostavna datoteka koja se \u0161alje zajedno sa stranicama ove web-stranice i koju va\u0161 preglednik sprema na tvrdi disk va\u0161eg ra\u010dunala ili drugog ure\u0111aja. Informacije pohranjene u njima mogu se vratiti na na\u0161e poslu\u017eitelje ili na poslu\u017eitelje relevantnih tre\u0107ih strana tijekom sljede\u0107eg posjeta.<\/p><h2>3. \u0160to su skripte?<\/h2><p>Skripta je dio programskog koda koji se koristi za pravilno i interaktivno funkcioniranje na\u0161e web-stranice. Ovaj kod se izvr\u0161ava na na\u0161em poslu\u017eitelju ili na va\u0161em ure\u0111aju.<\/p><h2>4. \u0160to je web beacon?<\/h2><p>Web beacon (ili pixel tag) je mali, nevidljivi dio teksta ili slike na web stranici koji se koristi za pra\u0107enje prometa na web-stranici. Da biste to u\u010dinili, razni podaci o vama pohranjuju se pomo\u0107u web-pratilica.<\/p><h2>5. Kola\u010di\u0107i<\/h2><p class=\"cmplz-subtitle\">5.1 Tehni\u010dki ili funkcionalni kola\u010di\u0107i<\/p><p>Neki kola\u010di\u0107i osiguravaju da odre\u0111eni dijelovi web-stranice rade ispravno i da va\u0161e korisni\u010dke postavke ostaju poznate. Postavljanjem funkcionalnih kola\u010di\u0107a olak\u0161avamo vam posjet na\u0161oj web-stranici. Na taj na\u010din ne morate vi\u0161e puta unositi iste podatke prilikom posjeta na\u0161oj web-stranici i, na primjer, artikli ostaju u va\u0161oj ko\u0161arici dok ne platite. Ove kola\u010di\u0107e mo\u017eemo postaviti bez va\u0161eg pristanka.<\/p><p class=\"cmplz-subtitle\">5.2 Statisti\u010dki kola\u010di\u0107i<\/p><p>Statisti\u010dke kola\u010di\u0107e koristimo za optimiziranje iskustva web stranice za na\u0161e korisnike. Ovim statisti\u010dkim kola\u010di\u0107ima dobivamo uvid u upotrebu na\u0161e web stranice.&nbsp;Tra\u017eimo va\u0161e dopu\u0161tenje za postavljanje statisti\u010dkih kola\u010di\u0107a.<\/p><p class=\"cmplz-subtitle\">5.3 Kola\u010di\u0107i za marketing\/pra\u0107enje<\/p><p>Marketin\u0161ki\/kola\u010di\u0107i za pra\u0107enje su kola\u010di\u0107i ili bilo koji drugi oblik lokalne pohrane, koji se koriste za stvaranje korisni\u010dkih profila za prikaz ogla\u0161avanja ili za pra\u0107enje korisnika na ovoj web-stranici ili na nekoliko web-stranica u sli\u010dne marketin\u0161ke svrhe.<\/p><h2>6. Postavljeni kola\u010di\u0107i<\/h2><div id=\"cmplz-cookies-overview\"><details class=\"cmplz-dropdown cmplz-service-desc cmplz-dropdown-cookiepolicy \">\n\t<summary class=\"cmplz-service-header\"><div>\n\t\t<h3>WordPress<\/h3>\n\t\t<p>Funkcionalni<\/p>\n\t\t<label for=\"cmplz_service_wordpress\" class=\"cmplz_consent_per_service_label\"><span class=\"screen-reader-text\">Consent to service wordpress<\/span><\/label>\n\t\t<input type=\"checkbox\" id=\"cmplz_service_wordpress\" class=\"cmplz-accept-service cmplz-hidden\" data-service=\"wordpress\" data-category=\"functional\"><\/div>\n\t<\/summary>\n\t<div class=\"cmplz-service-description\">\n\t\t<h4>Upotreba<\/h4>\n\t\t<p><\/p>\n\t<\/div>\n\t<div class=\"cmplz-sharing-data\">\n\t\t<h4>Dijeljenje podataka<\/h4>\n\t\t<p>Ovi podaci se ne dijele s tre\u0107im stranama.<\/p>\n\t<\/div>\n\t<div class=\"cookies-per-purpose\">\n    <div class=\"purpose\"><h4>Funkcionalni<\/h4><\/div>\n    <div class=\"name-header\">\n\t<h5>Naziv<\/h5>\n<\/div>\n<div class=\"name\"><a target=\"_blank\" rel=\"noopener noreferrer nofollow\" href=\"https:\/\/cookiedatabase.org\/cookie\/unknown-service\/wpemojisettingssupports\/\">wpEmojiSettingsSupports<\/a><\/div>\n<div class=\"retention-header\">\n\t<h5>Rok trajanja<\/h5>\n<\/div>\n<div class=\"retention\">sesija<\/div>\n<div class=\"function-header\">\n\t<h5>Funkcija<\/h5>\n<\/div>\n<div class=\"function\">Pohranjuje detalje o pregledniku<\/div>\n\n<\/div>\n<\/details>\n<details class=\"cmplz-dropdown cmplz-service-desc cmplz-dropdown-cookiepolicy \">\n\t<summary class=\"cmplz-service-header\"><div>\n\t\t<h3>Google Analytics<\/h3>\n\t\t<p>Statistika<\/p>\n\t\t<label for=\"cmplz_service_google-analytics\" class=\"cmplz_consent_per_service_label\"><span class=\"screen-reader-text\">Consent to service google-analytics<\/span><\/label>\n\t\t<input type=\"checkbox\" id=\"cmplz_service_google-analytics\" class=\"cmplz-accept-service cmplz-hidden\" data-service=\"google-analytics\" data-category=\"functional\"><\/div>\n\t<\/summary>\n\t<div class=\"cmplz-service-description\">\n\t\t<h4>Upotreba<\/h4>\n\t\t<p><\/p>\n\t<\/div>\n\t<div class=\"cmplz-sharing-data\">\n\t\t<h4>Dijeljenje podataka<\/h4>\n\t\t<p>Ovi podaci se ne dijele s tre\u0107im stranama.<\/p>\n\t<\/div>\n\t<div class=\"cookies-per-purpose\">\n    <div class=\"purpose\"><h4>Statistika<\/h4><\/div>\n    <div class=\"name-header\">\n\t<h5>Naziv<\/h5>\n<\/div>\n<div class=\"name\"><a target=\"_blank\" rel=\"noopener noreferrer nofollow\" href=\"https:\/\/cookiedatabase.org\/cookie\/unknown-service\/_ga\/\">_ga<\/a><\/div>\n<div class=\"retention-header\">\n\t<h5>Rok trajanja<\/h5>\n<\/div>\n<div class=\"retention\">2 godine<\/div>\n<div class=\"function-header\">\n\t<h5>Funkcija<\/h5>\n<\/div>\n<div class=\"function\">Broji i prati broj pregleda stranica<\/div>\n<div class=\"name-header\">\n\t<h5>Naziv<\/h5>\n<\/div>\n<div class=\"name\"><a target=\"_blank\" rel=\"noopener noreferrer nofollow\" href=\"https:\/\/cookiedatabase.org\/cookie\/unknown-service\/_ga_\/\">_ga_*<\/a><\/div>\n<div class=\"retention-header\">\n\t<h5>Rok trajanja<\/h5>\n<\/div>\n<div class=\"retention\">1 godina<\/div>\n<div class=\"function-header\">\n\t<h5>Funkcija<\/h5>\n<\/div>\n<div class=\"function\">Broji i prati broj pregleda stranica<\/div>\n\n<\/div>\n<\/details>\n<details class=\"cmplz-dropdown cmplz-service-desc cmplz-dropdown-cookiepolicy \">\n\t<summary class=\"cmplz-service-header\"><div>\n\t\t<h3>Razno<\/h3>\n\t\t<p>Svrha u tijeku istrage<\/p>\n\t\t<label for=\"cmplz_service_razno\" class=\"cmplz_consent_per_service_label\"><span class=\"screen-reader-text\">Consent to service razno<\/span><\/label>\n\t\t<input type=\"checkbox\" id=\"cmplz_service_razno\" class=\"cmplz-accept-service cmplz-hidden\" data-service=\"razno\" data-category=\"functional\"><\/div>\n\t<\/summary>\n\t<div class=\"cmplz-service-description\">\n\t\t<h4>Upotreba<\/h4>\n\t\t<p><\/p>\n\t<\/div>\n\t<div class=\"cmplz-sharing-data\">\n\t\t<h4>Dijeljenje podataka<\/h4>\n\t\t<p>Dijeljenje podataka \u010deka istragu<\/p>\n\t<\/div>\n\t<div class=\"cookies-per-purpose\">\n    <div class=\"purpose\"><h4>Svrha u tijeku istrage<\/h4><\/div>\n    <div class=\"name-header\">\n\t<h5>Naziv<\/h5>\n<\/div>\n<div class=\"name\">o-copyPasteStorage-expiration<\/div>\n<div class=\"retention-header\">\n\t<h5>Rok trajanja<\/h5>\n<\/div>\n<div class=\"retention\"><\/div>\n<div class=\"function-header\">\n\t<h5>Funkcija<\/h5>\n<\/div>\n<div class=\"function\"><\/div>\n<div class=\"name-header\">\n\t<h5>Naziv<\/h5>\n<\/div>\n<div class=\"name\">o-copyPasteStorage-version<\/div>\n<div class=\"retention-header\">\n\t<h5>Rok trajanja<\/h5>\n<\/div>\n<div class=\"retention\"><\/div>\n<div class=\"function-header\">\n\t<h5>Funkcija<\/h5>\n<\/div>\n<div class=\"function\"><\/div>\n<div class=\"name-header\">\n\t<h5>Naziv<\/h5>\n<\/div>\n<div class=\"name\">Console<\/div>\n<div class=\"retention-header\">\n\t<h5>Rok trajanja<\/h5>\n<\/div>\n<div class=\"retention\"><\/div>\n<div class=\"function-header\">\n\t<h5>Funkcija<\/h5>\n<\/div>\n<div class=\"function\"><\/div>\n<div class=\"name-header\">\n\t<h5>Naziv<\/h5>\n<\/div>\n<div class=\"name\">o-show-onboarding<\/div>\n<div class=\"retention-header\">\n\t<h5>Rok trajanja<\/h5>\n<\/div>\n<div class=\"retention\"><\/div>\n<div class=\"function-header\">\n\t<h5>Funkcija<\/h5>\n<\/div>\n<div class=\"function\"><\/div>\n<div class=\"name-header\">\n\t<h5>Naziv<\/h5>\n<\/div>\n<div class=\"name\">NavigationWidth<\/div>\n<div class=\"retention-header\">\n\t<h5>Rok trajanja<\/h5>\n<\/div>\n<div class=\"retention\"><\/div>\n<div class=\"function-header\">\n\t<h5>Funkcija<\/h5>\n<\/div>\n<div class=\"function\"><\/div>\n<div class=\"name-header\">\n\t<h5>Naziv<\/h5>\n<\/div>\n<div class=\"name\">debug<\/div>\n<div class=\"retention-header\">\n\t<h5>Rok trajanja<\/h5>\n<\/div>\n<div class=\"retention\"><\/div>\n<div class=\"function-header\">\n\t<h5>Funkcija<\/h5>\n<\/div>\n<div class=\"function\"><\/div>\n<div class=\"name-header\">\n\t<h5>Naziv<\/h5>\n<\/div>\n<div class=\"name\">formbricks-js<\/div>\n<div class=\"retention-header\">\n\t<h5>Rok trajanja<\/h5>\n<\/div>\n<div class=\"retention\"><\/div>\n<div class=\"function-header\">\n\t<h5>Funkcija<\/h5>\n<\/div>\n<div class=\"function\"><\/div>\n\n<\/div>\n<\/details>\n<\/div><h2>7. Pristanak<\/h2><p>Kada prvi put posjetite na\u0161u web-stranicu, prikazat \u0107emo vam sko\u010dni prozor s obja\u0161njenjem o kola\u010di\u0107ima. \u010cim kliknete na &#8220;Spremi preference&#8221;, pristajete na kori\u0161tenje kategorija kola\u010di\u0107a i dodataka koje ste odabrali u sko\u010dnom prozoru, kao \u0161to je opisano u ovim Pravilima o kola\u010di\u0107ima. Mo\u017eete onemogu\u0107iti kori\u0161tenje kola\u010di\u0107a putem svog preglednika, ali imajte na umu da na\u0161a web-stranica mo\u017eda vi\u0161e ne\u0107e raditi ispravno.<\/p><p class=\"cmplz-subtitle\">7.1 Upravljajte postavkama pristanka<\/p><div id=\"cmplz-manage-consent-container-nojavascript\">U\u010ditali ste Politiku kola\u010di\u0107a bez podr\u0161ke za javascript.&nbsp;Na AMP-u mo\u017eete koristiti gumb za upravljanje pristankom na dnu stranice.<\/div><div id=\"cmplz-manage-consent-container\" name=\"cmplz-manage-consent-container\" class=\"cmplz-manage-consent-container\"><\/div><h2>8. Omogu\u0107avanje\/onemogu\u0107avanje i brisanje kola\u010di\u0107a<\/h2><p>Svoj internetski preglednik mo\u017eete koristiti za automatsko ili ru\u010dno brisanje kola\u010di\u0107a. Tako\u0111er mo\u017eete odrediti da se odre\u0111eni kola\u010di\u0107i ne smiju postavljati. Druga je mogu\u0107nost promijeniti postavke internetskog preglednika tako da primate poruku svaki put kad se stavi kola\u010di\u0107. Dodatne informacije o ovim opcijama potra\u017eite u uputama u odjeljku za pomo\u0107 va\u0161eg preglednika.<\/p><p>Please note that our website may not work properly if all cookies are disabled. If you do delete the cookies in your browser, they will be placed again after your consent when you visit our website again.<\/p><h2>9. Va\u0161a prava u pogledu osobnih podataka<\/h2><p>Imate sljede\u0107a prava u pogledu svojih osobnih podataka:<\/p><ul>\n                    <li>Pravo na kori\u0161tenje osobnih podataka: Imate pravo znati za\u0161to su va\u0161i osobni podaci potrebni, \u0161to \u0107e se s njima dogoditi i koliko dugo \u0107e se \u010duvati.<\/li>\n                    <li>Pravo pristupa: Imate pravo pristupa svojim osobnim podacima koji su nam poznati.<\/li>\n                    <li>Pravo na ispravak: imate pravo dopuniti, ispraviti, izbrisati ili blokirati svoje osobne podatke kad god \u017eelite.<\/li>\n                    <li>Ako nam date svoju suglasnost za obradu va\u0161ih podataka, imate pravo opozvati tu privolu i izbrisati svoje osobne podatke.<\/li>\n                    <li>Pravo prijenosa podataka: imate pravo zatra\u017eiti sve svoje osobne podatke od kontrolora i prenijeti ih u cijelosti drugom kontroloru.<\/li>\n                    <li>Pravo na prigovor: mo\u017eete prigovoriti obradi svojih podataka. U skladu smo s tim, osim ako ne postoje opravdani razlozi za obradu.<\/li>\n                <\/ul><p>Da biste iskoristili ta prava, obratite nam se. Pogledajte podatke za kontakt na dnu politike kola\u010di\u0107a. Ako imate pritu\u017ebu o tome kako postupamo s va\u0161im podacima, \u017eeljeli bismo to \u010duti od vas, ali imate pravo podnijeti pritu\u017ebu i nadzornom tijelu (Tijelu za za\u0161titu podataka).<\/p><h2>10. Kontakt podaci<\/h2><p>Za pitanja i\/ili komentare o na\u0161oj Politici kola\u010di\u0107a i ovoj izjavi, molimo da nas kontaktirate koriste\u0107i sljede\u0107e kontakt podatke:<\/p><p><span class=\"cmplz-contact-organisation\">Festival znanosti<\/span><br>\n                      <span class=\"cmplz-contact-address\"> <\/span><br>\n                      <span class=\"cmplz-contact-country\">Hrvatska<\/span><br>\n                    Web-stranica: <span class=\"cmplz-contact-domain\"><a href=\"https:\/\/festivalznanosti.uniri.hr\/2023\">https:\/\/festivalznanosti.uniri.hr\/2023<\/a><\/span><br>\n                    E-mail: <span class=\"cmplz-contact-email\">f&#101;stival&#122;&#110;&#097;&#110;&#111;&#115;t&#105;r&#105;&#106;ek&#097;&#064;&#103;m&#097;&#105;&#108;.com<\/span><br>\n                    <span class=\"cmplz-contact-telephone\"><\/span><\/p><p>Ova Politika kola\u010di\u0107a sinkronizirana je s <a href=\"https:\/\/cookiedatabase.org\/\" target=\"_blank\">cookiedatabase.org<\/a> dana travanj 18, 2024.<\/p><\/div>","protected":false},"excerpt":{"rendered":"","protected":false},"author":1,"featured_media":0,"parent":0,"menu_order":0,"comment_status":"closed","ping_status":"closed","template":"","meta":{"_monsterinsights_skip_tracking":false,"_monsterinsights_sitenote_active":false,"_monsterinsights_sitenote_note":"","_monsterinsights_sitenote_category":0,"site-sidebar-layout":"default","site-content-layout":"default","ast-global-header-display":"","ast-main-header-display":"","ast-hfb-above-header-display":"","ast-hfb-below-header-display":"","ast-hfb-mobile-header-display":"","site-post-title":"","ast-breadcrumbs-content":"","ast-featured-img":"","footer-sml-layout":"","theme-transparent-header-meta":"","adv-header-id-meta":"","stick-header-meta":"","header-above-stick-meta":"","header-main-stick-meta":"","header-below-stick-meta":"","_themeisle_gutenberg_block_has_review":false,"footnotes":""},"yoast_head":"<!-- This site is optimized with the Yoast SEO plugin v20.5 - https:\/\/yoast.com\/wordpress\/plugins\/seo\/ -->\n<title>Politika kola\u010di\u0107a (EU) - Festival Znanosti, Rijeka 2023<\/title>\n<meta name=\"robots\" content=\"index, follow, max-snippet:-1, max-image-preview:large, max-video-preview:-1\" \/>\n<link rel=\"canonical\" href=\"https:\/\/festivalznanosti.uniri.hr\/2023\/politika-kolacica-eu\/\" \/>\n<meta property=\"og:locale\" content=\"hr_HR\" \/>\n<meta property=\"og:type\" content=\"article\" \/>\n<meta property=\"og:title\" content=\"Politika kola\u010di\u0107a (EU) - Festival Znanosti, Rijeka 2023\" \/>\n<meta property=\"og:url\" content=\"https:\/\/festivalznanosti.uniri.hr\/2023\/politika-kolacica-eu\/\" \/>\n<meta property=\"og:site_name\" content=\"Festival Znanosti, Rijeka 2023\" \/>\n<meta property=\"article:publisher\" content=\"https:\/\/www.facebook.com\/festivalznanostirijeka\/\" \/>\n<meta property=\"og:image\" content=\"https:\/\/festivalznanosti.uniri.hr\/2023\/wp-content\/uploads\/sites\/6\/2023\/04\/FZ_23_web-scaled.jpg\" \/>\n\t<meta property=\"og:image:width\" content=\"2560\" \/>\n\t<meta property=\"og:image:height\" content=\"1067\" \/>\n\t<meta property=\"og:image:type\" content=\"image\/jpeg\" \/>\n<meta name=\"twitter:card\" content=\"summary_large_image\" \/>\n<script type=\"application\/ld+json\" class=\"yoast-schema-graph\">{\"@context\":\"https:\/\/schema.org\",\"@graph\":[{\"@type\":\"WebPage\",\"@id\":\"https:\/\/festivalznanosti.uniri.hr\/2023\/politika-kolacica-eu\/\",\"url\":\"https:\/\/festivalznanosti.uniri.hr\/2023\/politika-kolacica-eu\/\",\"name\":\"Politika kola\u010di\u0107a (EU) - Festival Znanosti, Rijeka 2023\",\"isPartOf\":{\"@id\":\"https:\/\/festivalznanosti.uniri.hr\/2023\/#website\"},\"datePublished\":\"2024-04-18T10:01:18+00:00\",\"dateModified\":\"2024-04-18T10:01:18+00:00\",\"breadcrumb\":{\"@id\":\"https:\/\/festivalznanosti.uniri.hr\/2023\/politika-kolacica-eu\/#breadcrumb\"},\"inLanguage\":\"hr\",\"potentialAction\":[{\"@type\":\"ReadAction\",\"target\":[\"https:\/\/festivalznanosti.uniri.hr\/2023\/politika-kolacica-eu\/\"]}]},{\"@type\":\"BreadcrumbList\",\"@id\":\"https:\/\/festivalznanosti.uniri.hr\/2023\/politika-kolacica-eu\/#breadcrumb\",\"itemListElement\":[{\"@type\":\"ListItem\",\"position\":1,\"name\":\"Po\u010detna\",\"item\":\"https:\/\/festivalznanosti.uniri.hr\/2023\/\"},{\"@type\":\"ListItem\",\"position\":2,\"name\":\"Politika kola\u010di\u0107a (EU)\"}]},{\"@type\":\"WebSite\",\"@id\":\"https:\/\/festivalznanosti.uniri.hr\/2023\/#website\",\"url\":\"https:\/\/festivalznanosti.uniri.hr\/2023\/\",\"name\":\"Festival Znanosti, Rijeka 2023\",\"description\":\"Znanost dostupna svima\",\"publisher\":{\"@id\":\"https:\/\/festivalznanosti.uniri.hr\/2023\/#organization\"},\"potentialAction\":[{\"@type\":\"SearchAction\",\"target\":{\"@type\":\"EntryPoint\",\"urlTemplate\":\"https:\/\/festivalznanosti.uniri.hr\/2023\/?s={search_term_string}\"},\"query-input\":\"required name=search_term_string\"}],\"inLanguage\":\"hr\"},{\"@type\":\"Organization\",\"@id\":\"https:\/\/festivalznanosti.uniri.hr\/2023\/#organization\",\"name\":\"Festival znanosti Rijeka\",\"url\":\"https:\/\/festivalznanosti.uniri.hr\/2023\/\",\"logo\":{\"@type\":\"ImageObject\",\"inLanguage\":\"hr\",\"@id\":\"https:\/\/festivalznanosti.uniri.hr\/2023\/#\/schema\/logo\/image\/\",\"url\":\"https:\/\/festivalznanosti.uniri.hr\/2023\/wp-content\/uploads\/sites\/6\/2023\/04\/cropped-FZ_23_web-scaled-2.jpg\",\"contentUrl\":\"https:\/\/festivalznanosti.uniri.hr\/2023\/wp-content\/uploads\/sites\/6\/2023\/04\/cropped-FZ_23_web-scaled-2.jpg\",\"width\":125,\"height\":127,\"caption\":\"Festival znanosti Rijeka\"},\"image\":{\"@id\":\"https:\/\/festivalznanosti.uniri.hr\/2023\/#\/schema\/logo\/image\/\"},\"sameAs\":[\"https:\/\/www.facebook.com\/festivalznanostirijeka\/\"]}]}<\/script>\n<!-- \/ Yoast SEO plugin. -->","yoast_head_json":{"title":"Politika kola\u010di\u0107a (EU) - Festival Znanosti, Rijeka 2023","robots":{"index":"index","follow":"follow","max-snippet":"max-snippet:-1","max-image-preview":"max-image-preview:large","max-video-preview":"max-video-preview:-1"},"canonical":"https:\/\/festivalznanosti.uniri.hr\/2023\/politika-kolacica-eu\/","og_locale":"hr_HR","og_type":"article","og_title":"Politika kola\u010di\u0107a (EU) - Festival Znanosti, Rijeka 2023","og_url":"https:\/\/festivalznanosti.uniri.hr\/2023\/politika-kolacica-eu\/","og_site_name":"Festival Znanosti, Rijeka 2023","article_publisher":"https:\/\/www.facebook.com\/festivalznanostirijeka\/","og_image":[{"width":2560,"height":1067,"url":"https:\/\/festivalznanosti.uniri.hr\/2023\/wp-content\/uploads\/sites\/6\/2023\/04\/FZ_23_web-scaled.jpg","type":"image\/jpeg"}],"twitter_card":"summary_large_image","schema":{"@context":"https:\/\/schema.org","@graph":[{"@type":"WebPage","@id":"https:\/\/festivalznanosti.uniri.hr\/2023\/politika-kolacica-eu\/","url":"https:\/\/festivalznanosti.uniri.hr\/2023\/politika-kolacica-eu\/","name":"Politika kola\u010di\u0107a (EU) - Festival Znanosti, Rijeka 2023","isPartOf":{"@id":"https:\/\/festivalznanosti.uniri.hr\/2023\/#website"},"datePublished":"2024-04-18T10:01:18+00:00","dateModified":"2024-04-18T10:01:18+00:00","breadcrumb":{"@id":"https:\/\/festivalznanosti.uniri.hr\/2023\/politika-kolacica-eu\/#breadcrumb"},"inLanguage":"hr","potentialAction":[{"@type":"ReadAction","target":["https:\/\/festivalznanosti.uniri.hr\/2023\/politika-kolacica-eu\/"]}]},{"@type":"BreadcrumbList","@id":"https:\/\/festivalznanosti.uniri.hr\/2023\/politika-kolacica-eu\/#breadcrumb","itemListElement":[{"@type":"ListItem","position":1,"name":"Po\u010detna","item":"https:\/\/festivalznanosti.uniri.hr\/2023\/"},{"@type":"ListItem","position":2,"name":"Politika kola\u010di\u0107a (EU)"}]},{"@type":"WebSite","@id":"https:\/\/festivalznanosti.uniri.hr\/2023\/#website","url":"https:\/\/festivalznanosti.uniri.hr\/2023\/","name":"Festival Znanosti, Rijeka 2023","description":"Znanost dostupna svima","publisher":{"@id":"https:\/\/festivalznanosti.uniri.hr\/2023\/#organization"},"potentialAction":[{"@type":"SearchAction","target":{"@type":"EntryPoint","urlTemplate":"https:\/\/festivalznanosti.uniri.hr\/2023\/?s={search_term_string}"},"query-input":"required name=search_term_string"}],"inLanguage":"hr"},{"@type":"Organization","@id":"https:\/\/festivalznanosti.uniri.hr\/2023\/#organization","name":"Festival znanosti Rijeka","url":"https:\/\/festivalznanosti.uniri.hr\/2023\/","logo":{"@type":"ImageObject","inLanguage":"hr","@id":"https:\/\/festivalznanosti.uniri.hr\/2023\/#\/schema\/logo\/image\/","url":"https:\/\/festivalznanosti.uniri.hr\/2023\/wp-content\/uploads\/sites\/6\/2023\/04\/cropped-FZ_23_web-scaled-2.jpg","contentUrl":"https:\/\/festivalznanosti.uniri.hr\/2023\/wp-content\/uploads\/sites\/6\/2023\/04\/cropped-FZ_23_web-scaled-2.jpg","width":125,"height":127,"caption":"Festival znanosti Rijeka"},"image":{"@id":"https:\/\/festivalznanosti.uniri.hr\/2023\/#\/schema\/logo\/image\/"},"sameAs":["https:\/\/www.facebook.com\/festivalznanostirijeka\/"]}]}},"_links":{"self":[{"href":"https:\/\/festivalznanosti.uniri.hr\/2023\/wp-json\/wp\/v2\/pages\/794"}],"collection":[{"href":"https:\/\/festivalznanosti.uniri.hr\/2023\/wp-json\/wp\/v2\/pages"}],"about":[{"href":"https:\/\/festivalznanosti.uniri.hr\/2023\/wp-json\/wp\/v2\/types\/page"}],"author":[{"embeddable":true,"href":"https:\/\/festivalznanosti.uniri.hr\/2023\/wp-json\/wp\/v2\/users\/1"}],"replies":[{"embeddable":true,"href":"https:\/\/festivalznanosti.uniri.hr\/2023\/wp-json\/wp\/v2\/comments?post=794"}],"version-history":[{"count":0,"href":"https:\/\/festivalznanosti.uniri.hr\/2023\/wp-json\/wp\/v2\/pages\/794\/revisions"}],"wp:attachment":[{"href":"https:\/\/festivalznanosti.uniri.hr\/2023\/wp-json\/wp\/v2\/media?parent=794"}],"curies":[{"name":"wp","href":"https:\/\/api.w.org\/{rel}","templated":true}]}}