{"id":169,"date":"2024-04-18T00:15:30","date_gmt":"2024-04-18T00:15:30","guid":{"rendered":"https:\/\/festivalznanosti.uniri.hr\/2024\/?page_id=169"},"modified":"2024-04-18T09:39:19","modified_gmt":"2024-04-18T09:39:19","slug":"skole-za-skole","status":"publish","type":"page","link":"https:\/\/festivalznanosti.uniri.hr\/2024\/skole-za-skole\/","title":{"rendered":"\u0160kole za \u0161kole"},"content":{"rendered":"\n<div class=\"guten-element guten-accordions guten-IATZbs\">\n<div class=\"accordion-item\"><div class=\"accordion-heading\"><div class=\"accordion-icon\"><span class=\"accordion-icon-open\"><i class=\"fas fa-minus\"><\/i><\/span><span class=\"accordion-icon-closed\"><i class=\"fas fa-plus\"><\/i><\/span><\/div><span class=\"accordion-text\">Osnovna \u0161kola \u201eMilan Brozovi\u0107\u201c, Kastav<\/span><\/div><div class=\"accordion-body\"><div class=\"accordion-content\">\n<p>Opis projekta AI \u2013 umjesto nas ili za nas?<\/p>\n\n\n\n<p><br>Kastavska Osnovna \u0161kola \u201eMilan Brozovi\u0107\u201c na ovogodi\u0161njem \u0107e se Festivalu znanosti predstaviti me\u0111upredmetnim projektom AI &#8211; umjesto nas ili za nas? U projektu sudjeluju u\u010denici od 5. do 8. razreda, nastavnici predmeta Informatika, Geografija, Povijest, Engleski jezik, Hrvatski jezik i Likovna kultura te \u0161kolska knji\u017eni\u010darka. Korelacijskim smo pristupom istra\u017eili \u0161to se krije pod pojmom AI, predstavili smo njezinu kratku povijest, prednosti i nedostatke. Istra\u017eili smo utjecaj umjetne inteligencije na ljudski rad te smo doznali koja \u0107e zanimanja AI uskoro zamijeniti, koja \u201cnova\u201d zanimanja postaju va\u017ena na tr\u017ei\u0161tu rada te koja zanimanja umjetna inteligencija ne mo\u017ee zamijeniti. Zanimala nas je uporaba aplikacije Chat GPT, Gemini, Brainly, Colossyan, saznali smo tko je humanoidni robot Sophia. Donosimo primjere zadataka koje AI uspje\u0161no rje\u0161ava, ali i primjere pogre\u0161no rije\u0161enih zadataka. Razgovarali smo s umjetnom inteligencijom i na engleskom jeziku. S pomo\u0107u avatara pripremili smo prezentaciju o zna\u010dajkama javnoga govora. U\u010denici su se kreativno izrazili i dali svoje vi\u0111enje i primjenu robotike u svakodnevnom \u017eivotu na nastavi Likovne kulture. Kada govorimo o AI-u, neizostavno je spomenuti i njezinu tamnu stranu, odnosno name\u0107e se pitanje koja su ograni\u010denja u njezinu razvoju. Na to pitanje nismo kompetentni odgovoriti pa smo, samo kao vid zabave, pripremili listu ponajboljih SF filmova s temom pojave umjetno stvorenih svjesnih superinteligentnih i naj\u010de\u0161\u0107e za ljudski rod opasnih bi\u0107a. Zaklju\u010dili smo da je zapravo sada najve\u0107a odgovornost na \u010dovjeku koji treba AI pripremiti i upotrijebiti ZA NAS! AI bi nas trebala osuvremeniti i pomo\u0107i nam u na\u0161oj svakodnevici, a ne da ta ista AI preuzme odgovornost UMJESTO NAS!<br><\/p>\n\n\n\n<p>Poveznica na digitalni plakat: <a href=\"https:\/\/canvastera.com\/s\/nYIewlTIz\" target=\"_blank\" rel=\"noreferrer noopener\">https:\/\/canvastera.com\/s\/nYIewlTIz<\/a><\/p>\n<\/div><\/div><\/div>\n\n\n\n<div class=\"accordion-item\"><div class=\"accordion-heading\"><div class=\"accordion-icon\"><span class=\"accordion-icon-open\"><i class=\"fas fa-minus\"><\/i><\/span><span class=\"accordion-icon-closed\"><i class=\"fas fa-plus\"><\/i><\/span><\/div><span class=\"accordion-text\">Prometna \u0161kola Rijeka<\/span><\/div><div class=\"accordion-body\"><div class=\"accordion-content\">\n<p>Umjetna inteligencija &#8211; put u budu\u0107nost? (me\u0111upredmetni i korelacijski projekt)<br><\/p>\n\n\n\n<p>Sveprisutna zaokupljenost umjetnom inteligencijom potaknula nas je na promi\u0161ljanje i provedbu \u0161kolskoga projekta u kojem smo, ve\u0107 uvrije\u017eeno, temi pristupili multidisciplinarno i korelacijski. Krenuv\u0161i od op\u0107ih zna\u010dajki umjetne inteligencije s kojima smo se pozabavili u okviru Ra\u010dunalstva, proveli smo me\u0111u u\u010denicima istra\u017eiva\u010dku anketu koju smo analizirali na satu HJ. Zanimalo nas je i koji su AI alati najfunkcionalniji za u\u010denje matematike te kako nam umjetna inteligencija poma\u017ee u za\u0161titi okoli\u0161a. U okviru strukovnih predmeta otkrivali smo primjenu umjetne inteligencije u prometu, odnosno istra\u017eili smo futuristi\u010dke prometnice i automobile te sustave za pametno upravljanje prometnom signalizacijom. Naposljetku, poku\u0161ali smo uz pomo\u0107 umjetne inteligencije modelirati prigodne promid\u017ebene uratke za 3D ispis koje \u0107emo koristiti u predstoje\u0107oj upisnoj kampanji. Rezultate svih projektnih aktivnosti uvrstili smo na digitalni plakat izra\u0111en u alatu Canvastera. Poveznica za Canvaster-u: <a href=\"https:\/\/canvastera.com\/s\/kjlgpPOBL\" target=\"_blank\" rel=\"noreferrer noopener\">https:\/\/canvastera.com\/s\/kjlgpPOBL<\/a><\/p>\n\n\n\n<p class=\"has-text-align-right\">Vesna Tijan, koordinatorica projekta<\/p>\n<\/div><\/div><\/div>\n\n\n\n<div class=\"accordion-item\"><div class=\"accordion-heading\"><div class=\"accordion-icon\"><span class=\"accordion-icon-open\"><i class=\"fas fa-minus\"><\/i><\/span><span class=\"accordion-icon-closed\"><i class=\"fas fa-plus\"><\/i><\/span><\/div><span class=\"accordion-text\">Prva rije\u010dka hrvatska gimnazija<\/span><\/div><div class=\"accordion-body\"><div class=\"accordion-content\">\t\t<div class=\"embedpress-gutenberg-wrapper aligncenter   ep-content-protection-disabled inline\" id=\"81b1832d-07f0-4cb6-a5d7-bd2039ae2842\">\n\t\t\t\t\t\t<div class=\"wp-block-embed__wrapper   \">\n\t\t\t\t<div id=\"ep-gutenberg-content-0aef9de2a50ce1164dac54b449d8e664\" class=\"ep-gutenberg-content\">\n\t\t\t\t\t<div  >\n\t\t\t\t\t\t<div  class=\"ep-embed-content-wraper \"  >\n\t\t\t\t\t\t\t<div class=\"ose-wrapper ose-uid-57a1c44ef9c8ce93bc22ea8d0975102d ose-embedpress-responsive\" style=\"width:600px; height:450px; max-height:450px; max-width:100%; display:inline-block;\"><iframe loading=\"lazy\" allowFullScreen=\"true\" width=\"600\" height=\"450\" src=\"\/\/view.officeapps.live.com\/op\/embed.aspx?src=https:\/\/festivalznanosti.uniri.hr\/2024\/wp-content\/uploads\/sites\/7\/2024\/04\/Umjetna-inteligencija.pptx\" > <\/iframe><\/div>\t\t\t\t\t\t<\/div>\n\t\t\t\t\t\t\t\t\t\t\t<\/div>\n\t\t\t\t<\/div>\n\t\t\t<\/div>\n\t\t<\/div>\n\t\t<style>\n\t\t.ose-youtube.ose-uid-57a1c44ef9c8ce93bc22ea8d0975102d {\n\t\t\twidth: 600px !important;\n\t\t\theight: 450px!important;\n\t\t\tmax-height: 450px !important;\n\t\t\tmax-width: 100%;\n\t\t}\n\n\t\t.ose-youtube.ose-uid-57a1c44ef9c8ce93bc22ea8d0975102d>iframe {\n\t\t\theight: 450px !important;\n\t\t\tmax-height: 450px !important;\n\t\t\twidth: 100%;\n\t\t\tposition: relative !important;\n\t\t}\n\t\t\n\n\t\t.ose-uid-57a1c44ef9c8ce93bc22ea8d0975102d .wistia_embed {\n\t\t\tmax-width: 100%;\n\t\t}\n\n\t\t.alignright .ose-wistia.ose-uid-57a1c44ef9c8ce93bc22ea8d0975102d{\n\t\t\tmargin-left: auto;\n\t\t}\n\t\t.alignleft .ose-wistia.ose-uid-57a1c44ef9c8ce93bc22ea8d0975102d{\n\t\t\tmargin-right: auto;\n\t\t}\n\t\t.aligncenter .ose-wistia.ose-uid-57a1c44ef9c8ce93bc22ea8d0975102d{\n\t\t\tmargin: auto;\n\t\t}\n\t\t.ose-uid-57a1c44ef9c8ce93bc22ea8d0975102d img.watermark{\n\t\t\tdisplay: none;\n\t\t}\n\t\t\n\t\t\n\n\t\t\n\n\t<\/style><style>\n\t\t.ose-matterport.ose-uid-57a1c44ef9c8ce93bc22ea8d0975102d {\n\t\t\tposition: relative;\n\t\t\twidth: 600px !important;\n\t\t\theight: 450px !important;\n\t\t\tmax-width: 100%;\n\t\t  }\n\n\t<\/style><\/div><\/div><\/div>\n\n\n\n<div class=\"accordion-item\"><div class=\"accordion-heading\"><div class=\"accordion-icon\"><span class=\"accordion-icon-open\"><i class=\"fas fa-minus\"><\/i><\/span><span class=\"accordion-icon-closed\"><i class=\"fas fa-plus\"><\/i><\/span><\/div><span class=\"accordion-text\">O\u0160 Ivana Gorana Kova\u010di\u0107a Vrbovsko<\/span><\/div><div class=\"accordion-body\"><div class=\"accordion-content\">\t\t<div class=\"embedpress-gutenberg-wrapper aligncenter   ep-content-protection-disabled inline\" id=\"c031b23e-1e87-4786-bec2-dd7b20037fd3\">\n\t\t\t\t\t\t<div class=\"wp-block-embed__wrapper   \">\n\t\t\t\t<div id=\"ep-gutenberg-content-50913b3aac25b5a9d132efb56e04acfc\" class=\"ep-gutenberg-content\">\n\t\t\t\t\t<div  >\n\t\t\t\t\t\t<div  class=\"ep-embed-content-wraper \"  >\n\t\t\t\t\t\t\t<div class=\"ose-wrapper ose-uid-2eda7d7bc3689bb88d93fbd14b3ed6f0 ose-embedpress-responsive\" style=\"width:600px; height:450px; max-height:450px; max-width:100%; display:inline-block;\"><iframe loading=\"lazy\" allowFullScreen=\"true\" width=\"600\" height=\"450\" src=\"\/\/view.officeapps.live.com\/op\/embed.aspx?src=https:\/\/festivalznanosti.uniri.hr\/2024\/wp-content\/uploads\/sites\/7\/2024\/04\/Istrazivanje-verbalne-inteligencije-price-rijeci-igre.pptx\" > <\/iframe><\/div>\t\t\t\t\t\t<\/div>\n\t\t\t\t\t\t\t\t\t\t\t<\/div>\n\t\t\t\t<\/div>\n\t\t\t<\/div>\n\t\t<\/div>\n\t\t<style>\n\t\t.ose-youtube.ose-uid-2eda7d7bc3689bb88d93fbd14b3ed6f0 {\n\t\t\twidth: 600px !important;\n\t\t\theight: 450px!important;\n\t\t\tmax-height: 450px !important;\n\t\t\tmax-width: 100%;\n\t\t}\n\n\t\t.ose-youtube.ose-uid-2eda7d7bc3689bb88d93fbd14b3ed6f0>iframe {\n\t\t\theight: 450px !important;\n\t\t\tmax-height: 450px !important;\n\t\t\twidth: 100%;\n\t\t\tposition: relative !important;\n\t\t}\n\t\t\n\n\t\t.ose-uid-2eda7d7bc3689bb88d93fbd14b3ed6f0 .wistia_embed {\n\t\t\tmax-width: 100%;\n\t\t}\n\n\t\t.alignright .ose-wistia.ose-uid-2eda7d7bc3689bb88d93fbd14b3ed6f0{\n\t\t\tmargin-left: auto;\n\t\t}\n\t\t.alignleft .ose-wistia.ose-uid-2eda7d7bc3689bb88d93fbd14b3ed6f0{\n\t\t\tmargin-right: auto;\n\t\t}\n\t\t.aligncenter .ose-wistia.ose-uid-2eda7d7bc3689bb88d93fbd14b3ed6f0{\n\t\t\tmargin: auto;\n\t\t}\n\t\t.ose-uid-2eda7d7bc3689bb88d93fbd14b3ed6f0 img.watermark{\n\t\t\tdisplay: none;\n\t\t}\n\t\t\n\t\t\n\n\t\t\n\n\t<\/style><style>\n\t\t.ose-matterport.ose-uid-2eda7d7bc3689bb88d93fbd14b3ed6f0 {\n\t\t\tposition: relative;\n\t\t\twidth: 600px !important;\n\t\t\theight: 450px !important;\n\t\t\tmax-width: 100%;\n\t\t  }\n\n\t<\/style><\/div><\/div><\/div>\n\n\n\n<div class=\"accordion-item\"><div class=\"accordion-heading\"><div class=\"accordion-icon\"><span class=\"accordion-icon-open\"><i class=\"fas fa-minus\"><\/i><\/span><span class=\"accordion-icon-closed\"><i class=\"fas fa-plus\"><\/i><\/span><\/div><span class=\"accordion-text\">O\u0160 Kostrena<\/span><\/div><div class=\"accordion-body\"><div class=\"accordion-content\">\t\t<div class=\"embedpress-gutenberg-wrapper aligncenter   ep-content-protection-disabled inline\" id=\"dab9b2ec-6054-46b7-a660-7ac11897480d\">\n\t\t\t\t\t\t<div class=\"wp-block-embed__wrapper   \">\n\t\t\t\t<div id=\"ep-gutenberg-content-8e7fc402e09a760c7cf703ea74eb02f8\" class=\"ep-gutenberg-content\">\n\t\t\t\t\t<div  >\n\t\t\t\t\t\t<div  class=\"ep-embed-content-wraper \"  >\n\t\t\t\t\t\t\t<div class=\"ose-wrapper ose-uid-68f777bbe2915b656c21e92c5e69bcd0 ose-embedpress-responsive\" style=\"width:600px; height:450px; max-height:450px; max-width:100%; display:inline-block;\"><iframe loading=\"lazy\" allowFullScreen=\"true\" width=\"600\" height=\"450\" src=\"\/\/view.officeapps.live.com\/op\/embed.aspx?src=https:\/\/festivalznanosti.uniri.hr\/2024\/wp-content\/uploads\/sites\/7\/2024\/04\/OS-Kostrena-Emocionalna-inteligencija-u-okviru-psiholoske-karakterizacije-knjizevnoga-lika.pptx\" > <\/iframe><\/div>\t\t\t\t\t\t<\/div>\n\t\t\t\t\t\t\t\t\t\t\t<\/div>\n\t\t\t\t<\/div>\n\t\t\t<\/div>\n\t\t<\/div>\n\t\t<style>\n\t\t.ose-youtube.ose-uid-68f777bbe2915b656c21e92c5e69bcd0 {\n\t\t\twidth: 600px !important;\n\t\t\theight: 450px!important;\n\t\t\tmax-height: 450px !important;\n\t\t\tmax-width: 100%;\n\t\t}\n\n\t\t.ose-youtube.ose-uid-68f777bbe2915b656c21e92c5e69bcd0>iframe {\n\t\t\theight: 450px !important;\n\t\t\tmax-height: 450px !important;\n\t\t\twidth: 100%;\n\t\t\tposition: relative !important;\n\t\t}\n\t\t\n\n\t\t.ose-uid-68f777bbe2915b656c21e92c5e69bcd0 .wistia_embed {\n\t\t\tmax-width: 100%;\n\t\t}\n\n\t\t.alignright .ose-wistia.ose-uid-68f777bbe2915b656c21e92c5e69bcd0{\n\t\t\tmargin-left: auto;\n\t\t}\n\t\t.alignleft .ose-wistia.ose-uid-68f777bbe2915b656c21e92c5e69bcd0{\n\t\t\tmargin-right: auto;\n\t\t}\n\t\t.aligncenter .ose-wistia.ose-uid-68f777bbe2915b656c21e92c5e69bcd0{\n\t\t\tmargin: auto;\n\t\t}\n\t\t.ose-uid-68f777bbe2915b656c21e92c5e69bcd0 img.watermark{\n\t\t\tdisplay: none;\n\t\t}\n\t\t\n\t\t\n\n\t\t\n\n\t<\/style><style>\n\t\t.ose-matterport.ose-uid-68f777bbe2915b656c21e92c5e69bcd0 {\n\t\t\tposition: relative;\n\t\t\twidth: 600px !important;\n\t\t\theight: 450px !important;\n\t\t\tmax-width: 100%;\n\t\t  }\n\n\t<\/style><\/div><\/div><\/div>\n\n\n\n<div class=\"accordion-item\"><div class=\"accordion-heading\"><div class=\"accordion-icon\"><span class=\"accordion-icon-open\"><i class=\"fas fa-minus\"><\/i><\/span><span class=\"accordion-icon-closed\"><i class=\"fas fa-plus\"><\/i><\/span><\/div><span class=\"accordion-text\">Strojarska \u0161kola za industrijska i obrtni\u010dka zanimanja Rijeka<\/span><\/div><div class=\"accordion-body\"><div class=\"accordion-content\">\n<figure class=\"wp-block-embed is-type-video is-provider-youtube wp-block-embed-youtube wp-embed-aspect-16-9 wp-has-aspect-ratio\"><div class=\"wp-block-embed__wrapper\">\n<iframe loading=\"lazy\" title=\"AI i industrijska ba\u0161tina\" width=\"500\" height=\"281\" src=\"https:\/\/www.youtube.com\/embed\/dvFBQbqIzyQ?feature=oembed\" frameborder=\"0\" allow=\"accelerometer; autoplay; clipboard-write; encrypted-media; gyroscope; picture-in-picture; web-share\" referrerpolicy=\"strict-origin-when-cross-origin\" allowfullscreen><\/iframe>\n<\/div><\/figure>\n<\/div><\/div><\/div>\n<\/div>\n","protected":false},"excerpt":{"rendered":"","protected":false},"author":1,"featured_media":0,"parent":0,"menu_order":0,"comment_status":"closed","ping_status":"closed","template":"","meta":{"_monsterinsights_skip_tracking":false,"_monsterinsights_sitenote_active":false,"_monsterinsights_sitenote_note":"","_monsterinsights_sitenote_category":0,"_themeisle_gutenberg_block_has_review":false,"footnotes":""},"yoast_head":"<!-- This site is optimized with the Yoast SEO plugin v20.5 - https:\/\/yoast.com\/wordpress\/plugins\/seo\/ -->\n<title>\u0160kole za \u0161kole - Festival Znanosti, Rijeka 2024<\/title>\n<meta name=\"robots\" content=\"index, follow, max-snippet:-1, max-image-preview:large, max-video-preview:-1\" \/>\n<link rel=\"canonical\" href=\"https:\/\/festivalznanosti.uniri.hr\/2024\/skole-za-skole\/\" \/>\n<meta property=\"og:locale\" content=\"hr_HR\" \/>\n<meta property=\"og:type\" content=\"article\" \/>\n<meta property=\"og:title\" content=\"\u0160kole za \u0161kole - Festival Znanosti, Rijeka 2024\" \/>\n<meta property=\"og:url\" content=\"https:\/\/festivalznanosti.uniri.hr\/2024\/skole-za-skole\/\" \/>\n<meta property=\"og:site_name\" content=\"Festival Znanosti, Rijeka 2024\" \/>\n<meta property=\"article:modified_time\" content=\"2024-04-18T09:39:19+00:00\" \/>\n<meta name=\"twitter:card\" content=\"summary_large_image\" \/>\n<script type=\"application\/ld+json\" class=\"yoast-schema-graph\">{\"@context\":\"https:\/\/schema.org\",\"@graph\":[{\"@type\":\"WebPage\",\"@id\":\"https:\/\/festivalznanosti.uniri.hr\/2024\/skole-za-skole\/\",\"url\":\"https:\/\/festivalznanosti.uniri.hr\/2024\/skole-za-skole\/\",\"name\":\"\u0160kole za \u0161kole - Festival Znanosti, Rijeka 2024\",\"isPartOf\":{\"@id\":\"https:\/\/festivalznanosti.uniri.hr\/2024\/#website\"},\"datePublished\":\"2024-04-18T00:15:30+00:00\",\"dateModified\":\"2024-04-18T09:39:19+00:00\",\"breadcrumb\":{\"@id\":\"https:\/\/festivalznanosti.uniri.hr\/2024\/skole-za-skole\/#breadcrumb\"},\"inLanguage\":\"hr\",\"potentialAction\":[{\"@type\":\"ReadAction\",\"target\":[\"https:\/\/festivalznanosti.uniri.hr\/2024\/skole-za-skole\/\"]}]},{\"@type\":\"BreadcrumbList\",\"@id\":\"https:\/\/festivalznanosti.uniri.hr\/2024\/skole-za-skole\/#breadcrumb\",\"itemListElement\":[{\"@type\":\"ListItem\",\"position\":1,\"name\":\"Po\u010detna\",\"item\":\"https:\/\/festivalznanosti.uniri.hr\/2024\/\"},{\"@type\":\"ListItem\",\"position\":2,\"name\":\"\u0160kole za \u0161kole\"}]},{\"@type\":\"WebSite\",\"@id\":\"https:\/\/festivalznanosti.uniri.hr\/2024\/#website\",\"url\":\"https:\/\/festivalznanosti.uniri.hr\/2024\/\",\"name\":\"Festival Znanosti, Rijeka 2024\",\"description\":\"Znanost dostupna svima\",\"publisher\":{\"@id\":\"https:\/\/festivalznanosti.uniri.hr\/2024\/#organization\"},\"potentialAction\":[{\"@type\":\"SearchAction\",\"target\":{\"@type\":\"EntryPoint\",\"urlTemplate\":\"https:\/\/festivalznanosti.uniri.hr\/2024\/?s={search_term_string}\"},\"query-input\":\"required name=search_term_string\"}],\"inLanguage\":\"hr\"},{\"@type\":\"Organization\",\"@id\":\"https:\/\/festivalznanosti.uniri.hr\/2024\/#organization\",\"name\":\"Festival znanosti Rijeka\",\"url\":\"https:\/\/festivalznanosti.uniri.hr\/2024\/\",\"logo\":{\"@type\":\"ImageObject\",\"inLanguage\":\"hr\",\"@id\":\"https:\/\/festivalznanosti.uniri.hr\/2024\/#\/schema\/logo\/image\/\",\"url\":\"\",\"contentUrl\":\"\",\"caption\":\"Festival znanosti Rijeka\"},\"image\":{\"@id\":\"https:\/\/festivalznanosti.uniri.hr\/2024\/#\/schema\/logo\/image\/\"}}]}<\/script>\n<!-- \/ Yoast SEO plugin. -->","yoast_head_json":{"title":"\u0160kole za \u0161kole - Festival Znanosti, Rijeka 2024","robots":{"index":"index","follow":"follow","max-snippet":"max-snippet:-1","max-image-preview":"max-image-preview:large","max-video-preview":"max-video-preview:-1"},"canonical":"https:\/\/festivalznanosti.uniri.hr\/2024\/skole-za-skole\/","og_locale":"hr_HR","og_type":"article","og_title":"\u0160kole za \u0161kole - Festival Znanosti, Rijeka 2024","og_url":"https:\/\/festivalznanosti.uniri.hr\/2024\/skole-za-skole\/","og_site_name":"Festival Znanosti, Rijeka 2024","article_modified_time":"2024-04-18T09:39:19+00:00","twitter_card":"summary_large_image","schema":{"@context":"https:\/\/schema.org","@graph":[{"@type":"WebPage","@id":"https:\/\/festivalznanosti.uniri.hr\/2024\/skole-za-skole\/","url":"https:\/\/festivalznanosti.uniri.hr\/2024\/skole-za-skole\/","name":"\u0160kole za \u0161kole - Festival Znanosti, Rijeka 2024","isPartOf":{"@id":"https:\/\/festivalznanosti.uniri.hr\/2024\/#website"},"datePublished":"2024-04-18T00:15:30+00:00","dateModified":"2024-04-18T09:39:19+00:00","breadcrumb":{"@id":"https:\/\/festivalznanosti.uniri.hr\/2024\/skole-za-skole\/#breadcrumb"},"inLanguage":"hr","potentialAction":[{"@type":"ReadAction","target":["https:\/\/festivalznanosti.uniri.hr\/2024\/skole-za-skole\/"]}]},{"@type":"BreadcrumbList","@id":"https:\/\/festivalznanosti.uniri.hr\/2024\/skole-za-skole\/#breadcrumb","itemListElement":[{"@type":"ListItem","position":1,"name":"Po\u010detna","item":"https:\/\/festivalznanosti.uniri.hr\/2024\/"},{"@type":"ListItem","position":2,"name":"\u0160kole za \u0161kole"}]},{"@type":"WebSite","@id":"https:\/\/festivalznanosti.uniri.hr\/2024\/#website","url":"https:\/\/festivalznanosti.uniri.hr\/2024\/","name":"Festival Znanosti, Rijeka 2024","description":"Znanost dostupna svima","publisher":{"@id":"https:\/\/festivalznanosti.uniri.hr\/2024\/#organization"},"potentialAction":[{"@type":"SearchAction","target":{"@type":"EntryPoint","urlTemplate":"https:\/\/festivalznanosti.uniri.hr\/2024\/?s={search_term_string}"},"query-input":"required name=search_term_string"}],"inLanguage":"hr"},{"@type":"Organization","@id":"https:\/\/festivalznanosti.uniri.hr\/2024\/#organization","name":"Festival znanosti Rijeka","url":"https:\/\/festivalznanosti.uniri.hr\/2024\/","logo":{"@type":"ImageObject","inLanguage":"hr","@id":"https:\/\/festivalznanosti.uniri.hr\/2024\/#\/schema\/logo\/image\/","url":"","contentUrl":"","caption":"Festival znanosti Rijeka"},"image":{"@id":"https:\/\/festivalznanosti.uniri.hr\/2024\/#\/schema\/logo\/image\/"}}]}},"_links":{"self":[{"href":"https:\/\/festivalznanosti.uniri.hr\/2024\/wp-json\/wp\/v2\/pages\/169"}],"collection":[{"href":"https:\/\/festivalznanosti.uniri.hr\/2024\/wp-json\/wp\/v2\/pages"}],"about":[{"href":"https:\/\/festivalznanosti.uniri.hr\/2024\/wp-json\/wp\/v2\/types\/page"}],"author":[{"embeddable":true,"href":"https:\/\/festivalznanosti.uniri.hr\/2024\/wp-json\/wp\/v2\/users\/1"}],"replies":[{"embeddable":true,"href":"https:\/\/festivalznanosti.uniri.hr\/2024\/wp-json\/wp\/v2\/comments?post=169"}],"version-history":[{"count":17,"href":"https:\/\/festivalznanosti.uniri.hr\/2024\/wp-json\/wp\/v2\/pages\/169\/revisions"}],"predecessor-version":[{"id":585,"href":"https:\/\/festivalznanosti.uniri.hr\/2024\/wp-json\/wp\/v2\/pages\/169\/revisions\/585"}],"wp:attachment":[{"href":"https:\/\/festivalznanosti.uniri.hr\/2024\/wp-json\/wp\/v2\/media?parent=169"}],"curies":[{"name":"wp","href":"https:\/\/api.w.org\/{rel}","templated":true}]}}