{"id":335,"date":"2025-05-06T11:53:01","date_gmt":"2025-05-06T11:53:01","guid":{"rendered":"https:\/\/festivalznanosti.uniri.hr\/2025\/?page_id=335"},"modified":"2025-05-06T12:04:37","modified_gmt":"2025-05-06T12:04:37","slug":"vrtici-za-vrtice","status":"publish","type":"page","link":"https:\/\/festivalznanosti.uniri.hr\/2025\/vrtici-za-vrtice\/","title":{"rendered":"Vrti\u0107i za vrti\u0107e"},"content":{"rendered":"\n<div class=\"guten-element guten-accordions guten-IATZbs\">\n<div class=\"accordion-item\"><div class=\"accordion-heading\"><div class=\"accordion-icon\"><span class=\"accordion-icon-open\"><i class=\"fas fa-minus\"><\/i><\/span><span class=\"accordion-icon-closed\"><i class=\"fas fa-plus\"><\/i><\/span><\/div><span class=\"accordion-text\">Dje\u010dji Vrti\u0107 &#8220;Mali princ&#8221;<\/span><\/div><div class=\"accordion-body\"><div class=\"accordion-content\">\t\t<div class=\"embedpress-gutenberg-wrapper aligncenter   ep-content-protection-disabled inline\" id=\"2f33f319-6e79-4612-baa0-d642a39046bc\">\n\t\t\t\t\t\t<div class=\"wp-block-embed__wrapper   \">\n\t\t\t\t<div id=\"ep-gutenberg-content-f350e61c37741568194c7dd331f83a31\" class=\"ep-gutenberg-content\">\n\t\t\t\t\t<div  >\n\t\t\t\t\t\t<div  class=\"ep-embed-content-wraper \"  >\n\t\t\t\t\t\t\t<div class=\"ose-youtube ose-uid-68e7b3e7451401d59ef7ec8d38b4444a ose-embedpress-responsive\" style=\"width:600px; height:340px; max-height:340px; max-width:100%; display:inline-block;\"><iframe loading=\"lazy\" allowFullScreen=\"true\" title=\"Paukove mre\u017ee\" width=\"600\" height=\"340\" src=\"https:\/\/www.youtube.com\/embed\/e1qv3qH2kzQ?feature=oembed&#038;color=red&#038;rel=1&#038;controls=2&#038;start=true&#038;end=true&#038;fs=1&#038;iv_load_policy=1&#038;autoplay=0&#038;modestbranding=0&#038;cc_load_policy=0\" frameborder=\"0\" allow=\"accelerometer; encrypted-media;accelerometer;autoplay;clipboard-write;gyroscope;picture-in-picture clipboard-write; encrypted-media; gyroscope; picture-in-picture; web-share\" referrerpolicy=\"strict-origin-when-cross-origin\" allowfullscreen><\/iframe><\/div>\t\t\t\t\t\t<\/div>\n\t\t\t\t\t\t\t\t\t\t\t<\/div>\n\t\t\t\t<\/div>\n\t\t\t<\/div>\n\t\t<\/div>\n\t\t<style>\n\t\t.ose-youtube.ose-uid-68e7b3e7451401d59ef7ec8d38b4444a {\n\t\t\twidth: 600px !important;\n\t\t\theight: 340px!important;\n\t\t\tmax-height: 340px !important;\n\t\t\tmax-width: 100%;\n\t\t}\n\n\t\t.ose-youtube.ose-uid-68e7b3e7451401d59ef7ec8d38b4444a>iframe {\n\t\t\theight: 340px !important;\n\t\t\tmax-height: 340px !important;\n\t\t\twidth: 100%;\n\t\t\tposition: relative !important;\n\t\t}\n\t\t\n\n\t\t.ose-uid-68e7b3e7451401d59ef7ec8d38b4444a .wistia_embed {\n\t\t\tmax-width: 100%;\n\t\t}\n\n\t\t.alignright .ose-wistia.ose-uid-68e7b3e7451401d59ef7ec8d38b4444a{\n\t\t\tmargin-left: auto;\n\t\t}\n\t\t.alignleft .ose-wistia.ose-uid-68e7b3e7451401d59ef7ec8d38b4444a{\n\t\t\tmargin-right: auto;\n\t\t}\n\t\t.aligncenter .ose-wistia.ose-uid-68e7b3e7451401d59ef7ec8d38b4444a{\n\t\t\tmargin: auto;\n\t\t}\n\t\t.ose-uid-68e7b3e7451401d59ef7ec8d38b4444a img.watermark{\n\t\t\tdisplay: none;\n\t\t}\n\t\t\n\t\t\n\n\t\t\n\n\t<\/style><style>\n\t\t.ose-matterport.ose-uid-68e7b3e7451401d59ef7ec8d38b4444a {\n\t\t\tposition: relative;\n\t\t\twidth: 600px !important;\n\t\t\theight: 340px !important;\n\t\t\tmax-width: 100%;\n\t\t  }\n\n\t<\/style><\/div><\/div><\/div>\n\n\n\n<div class=\"accordion-item\"><div class=\"accordion-heading\"><div class=\"accordion-icon\"><span class=\"accordion-icon-open\"><i class=\"fas fa-minus\"><\/i><\/span><span class=\"accordion-icon-closed\"><i class=\"fas fa-plus\"><\/i><\/span><\/div><span class=\"accordion-text\">Dje\u010dji Vrti\u0107 More, Ppo \u0110ur\u0111ice, skupina Hobotnice<\/span><\/div><div class=\"accordion-body\"><div class=\"accordion-content\">\n<p class=\"has-text-align-center\">Mre\u017ee oko nas<\/p>\n\n\n\t\t<div class=\"embedpress-gutenberg-wrapper aligncenter   ep-content-protection-disabled inline\" id=\"a8f8896b-59e9-4853-af2f-09d67212cb08\">\n\t\t\t\t\t\t<div class=\"wp-block-embed__wrapper   \">\n\t\t\t\t<div id=\"ep-gutenberg-content-610346e6570d54c4eaa3a19c31e3cedd\" class=\"ep-gutenberg-content\">\n\t\t\t\t\t<div  >\n\t\t\t\t\t\t<div  class=\"ep-embed-content-wraper \"  >\n\t\t\t\t\t\t\t<div class=\"ose-youtube ose-uid-6d436374a9125ff79c89cecfc943f3ff ose-embedpress-responsive\" style=\"width:600px; height:450px; max-height:450px; max-width:100%; display:inline-block;\"><iframe loading=\"lazy\" allowFullScreen=\"true\" title=\"Mre\u017ee oko nas\" width=\"600\" height=\"450\" src=\"https:\/\/www.youtube.com\/embed\/cn2ztr5_pJk?feature=oembed&#038;color=red&#038;rel=0&#038;controls=1&#038;start=&#038;end=&#038;fs=0&#038;iv_load_policy=0&#038;autoplay=0&#038;modestbranding=0&#038;cc_load_policy=1\" frameborder=\"0\" allow=\"accelerometer; encrypted-media;accelerometer;autoplay;clipboard-write;gyroscope;picture-in-picture clipboard-write; encrypted-media; gyroscope; picture-in-picture; web-share\" referrerpolicy=\"strict-origin-when-cross-origin\" allowfullscreen><\/iframe><\/div>\t\t\t\t\t\t<\/div>\n\t\t\t\t\t\t\t\t\t\t\t<\/div>\n\t\t\t\t<\/div>\n\t\t\t<\/div>\n\t\t<\/div>\n\t\t<style>\n\t\t.ose-youtube.ose-uid-6d436374a9125ff79c89cecfc943f3ff {\n\t\t\twidth: 600px !important;\n\t\t\theight: 450px!important;\n\t\t\tmax-height: 450px !important;\n\t\t\tmax-width: 100%;\n\t\t}\n\n\t\t.ose-youtube.ose-uid-6d436374a9125ff79c89cecfc943f3ff>iframe {\n\t\t\theight: 450px !important;\n\t\t\tmax-height: 450px !important;\n\t\t\twidth: 100%;\n\t\t\tposition: relative !important;\n\t\t}\n\t\t\n\n\t\t.ose-uid-6d436374a9125ff79c89cecfc943f3ff .wistia_embed {\n\t\t\tmax-width: 100%;\n\t\t}\n\n\t\t.alignright .ose-wistia.ose-uid-6d436374a9125ff79c89cecfc943f3ff{\n\t\t\tmargin-left: auto;\n\t\t}\n\t\t.alignleft .ose-wistia.ose-uid-6d436374a9125ff79c89cecfc943f3ff{\n\t\t\tmargin-right: auto;\n\t\t}\n\t\t.aligncenter .ose-wistia.ose-uid-6d436374a9125ff79c89cecfc943f3ff{\n\t\t\tmargin: auto;\n\t\t}\n\t\t.ose-uid-6d436374a9125ff79c89cecfc943f3ff img.watermark{\n\t\t\tdisplay: none;\n\t\t}\n\t\t\n\t\t\n\n\t\t\n\n\t<\/style><style>\n\t\t.ose-matterport.ose-uid-6d436374a9125ff79c89cecfc943f3ff {\n\t\t\tposition: relative;\n\t\t\twidth: 600px !important;\n\t\t\theight: 450px !important;\n\t\t\tmax-width: 100%;\n\t\t  }\n\n\t<\/style><\/div><\/div><\/div>\n<\/div>\n","protected":false},"excerpt":{"rendered":"","protected":false},"author":1,"featured_media":0,"parent":0,"menu_order":0,"comment_status":"closed","ping_status":"closed","template":"","meta":{"_monsterinsights_skip_tracking":false,"_monsterinsights_sitenote_active":false,"_monsterinsights_sitenote_note":"","_monsterinsights_sitenote_category":0,"_themeisle_gutenberg_block_has_review":false,"footnotes":""},"yoast_head":"<!-- This site is optimized with the Yoast SEO plugin v20.5 - https:\/\/yoast.com\/wordpress\/plugins\/seo\/ -->\n<title>Vrti\u0107i za vrti\u0107e - Festival Znanosti, Rijeka 2025<\/title>\n<meta name=\"robots\" content=\"index, follow, max-snippet:-1, max-image-preview:large, max-video-preview:-1\" \/>\n<link rel=\"canonical\" href=\"https:\/\/festivalznanosti.uniri.hr\/2025\/vrtici-za-vrtice\/\" \/>\n<meta property=\"og:locale\" content=\"hr_HR\" \/>\n<meta property=\"og:type\" content=\"article\" \/>\n<meta property=\"og:title\" content=\"Vrti\u0107i za vrti\u0107e - Festival Znanosti, Rijeka 2025\" \/>\n<meta property=\"og:url\" content=\"https:\/\/festivalznanosti.uniri.hr\/2025\/vrtici-za-vrtice\/\" \/>\n<meta property=\"og:site_name\" content=\"Festival Znanosti, Rijeka 2025\" \/>\n<meta property=\"article:modified_time\" content=\"2025-05-06T12:04:37+00:00\" \/>\n<meta name=\"twitter:card\" content=\"summary_large_image\" \/>\n<meta name=\"twitter:label1\" content=\"Procijenjeno vrijeme \u010ditanja\" \/>\n\t<meta name=\"twitter:data1\" content=\"1 minuta\" \/>\n<script type=\"application\/ld+json\" class=\"yoast-schema-graph\">{\"@context\":\"https:\/\/schema.org\",\"@graph\":[{\"@type\":\"WebPage\",\"@id\":\"https:\/\/festivalznanosti.uniri.hr\/2025\/vrtici-za-vrtice\/\",\"url\":\"https:\/\/festivalznanosti.uniri.hr\/2025\/vrtici-za-vrtice\/\",\"name\":\"Vrti\u0107i za vrti\u0107e - Festival Znanosti, Rijeka 2025\",\"isPartOf\":{\"@id\":\"https:\/\/festivalznanosti.uniri.hr\/2025\/#website\"},\"datePublished\":\"2025-05-06T11:53:01+00:00\",\"dateModified\":\"2025-05-06T12:04:37+00:00\",\"breadcrumb\":{\"@id\":\"https:\/\/festivalznanosti.uniri.hr\/2025\/vrtici-za-vrtice\/#breadcrumb\"},\"inLanguage\":\"hr\",\"potentialAction\":[{\"@type\":\"ReadAction\",\"target\":[\"https:\/\/festivalznanosti.uniri.hr\/2025\/vrtici-za-vrtice\/\"]}]},{\"@type\":\"BreadcrumbList\",\"@id\":\"https:\/\/festivalznanosti.uniri.hr\/2025\/vrtici-za-vrtice\/#breadcrumb\",\"itemListElement\":[{\"@type\":\"ListItem\",\"position\":1,\"name\":\"Po\u010detna\",\"item\":\"https:\/\/festivalznanosti.uniri.hr\/2025\/\"},{\"@type\":\"ListItem\",\"position\":2,\"name\":\"Vrti\u0107i za vrti\u0107e\"}]},{\"@type\":\"WebSite\",\"@id\":\"https:\/\/festivalznanosti.uniri.hr\/2025\/#website\",\"url\":\"https:\/\/festivalznanosti.uniri.hr\/2025\/\",\"name\":\"Festival Znanosti, Rijeka 2025\",\"description\":\"Znanost dostupna svima\",\"publisher\":{\"@id\":\"https:\/\/festivalznanosti.uniri.hr\/2025\/#organization\"},\"potentialAction\":[{\"@type\":\"SearchAction\",\"target\":{\"@type\":\"EntryPoint\",\"urlTemplate\":\"https:\/\/festivalznanosti.uniri.hr\/2025\/?s={search_term_string}\"},\"query-input\":\"required name=search_term_string\"}],\"inLanguage\":\"hr\"},{\"@type\":\"Organization\",\"@id\":\"https:\/\/festivalznanosti.uniri.hr\/2025\/#organization\",\"name\":\"Festival znanosti Rijeka\",\"url\":\"https:\/\/festivalznanosti.uniri.hr\/2025\/\",\"logo\":{\"@type\":\"ImageObject\",\"inLanguage\":\"hr\",\"@id\":\"https:\/\/festivalznanosti.uniri.hr\/2025\/#\/schema\/logo\/image\/\",\"url\":\"https:\/\/festivalznanosti.uniri.hr\/wp-content\/uploads\/2022\/04\/FZ_22_web-1-scaled-e1651017293590.jpg\",\"contentUrl\":\"https:\/\/festivalznanosti.uniri.hr\/wp-content\/uploads\/2022\/04\/FZ_22_web-1-scaled-e1651017293590.jpg\",\"width\":210,\"height\":212,\"caption\":\"Festival znanosti Rijeka\"},\"image\":{\"@id\":\"https:\/\/festivalznanosti.uniri.hr\/2025\/#\/schema\/logo\/image\/\"}}]}<\/script>\n<!-- \/ Yoast SEO plugin. -->","yoast_head_json":{"title":"Vrti\u0107i za vrti\u0107e - Festival Znanosti, Rijeka 2025","robots":{"index":"index","follow":"follow","max-snippet":"max-snippet:-1","max-image-preview":"max-image-preview:large","max-video-preview":"max-video-preview:-1"},"canonical":"https:\/\/festivalznanosti.uniri.hr\/2025\/vrtici-za-vrtice\/","og_locale":"hr_HR","og_type":"article","og_title":"Vrti\u0107i za vrti\u0107e - Festival Znanosti, Rijeka 2025","og_url":"https:\/\/festivalznanosti.uniri.hr\/2025\/vrtici-za-vrtice\/","og_site_name":"Festival Znanosti, Rijeka 2025","article_modified_time":"2025-05-06T12:04:37+00:00","twitter_card":"summary_large_image","twitter_misc":{"Procijenjeno vrijeme \u010ditanja":"1 minuta"},"schema":{"@context":"https:\/\/schema.org","@graph":[{"@type":"WebPage","@id":"https:\/\/festivalznanosti.uniri.hr\/2025\/vrtici-za-vrtice\/","url":"https:\/\/festivalznanosti.uniri.hr\/2025\/vrtici-za-vrtice\/","name":"Vrti\u0107i za vrti\u0107e - Festival Znanosti, Rijeka 2025","isPartOf":{"@id":"https:\/\/festivalznanosti.uniri.hr\/2025\/#website"},"datePublished":"2025-05-06T11:53:01+00:00","dateModified":"2025-05-06T12:04:37+00:00","breadcrumb":{"@id":"https:\/\/festivalznanosti.uniri.hr\/2025\/vrtici-za-vrtice\/#breadcrumb"},"inLanguage":"hr","potentialAction":[{"@type":"ReadAction","target":["https:\/\/festivalznanosti.uniri.hr\/2025\/vrtici-za-vrtice\/"]}]},{"@type":"BreadcrumbList","@id":"https:\/\/festivalznanosti.uniri.hr\/2025\/vrtici-za-vrtice\/#breadcrumb","itemListElement":[{"@type":"ListItem","position":1,"name":"Po\u010detna","item":"https:\/\/festivalznanosti.uniri.hr\/2025\/"},{"@type":"ListItem","position":2,"name":"Vrti\u0107i za vrti\u0107e"}]},{"@type":"WebSite","@id":"https:\/\/festivalznanosti.uniri.hr\/2025\/#website","url":"https:\/\/festivalznanosti.uniri.hr\/2025\/","name":"Festival Znanosti, Rijeka 2025","description":"Znanost dostupna svima","publisher":{"@id":"https:\/\/festivalznanosti.uniri.hr\/2025\/#organization"},"potentialAction":[{"@type":"SearchAction","target":{"@type":"EntryPoint","urlTemplate":"https:\/\/festivalznanosti.uniri.hr\/2025\/?s={search_term_string}"},"query-input":"required name=search_term_string"}],"inLanguage":"hr"},{"@type":"Organization","@id":"https:\/\/festivalznanosti.uniri.hr\/2025\/#organization","name":"Festival znanosti Rijeka","url":"https:\/\/festivalznanosti.uniri.hr\/2025\/","logo":{"@type":"ImageObject","inLanguage":"hr","@id":"https:\/\/festivalznanosti.uniri.hr\/2025\/#\/schema\/logo\/image\/","url":"https:\/\/festivalznanosti.uniri.hr\/wp-content\/uploads\/2022\/04\/FZ_22_web-1-scaled-e1651017293590.jpg","contentUrl":"https:\/\/festivalznanosti.uniri.hr\/wp-content\/uploads\/2022\/04\/FZ_22_web-1-scaled-e1651017293590.jpg","width":210,"height":212,"caption":"Festival znanosti Rijeka"},"image":{"@id":"https:\/\/festivalznanosti.uniri.hr\/2025\/#\/schema\/logo\/image\/"}}]}},"_links":{"self":[{"href":"https:\/\/festivalznanosti.uniri.hr\/2025\/wp-json\/wp\/v2\/pages\/335"}],"collection":[{"href":"https:\/\/festivalznanosti.uniri.hr\/2025\/wp-json\/wp\/v2\/pages"}],"about":[{"href":"https:\/\/festivalznanosti.uniri.hr\/2025\/wp-json\/wp\/v2\/types\/page"}],"author":[{"embeddable":true,"href":"https:\/\/festivalznanosti.uniri.hr\/2025\/wp-json\/wp\/v2\/users\/1"}],"replies":[{"embeddable":true,"href":"https:\/\/festivalznanosti.uniri.hr\/2025\/wp-json\/wp\/v2\/comments?post=335"}],"version-history":[{"count":4,"href":"https:\/\/festivalznanosti.uniri.hr\/2025\/wp-json\/wp\/v2\/pages\/335\/revisions"}],"predecessor-version":[{"id":345,"href":"https:\/\/festivalznanosti.uniri.hr\/2025\/wp-json\/wp\/v2\/pages\/335\/revisions\/345"}],"wp:attachment":[{"href":"https:\/\/festivalznanosti.uniri.hr\/2025\/wp-json\/wp\/v2\/media?parent=335"}],"curies":[{"name":"wp","href":"https:\/\/api.w.org\/{rel}","templated":true}]}}